{"id":3531,"date":"2026-04-08T18:30:03","date_gmt":"2026-04-08T16:30:03","guid":{"rendered":"https:\/\/home-by-ideesdeco.fr\/?page_id=3531"},"modified":"2026-04-08T18:44:30","modified_gmt":"2026-04-08T16:44:30","slug":"tres-belle-maison-familiale-renovee-182-m2-habitables-5-chambres-calme-absolu-proche-centre-ville-ecoles-commerces-et-transports","status":"publish","type":"page","link":"https:\/\/home-by-ideesdeco.fr\/index.php\/tres-belle-maison-familiale-renovee-182-m2-habitables-5-chambres-calme-absolu-proche-centre-ville-ecoles-commerces-et-transports\/","title":{"rendered":"Tr\u00e8s belle maison familiale r\u00e9nov\u00e9e \u2013 182 m2 habitables \u2013 5 chambres \u2013 Calme absolu \u2013 Proche centre-ville, \u00e9coles, commerces et transports"},"content":{"rendered":"\n<figure class=\"wp-block-image size-full\"><img loading=\"lazy\" decoding=\"async\" width=\"1024\" height=\"576\" src=\"https:\/\/home-by-ideesdeco.fr\/wp-content\/uploads\/2026\/04\/1a-suite3.jpg\" alt=\"\" class=\"wp-image-3532\" srcset=\"https:\/\/home-by-ideesdeco.fr\/wp-content\/uploads\/2026\/04\/1a-suite3.jpg 1024w, https:\/\/home-by-ideesdeco.fr\/wp-content\/uploads\/2026\/04\/1a-suite3-300x169.jpg 300w, https:\/\/home-by-ideesdeco.fr\/wp-content\/uploads\/2026\/04\/1a-suite3-768x432.jpg 768w\" sizes=\"auto, (max-width: 1024px) 100vw, 1024px\" \/><\/figure>\n\n\n\n<figure class=\"wp-block-image size-large\"><img loading=\"lazy\" decoding=\"async\" width=\"1024\" height=\"725\" src=\"https:\/\/home-by-ideesdeco.fr\/wp-content\/uploads\/2026\/04\/1b-mont3-1024x725.jpg\" alt=\"\" class=\"wp-image-3533\" srcset=\"https:\/\/home-by-ideesdeco.fr\/wp-content\/uploads\/2026\/04\/1b-mont3-1024x725.jpg 1024w, https:\/\/home-by-ideesdeco.fr\/wp-content\/uploads\/2026\/04\/1b-mont3-300x212.jpg 300w, https:\/\/home-by-ideesdeco.fr\/wp-content\/uploads\/2026\/04\/1b-mont3-768x544.jpg 768w, https:\/\/home-by-ideesdeco.fr\/wp-content\/uploads\/2026\/04\/1b-mont3.jpg 1093w\" sizes=\"auto, (max-width: 1024px) 100vw, 1024px\" \/><\/figure>\n\n\n\n<figure class=\"wp-block-image size-full\"><img loading=\"lazy\" decoding=\"async\" width=\"1024\" height=\"576\" src=\"https:\/\/home-by-ideesdeco.fr\/wp-content\/uploads\/2026\/04\/2-salon1.jpg\" alt=\"\" class=\"wp-image-3534\" srcset=\"https:\/\/home-by-ideesdeco.fr\/wp-content\/uploads\/2026\/04\/2-salon1.jpg 1024w, https:\/\/home-by-ideesdeco.fr\/wp-content\/uploads\/2026\/04\/2-salon1-300x169.jpg 300w, https:\/\/home-by-ideesdeco.fr\/wp-content\/uploads\/2026\/04\/2-salon1-768x432.jpg 768w\" sizes=\"auto, (max-width: 1024px) 100vw, 1024px\" \/><\/figure>\n\n\n\n<figure class=\"wp-block-image size-full\"><img loading=\"lazy\" decoding=\"async\" width=\"1024\" height=\"576\" src=\"https:\/\/home-by-ideesdeco.fr\/wp-content\/uploads\/2026\/04\/2-salon5.jpg\" alt=\"\" class=\"wp-image-3535\" srcset=\"https:\/\/home-by-ideesdeco.fr\/wp-content\/uploads\/2026\/04\/2-salon5.jpg 1024w, https:\/\/home-by-ideesdeco.fr\/wp-content\/uploads\/2026\/04\/2-salon5-300x169.jpg 300w, https:\/\/home-by-ideesdeco.fr\/wp-content\/uploads\/2026\/04\/2-salon5-768x432.jpg 768w\" sizes=\"auto, (max-width: 1024px) 100vw, 1024px\" \/><\/figure>\n\n\n\n<figure class=\"wp-block-image size-full\"><img loading=\"lazy\" decoding=\"async\" width=\"1024\" height=\"576\" src=\"https:\/\/home-by-ideesdeco.fr\/wp-content\/uploads\/2026\/04\/3-salon2.jpg\" alt=\"\" class=\"wp-image-3536\" srcset=\"https:\/\/home-by-ideesdeco.fr\/wp-content\/uploads\/2026\/04\/3-salon2.jpg 1024w, https:\/\/home-by-ideesdeco.fr\/wp-content\/uploads\/2026\/04\/3-salon2-300x169.jpg 300w, https:\/\/home-by-ideesdeco.fr\/wp-content\/uploads\/2026\/04\/3-salon2-768x432.jpg 768w\" sizes=\"auto, (max-width: 1024px) 100vw, 1024px\" \/><\/figure>\n\n\n\n<figure class=\"wp-block-image size-full\"><img loading=\"lazy\" decoding=\"async\" width=\"1024\" height=\"576\" src=\"https:\/\/home-by-ideesdeco.fr\/wp-content\/uploads\/2026\/04\/4-salon4.jpg\" alt=\"\" class=\"wp-image-3537\" srcset=\"https:\/\/home-by-ideesdeco.fr\/wp-content\/uploads\/2026\/04\/4-salon4.jpg 1024w, https:\/\/home-by-ideesdeco.fr\/wp-content\/uploads\/2026\/04\/4-salon4-300x169.jpg 300w, https:\/\/home-by-ideesdeco.fr\/wp-content\/uploads\/2026\/04\/4-salon4-768x432.jpg 768w\" sizes=\"auto, (max-width: 1024px) 100vw, 1024px\" \/><\/figure>\n\n\n\n<figure class=\"wp-block-image size-full\"><img loading=\"lazy\" decoding=\"async\" width=\"1024\" height=\"576\" src=\"https:\/\/home-by-ideesdeco.fr\/wp-content\/uploads\/2026\/04\/5-salon3.jpg\" alt=\"\" class=\"wp-image-3538\" srcset=\"https:\/\/home-by-ideesdeco.fr\/wp-content\/uploads\/2026\/04\/5-salon3.jpg 1024w, https:\/\/home-by-ideesdeco.fr\/wp-content\/uploads\/2026\/04\/5-salon3-300x169.jpg 300w, https:\/\/home-by-ideesdeco.fr\/wp-content\/uploads\/2026\/04\/5-salon3-768x432.jpg 768w\" sizes=\"auto, (max-width: 1024px) 100vw, 1024px\" \/><\/figure>\n\n\n\n<figure class=\"wp-block-image size-full\"><img loading=\"lazy\" decoding=\"async\" width=\"1024\" height=\"576\" src=\"https:\/\/home-by-ideesdeco.fr\/wp-content\/uploads\/2026\/04\/7-cuisine.jpg\" alt=\"\" class=\"wp-image-3540\" srcset=\"https:\/\/home-by-ideesdeco.fr\/wp-content\/uploads\/2026\/04\/7-cuisine.jpg 1024w, https:\/\/home-by-ideesdeco.fr\/wp-content\/uploads\/2026\/04\/7-cuisine-300x169.jpg 300w, https:\/\/home-by-ideesdeco.fr\/wp-content\/uploads\/2026\/04\/7-cuisine-768x432.jpg 768w\" sizes=\"auto, (max-width: 1024px) 100vw, 1024px\" \/><\/figure>\n\n\n\n<figure class=\"wp-block-image size-full\"><img loading=\"lazy\" decoding=\"async\" width=\"1024\" height=\"576\" src=\"https:\/\/home-by-ideesdeco.fr\/wp-content\/uploads\/2026\/04\/8-entre-etage.jpg\" alt=\"\" class=\"wp-image-3541\" srcset=\"https:\/\/home-by-ideesdeco.fr\/wp-content\/uploads\/2026\/04\/8-entre-etage.jpg 1024w, https:\/\/home-by-ideesdeco.fr\/wp-content\/uploads\/2026\/04\/8-entre-etage-300x169.jpg 300w, https:\/\/home-by-ideesdeco.fr\/wp-content\/uploads\/2026\/04\/8-entre-etage-768x432.jpg 768w\" sizes=\"auto, (max-width: 1024px) 100vw, 1024px\" \/><\/figure>\n\n\n\n<figure class=\"wp-block-image size-full\"><img loading=\"lazy\" decoding=\"async\" width=\"1024\" height=\"576\" src=\"https:\/\/home-by-ideesdeco.fr\/wp-content\/uploads\/2026\/04\/9-ch2.jpg\" alt=\"\" class=\"wp-image-3542\" srcset=\"https:\/\/home-by-ideesdeco.fr\/wp-content\/uploads\/2026\/04\/9-ch2.jpg 1024w, https:\/\/home-by-ideesdeco.fr\/wp-content\/uploads\/2026\/04\/9-ch2-300x169.jpg 300w, https:\/\/home-by-ideesdeco.fr\/wp-content\/uploads\/2026\/04\/9-ch2-768x432.jpg 768w\" sizes=\"auto, (max-width: 1024px) 100vw, 1024px\" \/><\/figure>\n\n\n\n<figure class=\"wp-block-image size-large\"><img loading=\"lazy\" decoding=\"async\" width=\"1024\" height=\"585\" src=\"https:\/\/home-by-ideesdeco.fr\/wp-content\/uploads\/2026\/04\/10-ch1-v-1024x585.jpg\" alt=\"\" class=\"wp-image-3543\" srcset=\"https:\/\/home-by-ideesdeco.fr\/wp-content\/uploads\/2026\/04\/10-ch1-v-1024x585.jpg 1024w, https:\/\/home-by-ideesdeco.fr\/wp-content\/uploads\/2026\/04\/10-ch1-v-300x171.jpg 300w, https:\/\/home-by-ideesdeco.fr\/wp-content\/uploads\/2026\/04\/10-ch1-v-768x439.jpg 768w, https:\/\/home-by-ideesdeco.fr\/wp-content\/uploads\/2026\/04\/10-ch1-v.jpg 1344w\" sizes=\"auto, (max-width: 1024px) 100vw, 1024px\" \/><\/figure>\n\n\n\n<figure class=\"wp-block-image size-full\"><img loading=\"lazy\" decoding=\"async\" width=\"1024\" height=\"576\" src=\"https:\/\/home-by-ideesdeco.fr\/wp-content\/uploads\/2026\/04\/11-sdb1.jpg\" alt=\"\" class=\"wp-image-3544\" srcset=\"https:\/\/home-by-ideesdeco.fr\/wp-content\/uploads\/2026\/04\/11-sdb1.jpg 1024w, https:\/\/home-by-ideesdeco.fr\/wp-content\/uploads\/2026\/04\/11-sdb1-300x169.jpg 300w, https:\/\/home-by-ideesdeco.fr\/wp-content\/uploads\/2026\/04\/11-sdb1-768x432.jpg 768w\" sizes=\"auto, (max-width: 1024px) 100vw, 1024px\" \/><\/figure>\n\n\n\n<figure class=\"wp-block-image size-full\"><img loading=\"lazy\" decoding=\"async\" width=\"1024\" height=\"576\" src=\"https:\/\/home-by-ideesdeco.fr\/wp-content\/uploads\/2026\/04\/12-ch4.jpg\" alt=\"\" class=\"wp-image-3545\" srcset=\"https:\/\/home-by-ideesdeco.fr\/wp-content\/uploads\/2026\/04\/12-ch4.jpg 1024w, https:\/\/home-by-ideesdeco.fr\/wp-content\/uploads\/2026\/04\/12-ch4-300x169.jpg 300w, https:\/\/home-by-ideesdeco.fr\/wp-content\/uploads\/2026\/04\/12-ch4-768x432.jpg 768w\" sizes=\"auto, (max-width: 1024px) 100vw, 1024px\" \/><\/figure>\n\n\n\n<figure class=\"wp-block-image size-full\"><img loading=\"lazy\" decoding=\"async\" width=\"1024\" height=\"576\" src=\"https:\/\/home-by-ideesdeco.fr\/wp-content\/uploads\/2026\/04\/14b-sdb.jpg\" alt=\"\" class=\"wp-image-3548\" srcset=\"https:\/\/home-by-ideesdeco.fr\/wp-content\/uploads\/2026\/04\/14b-sdb.jpg 1024w, https:\/\/home-by-ideesdeco.fr\/wp-content\/uploads\/2026\/04\/14b-sdb-300x169.jpg 300w, https:\/\/home-by-ideesdeco.fr\/wp-content\/uploads\/2026\/04\/14b-sdb-768x432.jpg 768w\" sizes=\"auto, (max-width: 1024px) 100vw, 1024px\" \/><\/figure>\n\n\n\n<figure class=\"wp-block-image size-full\"><img loading=\"lazy\" decoding=\"async\" width=\"1024\" height=\"576\" src=\"https:\/\/home-by-ideesdeco.fr\/wp-content\/uploads\/2026\/04\/15-suite4.jpg\" alt=\"\" class=\"wp-image-3549\" srcset=\"https:\/\/home-by-ideesdeco.fr\/wp-content\/uploads\/2026\/04\/15-suite4.jpg 1024w, https:\/\/home-by-ideesdeco.fr\/wp-content\/uploads\/2026\/04\/15-suite4-300x169.jpg 300w, https:\/\/home-by-ideesdeco.fr\/wp-content\/uploads\/2026\/04\/15-suite4-768x432.jpg 768w\" sizes=\"auto, (max-width: 1024px) 100vw, 1024px\" \/><\/figure>\n\n\n\n<figure class=\"wp-block-image size-full\"><img loading=\"lazy\" decoding=\"async\" width=\"1024\" height=\"576\" src=\"https:\/\/home-by-ideesdeco.fr\/wp-content\/uploads\/2026\/04\/16-suite.jpg\" alt=\"\" class=\"wp-image-3550\" srcset=\"https:\/\/home-by-ideesdeco.fr\/wp-content\/uploads\/2026\/04\/16-suite.jpg 1024w, https:\/\/home-by-ideesdeco.fr\/wp-content\/uploads\/2026\/04\/16-suite-300x169.jpg 300w, https:\/\/home-by-ideesdeco.fr\/wp-content\/uploads\/2026\/04\/16-suite-768x432.jpg 768w\" sizes=\"auto, (max-width: 1024px) 100vw, 1024px\" \/><\/figure>\n\n\n\n<figure class=\"wp-block-image size-full\"><img loading=\"lazy\" decoding=\"async\" width=\"1024\" height=\"576\" src=\"https:\/\/home-by-ideesdeco.fr\/wp-content\/uploads\/2026\/04\/17-suite1.jpg\" alt=\"\" class=\"wp-image-3551\" srcset=\"https:\/\/home-by-ideesdeco.fr\/wp-content\/uploads\/2026\/04\/17-suite1.jpg 1024w, https:\/\/home-by-ideesdeco.fr\/wp-content\/uploads\/2026\/04\/17-suite1-300x169.jpg 300w, https:\/\/home-by-ideesdeco.fr\/wp-content\/uploads\/2026\/04\/17-suite1-768x432.jpg 768w\" sizes=\"auto, (max-width: 1024px) 100vw, 1024px\" \/><\/figure>\n\n\n\n<figure class=\"wp-block-image size-full\"><img loading=\"lazy\" decoding=\"async\" width=\"1024\" height=\"576\" src=\"https:\/\/home-by-ideesdeco.fr\/wp-content\/uploads\/2026\/04\/18-suite2.jpg\" alt=\"\" class=\"wp-image-3552\" srcset=\"https:\/\/home-by-ideesdeco.fr\/wp-content\/uploads\/2026\/04\/18-suite2.jpg 1024w, https:\/\/home-by-ideesdeco.fr\/wp-content\/uploads\/2026\/04\/18-suite2-300x169.jpg 300w, https:\/\/home-by-ideesdeco.fr\/wp-content\/uploads\/2026\/04\/18-suite2-768x432.jpg 768w\" sizes=\"auto, (max-width: 1024px) 100vw, 1024px\" \/><\/figure>\n\n\n\n<figure class=\"wp-block-image size-large\"><img loading=\"lazy\" decoding=\"async\" width=\"1024\" height=\"585\" src=\"https:\/\/home-by-ideesdeco.fr\/wp-content\/uploads\/2026\/04\/19-sdb-suite1-v-1024x585.jpg\" alt=\"\" class=\"wp-image-3553\" srcset=\"https:\/\/home-by-ideesdeco.fr\/wp-content\/uploads\/2026\/04\/19-sdb-suite1-v-1024x585.jpg 1024w, https:\/\/home-by-ideesdeco.fr\/wp-content\/uploads\/2026\/04\/19-sdb-suite1-v-300x171.jpg 300w, https:\/\/home-by-ideesdeco.fr\/wp-content\/uploads\/2026\/04\/19-sdb-suite1-v-768x439.jpg 768w, https:\/\/home-by-ideesdeco.fr\/wp-content\/uploads\/2026\/04\/19-sdb-suite1-v.jpg 1344w\" sizes=\"auto, (max-width: 1024px) 100vw, 1024px\" \/><\/figure>\n\n\n\n<figure class=\"wp-block-image size-large\"><img loading=\"lazy\" decoding=\"async\" width=\"1024\" height=\"585\" src=\"https:\/\/home-by-ideesdeco.fr\/wp-content\/uploads\/2026\/04\/20-sdb-suite2-1024x585.jpg\" alt=\"\" class=\"wp-image-3554\" srcset=\"https:\/\/home-by-ideesdeco.fr\/wp-content\/uploads\/2026\/04\/20-sdb-suite2-1024x585.jpg 1024w, https:\/\/home-by-ideesdeco.fr\/wp-content\/uploads\/2026\/04\/20-sdb-suite2-300x171.jpg 300w, https:\/\/home-by-ideesdeco.fr\/wp-content\/uploads\/2026\/04\/20-sdb-suite2-768x439.jpg 768w, https:\/\/home-by-ideesdeco.fr\/wp-content\/uploads\/2026\/04\/20-sdb-suite2.jpg 1344w\" sizes=\"auto, (max-width: 1024px) 100vw, 1024px\" \/><\/figure>\n\n\n\n<figure class=\"wp-block-image size-full\"><img loading=\"lazy\" decoding=\"async\" width=\"1024\" height=\"576\" src=\"https:\/\/home-by-ideesdeco.fr\/wp-content\/uploads\/2026\/04\/21-dressing.jpg\" alt=\"\" class=\"wp-image-3555\" srcset=\"https:\/\/home-by-ideesdeco.fr\/wp-content\/uploads\/2026\/04\/21-dressing.jpg 1024w, https:\/\/home-by-ideesdeco.fr\/wp-content\/uploads\/2026\/04\/21-dressing-300x169.jpg 300w, https:\/\/home-by-ideesdeco.fr\/wp-content\/uploads\/2026\/04\/21-dressing-768x432.jpg 768w\" sizes=\"auto, (max-width: 1024px) 100vw, 1024px\" \/><\/figure>\n\n\n\n<figure class=\"wp-block-image size-large\"><img loading=\"lazy\" decoding=\"async\" width=\"1024\" height=\"585\" src=\"https:\/\/home-by-ideesdeco.fr\/wp-content\/uploads\/2026\/04\/22-salon-jardin-1-1024x585.jpg\" alt=\"\" class=\"wp-image-3556\" srcset=\"https:\/\/home-by-ideesdeco.fr\/wp-content\/uploads\/2026\/04\/22-salon-jardin-1-1024x585.jpg 1024w, https:\/\/home-by-ideesdeco.fr\/wp-content\/uploads\/2026\/04\/22-salon-jardin-1-300x171.jpg 300w, https:\/\/home-by-ideesdeco.fr\/wp-content\/uploads\/2026\/04\/22-salon-jardin-1-768x439.jpg 768w, https:\/\/home-by-ideesdeco.fr\/wp-content\/uploads\/2026\/04\/22-salon-jardin-1.jpg 1344w\" sizes=\"auto, (max-width: 1024px) 100vw, 1024px\" \/><\/figure>\n\n\n\n<figure class=\"wp-block-image size-full\"><img loading=\"lazy\" decoding=\"async\" width=\"1024\" height=\"576\" src=\"https:\/\/home-by-ideesdeco.fr\/wp-content\/uploads\/2026\/04\/23-facade.jpg\" alt=\"\" class=\"wp-image-3557\" srcset=\"https:\/\/home-by-ideesdeco.fr\/wp-content\/uploads\/2026\/04\/23-facade.jpg 1024w, https:\/\/home-by-ideesdeco.fr\/wp-content\/uploads\/2026\/04\/23-facade-300x169.jpg 300w, https:\/\/home-by-ideesdeco.fr\/wp-content\/uploads\/2026\/04\/23-facade-768x432.jpg 768w\" sizes=\"auto, (max-width: 1024px) 100vw, 1024px\" \/><\/figure>\n\n\n\n<p>Tr\u00e8s belle maison familiale r\u00e9nov\u00e9e \u2013 182 m2 habitables \u2013 5 chambres \u2013 Calme absolu \u2013 Proche centre-ville, \u00e9coles, commerces et transports<\/p>\n\n\n\n<p>D\u00e9couvrez cette superbe maison familiale enti\u00e8rement r\u00e9nov\u00e9e, offrant 182 m2 habitables et plus de 220 m2 de surface utile, id\u00e9alement situ\u00e9e dans une r\u00e9sidence au calme, \u00e0 seulement 15 minutes \u00e0 pied du centre-ville.<\/p>\n\n\n\n<p>Des volumes exceptionnels et une r\u00e9novation de qualit\u00e9<\/p>\n\n\n\n<p>Cette propri\u00e9t\u00e9 s\u00e9duit imm\u00e9diatement par ses tr\u00e8s beaux volumes et sa d\u00e9coration soign\u00e9e. R\u00e9partie sur 3 niveaux, elle propose des espaces lumineux et parfaitement optimis\u00e9s :<\/p>\n\n\n\n<p>Un vaste salon de 50 m2, id\u00e9al pour recevoir<br>Une cuisine moderne enti\u00e8rement r\u00e9nov\u00e9e en 2025, fonctionnelle et conviviale<br>Une orientation sud-est, garantissant une belle luminosit\u00e9 tout au long de la journ\u00e9e<\/p>\n\n\n\n<p>Un espace nuit confortable et bien pens\u00e9<\/p>\n\n\n\n<p>La maison dispose de 5 chambres spacieuses, parfaitement adapt\u00e9es \u00e0 une vie de famille :<\/p>\n\n\n\n<p>Chambres de 20 m2 avec dressing, 16 m2, 12 m2 et 12 m2 au premier \u00e9tage avec 2 salles de bains<br>Une suite parentale de 17 m2 avec dressing ind\u00e9pendant, avec sa salle de bain et son hammam v\u00e9ritable espace bien-\u00eatre<\/p>\n\n\n\n<p>Praticit\u00e9 et localisation id\u00e9ale<\/p>\n\n\n\n<p>Garage privatif et deux places de parking devant la maison<br>Acc\u00e8s rapide aux autoroutes A13 et A14<br>Proximit\u00e9 imm\u00e9diate des transports en commun (bus)<br>\u00c0 proximit\u00e9 des \u00e9coles renomm\u00e9es, dont Notre Dame les Oiseaux<\/p>\n\n\n\n<p>Un cadre de vie recherch\u00e9<\/p>\n\n\n\n<p>Situ\u00e9e dans un environnement r\u00e9sidentiel paisible, cette maison offre un \u00e9quilibre parfait entre calme, confort et accessibilit\u00e9.<\/p>\n\n\n\n<p>Id\u00e9al pour une famille \u00e0 la recherche d\u2019un bien cl\u00e9 en main, alliant espace, modernit\u00e9 et emplacement strat\u00e9gique.<\/p>\n\n\n\n<p>\ud83d\udcde Contactez-nous d\u00e8s maintenant pour organiser une visite et d\u00e9couvrir ce bien d\u2019exception.<\/p>\n\n\n\n<p>735 k\u20ac<\/p>\n","protected":false},"excerpt":{"rendered":"<p>Tr\u00e8s belle maison familiale r\u00e9nov\u00e9e \u2013 182 m2 habitables \u2013 5 chambres \u2013 Calme absolu \u2013 Proche centre-ville, \u00e9coles, commerces et transports D\u00e9couvrez cette superbe maison familiale enti\u00e8rement r\u00e9nov\u00e9e, offrant [&hellip;]<\/p>\n","protected":false},"author":1,"featured_media":0,"parent":0,"menu_order":0,"comment_status":"closed","ping_status":"closed","template":"","meta":{"footnotes":""},"class_list":["post-3531","page","type-page","status-publish","hentry"],"_links":{"self":[{"href":"https:\/\/home-by-ideesdeco.fr\/index.php\/wp-json\/wp\/v2\/pages\/3531","targetHints":{"allow":["GET"]}}],"collection":[{"href":"https:\/\/home-by-ideesdeco.fr\/index.php\/wp-json\/wp\/v2\/pages"}],"about":[{"href":"https:\/\/home-by-ideesdeco.fr\/index.php\/wp-json\/wp\/v2\/types\/page"}],"author":[{"embeddable":true,"href":"https:\/\/home-by-ideesdeco.fr\/index.php\/wp-json\/wp\/v2\/users\/1"}],"replies":[{"embeddable":true,"href":"https:\/\/home-by-ideesdeco.fr\/index.php\/wp-json\/wp\/v2\/comments?post=3531"}],"version-history":[{"count":4,"href":"https:\/\/home-by-ideesdeco.fr\/index.php\/wp-json\/wp\/v2\/pages\/3531\/revisions"}],"predecessor-version":[{"id":3565,"href":"https:\/\/home-by-ideesdeco.fr\/index.php\/wp-json\/wp\/v2\/pages\/3531\/revisions\/3565"}],"wp:attachment":[{"href":"https:\/\/home-by-ideesdeco.fr\/index.php\/wp-json\/wp\/v2\/media?parent=3531"}],"curies":[{"name":"wp","href":"https:\/\/api.w.org\/{rel}","templated":true}]}}