{"id":3276,"date":"2026-01-31T20:00:21","date_gmt":"2026-01-31T19:00:21","guid":{"rendered":"https:\/\/home-by-ideesdeco.fr\/?page_id=3276"},"modified":"2026-02-01T10:09:12","modified_gmt":"2026-02-01T09:09:12","slug":"elegante-maison-de-caractere-renovee-verneuil-sur-seine-centre-730-ke","status":"publish","type":"page","link":"https:\/\/home-by-ideesdeco.fr\/index.php\/elegante-maison-de-caractere-renovee-verneuil-sur-seine-centre-730-ke\/","title":{"rendered":"\u00c9l\u00e9gante maison de caract\u00e8re r\u00e9nov\u00e9e \u2013 Verneuil-sur-Seine centre &#8211; 730 k\u20ac"},"content":{"rendered":"\n<figure class=\"wp-block-image size-full\"><img loading=\"lazy\" decoding=\"async\" width=\"1024\" height=\"768\" src=\"https:\/\/home-by-ideesdeco.fr\/wp-content\/uploads\/2026\/01\/facade2.jpg\" alt=\"\" class=\"wp-image-3278\" srcset=\"https:\/\/home-by-ideesdeco.fr\/wp-content\/uploads\/2026\/01\/facade2.jpg 1024w, https:\/\/home-by-ideesdeco.fr\/wp-content\/uploads\/2026\/01\/facade2-300x225.jpg 300w, https:\/\/home-by-ideesdeco.fr\/wp-content\/uploads\/2026\/01\/facade2-768x576.jpg 768w, https:\/\/home-by-ideesdeco.fr\/wp-content\/uploads\/2026\/01\/facade2-400x300.jpg 400w, https:\/\/home-by-ideesdeco.fr\/wp-content\/uploads\/2026\/01\/facade2-800x600.jpg 800w\" sizes=\"auto, (max-width: 1024px) 100vw, 1024px\" \/><\/figure>\n\n\n\n<figure class=\"wp-block-image size-full\"><img loading=\"lazy\" decoding=\"async\" width=\"1024\" height=\"576\" src=\"https:\/\/home-by-ideesdeco.fr\/wp-content\/uploads\/2026\/01\/salon.jpg\" alt=\"\" class=\"wp-image-3279\" srcset=\"https:\/\/home-by-ideesdeco.fr\/wp-content\/uploads\/2026\/01\/salon.jpg 1024w, https:\/\/home-by-ideesdeco.fr\/wp-content\/uploads\/2026\/01\/salon-300x169.jpg 300w, https:\/\/home-by-ideesdeco.fr\/wp-content\/uploads\/2026\/01\/salon-768x432.jpg 768w\" sizes=\"auto, (max-width: 1024px) 100vw, 1024px\" \/><\/figure>\n\n\n\n<figure class=\"wp-block-image size-full\"><img loading=\"lazy\" decoding=\"async\" width=\"1024\" height=\"576\" src=\"https:\/\/home-by-ideesdeco.fr\/wp-content\/uploads\/2026\/01\/sam.jpg\" alt=\"\" class=\"wp-image-3280\" srcset=\"https:\/\/home-by-ideesdeco.fr\/wp-content\/uploads\/2026\/01\/sam.jpg 1024w, https:\/\/home-by-ideesdeco.fr\/wp-content\/uploads\/2026\/01\/sam-300x169.jpg 300w, https:\/\/home-by-ideesdeco.fr\/wp-content\/uploads\/2026\/01\/sam-768x432.jpg 768w\" sizes=\"auto, (max-width: 1024px) 100vw, 1024px\" \/><\/figure>\n\n\n\n<figure class=\"wp-block-image size-full\"><img loading=\"lazy\" decoding=\"async\" width=\"1024\" height=\"576\" src=\"https:\/\/home-by-ideesdeco.fr\/wp-content\/uploads\/2026\/01\/sam2.jpg\" alt=\"\" class=\"wp-image-3282\" srcset=\"https:\/\/home-by-ideesdeco.fr\/wp-content\/uploads\/2026\/01\/sam2.jpg 1024w, https:\/\/home-by-ideesdeco.fr\/wp-content\/uploads\/2026\/01\/sam2-300x169.jpg 300w, https:\/\/home-by-ideesdeco.fr\/wp-content\/uploads\/2026\/01\/sam2-768x432.jpg 768w\" sizes=\"auto, (max-width: 1024px) 100vw, 1024px\" \/><\/figure>\n\n\n\n<figure class=\"wp-block-image size-full\"><img loading=\"lazy\" decoding=\"async\" width=\"1024\" height=\"576\" src=\"https:\/\/home-by-ideesdeco.fr\/wp-content\/uploads\/2026\/01\/cuisine.jpg\" alt=\"\" class=\"wp-image-3283\" srcset=\"https:\/\/home-by-ideesdeco.fr\/wp-content\/uploads\/2026\/01\/cuisine.jpg 1024w, https:\/\/home-by-ideesdeco.fr\/wp-content\/uploads\/2026\/01\/cuisine-300x169.jpg 300w, https:\/\/home-by-ideesdeco.fr\/wp-content\/uploads\/2026\/01\/cuisine-768x432.jpg 768w\" sizes=\"auto, (max-width: 1024px) 100vw, 1024px\" \/><\/figure>\n\n\n\n<figure class=\"wp-block-image size-full\"><img loading=\"lazy\" decoding=\"async\" width=\"1024\" height=\"576\" src=\"https:\/\/home-by-ideesdeco.fr\/wp-content\/uploads\/2026\/01\/chambre5.jpg\" alt=\"\" class=\"wp-image-3284\" srcset=\"https:\/\/home-by-ideesdeco.fr\/wp-content\/uploads\/2026\/01\/chambre5.jpg 1024w, https:\/\/home-by-ideesdeco.fr\/wp-content\/uploads\/2026\/01\/chambre5-300x169.jpg 300w, https:\/\/home-by-ideesdeco.fr\/wp-content\/uploads\/2026\/01\/chambre5-768x432.jpg 768w\" sizes=\"auto, (max-width: 1024px) 100vw, 1024px\" \/><\/figure>\n\n\n\n<figure class=\"wp-block-image size-full\"><img loading=\"lazy\" decoding=\"async\" width=\"1024\" height=\"576\" src=\"https:\/\/home-by-ideesdeco.fr\/wp-content\/uploads\/2026\/01\/sdb-1.jpg\" alt=\"\" class=\"wp-image-3287\" srcset=\"https:\/\/home-by-ideesdeco.fr\/wp-content\/uploads\/2026\/01\/sdb-1.jpg 1024w, https:\/\/home-by-ideesdeco.fr\/wp-content\/uploads\/2026\/01\/sdb-1-300x169.jpg 300w, https:\/\/home-by-ideesdeco.fr\/wp-content\/uploads\/2026\/01\/sdb-1-768x432.jpg 768w\" sizes=\"auto, (max-width: 1024px) 100vw, 1024px\" \/><\/figure>\n\n\n\n<figure class=\"wp-block-image size-full\"><img loading=\"lazy\" decoding=\"async\" width=\"1024\" height=\"576\" src=\"https:\/\/home-by-ideesdeco.fr\/wp-content\/uploads\/2026\/01\/chambre1.jpg\" alt=\"\" class=\"wp-image-3289\" srcset=\"https:\/\/home-by-ideesdeco.fr\/wp-content\/uploads\/2026\/01\/chambre1.jpg 1024w, https:\/\/home-by-ideesdeco.fr\/wp-content\/uploads\/2026\/01\/chambre1-300x169.jpg 300w, https:\/\/home-by-ideesdeco.fr\/wp-content\/uploads\/2026\/01\/chambre1-768x432.jpg 768w\" sizes=\"auto, (max-width: 1024px) 100vw, 1024px\" \/><\/figure>\n\n\n\n<figure class=\"wp-block-image size-full\"><img loading=\"lazy\" decoding=\"async\" width=\"1024\" height=\"576\" src=\"https:\/\/home-by-ideesdeco.fr\/wp-content\/uploads\/2026\/01\/chambre2.jpg\" alt=\"\" class=\"wp-image-3290\" srcset=\"https:\/\/home-by-ideesdeco.fr\/wp-content\/uploads\/2026\/01\/chambre2.jpg 1024w, https:\/\/home-by-ideesdeco.fr\/wp-content\/uploads\/2026\/01\/chambre2-300x169.jpg 300w, https:\/\/home-by-ideesdeco.fr\/wp-content\/uploads\/2026\/01\/chambre2-768x432.jpg 768w\" sizes=\"auto, (max-width: 1024px) 100vw, 1024px\" \/><\/figure>\n\n\n\n<figure class=\"wp-block-image size-full\"><img loading=\"lazy\" decoding=\"async\" width=\"1024\" height=\"576\" src=\"https:\/\/home-by-ideesdeco.fr\/wp-content\/uploads\/2026\/01\/chambre4.jpg\" alt=\"\" class=\"wp-image-3291\" srcset=\"https:\/\/home-by-ideesdeco.fr\/wp-content\/uploads\/2026\/01\/chambre4.jpg 1024w, https:\/\/home-by-ideesdeco.fr\/wp-content\/uploads\/2026\/01\/chambre4-300x169.jpg 300w, https:\/\/home-by-ideesdeco.fr\/wp-content\/uploads\/2026\/01\/chambre4-768x432.jpg 768w\" sizes=\"auto, (max-width: 1024px) 100vw, 1024px\" \/><\/figure>\n\n\n\n<figure class=\"wp-block-image size-full\"><img loading=\"lazy\" decoding=\"async\" width=\"1024\" height=\"576\" src=\"https:\/\/home-by-ideesdeco.fr\/wp-content\/uploads\/2026\/01\/chambre3.jpg\" alt=\"\" class=\"wp-image-3292\" srcset=\"https:\/\/home-by-ideesdeco.fr\/wp-content\/uploads\/2026\/01\/chambre3.jpg 1024w, https:\/\/home-by-ideesdeco.fr\/wp-content\/uploads\/2026\/01\/chambre3-300x169.jpg 300w, https:\/\/home-by-ideesdeco.fr\/wp-content\/uploads\/2026\/01\/chambre3-768x432.jpg 768w\" sizes=\"auto, (max-width: 1024px) 100vw, 1024px\" \/><\/figure>\n\n\n\n<figure class=\"wp-block-image size-full\"><img loading=\"lazy\" decoding=\"async\" width=\"1024\" height=\"576\" src=\"https:\/\/home-by-ideesdeco.fr\/wp-content\/uploads\/2026\/01\/sdb-p1.jpg\" alt=\"\" class=\"wp-image-3285\" srcset=\"https:\/\/home-by-ideesdeco.fr\/wp-content\/uploads\/2026\/01\/sdb-p1.jpg 1024w, https:\/\/home-by-ideesdeco.fr\/wp-content\/uploads\/2026\/01\/sdb-p1-300x169.jpg 300w, https:\/\/home-by-ideesdeco.fr\/wp-content\/uploads\/2026\/01\/sdb-p1-768x432.jpg 768w\" sizes=\"auto, (max-width: 1024px) 100vw, 1024px\" \/><\/figure>\n\n\n\n<figure class=\"wp-block-image size-full\"><img loading=\"lazy\" decoding=\"async\" width=\"1024\" height=\"576\" src=\"https:\/\/home-by-ideesdeco.fr\/wp-content\/uploads\/2026\/01\/sdb-p2.jpg\" alt=\"\" class=\"wp-image-3286\" srcset=\"https:\/\/home-by-ideesdeco.fr\/wp-content\/uploads\/2026\/01\/sdb-p2.jpg 1024w, https:\/\/home-by-ideesdeco.fr\/wp-content\/uploads\/2026\/01\/sdb-p2-300x169.jpg 300w, https:\/\/home-by-ideesdeco.fr\/wp-content\/uploads\/2026\/01\/sdb-p2-768x432.jpg 768w\" sizes=\"auto, (max-width: 1024px) 100vw, 1024px\" \/><\/figure>\n\n\n\n<figure class=\"wp-block-image size-full\"><img loading=\"lazy\" decoding=\"async\" width=\"1024\" height=\"576\" src=\"https:\/\/home-by-ideesdeco.fr\/wp-content\/uploads\/2026\/01\/sdb-p.jpg\" alt=\"\" class=\"wp-image-3288\" srcset=\"https:\/\/home-by-ideesdeco.fr\/wp-content\/uploads\/2026\/01\/sdb-p.jpg 1024w, https:\/\/home-by-ideesdeco.fr\/wp-content\/uploads\/2026\/01\/sdb-p-300x169.jpg 300w, https:\/\/home-by-ideesdeco.fr\/wp-content\/uploads\/2026\/01\/sdb-p-768x432.jpg 768w\" sizes=\"auto, (max-width: 1024px) 100vw, 1024px\" \/><\/figure>\n\n\n\n<figure class=\"wp-block-image size-full\"><img loading=\"lazy\" decoding=\"async\" width=\"1024\" height=\"576\" src=\"https:\/\/home-by-ideesdeco.fr\/wp-content\/uploads\/2026\/01\/entree.jpg\" alt=\"\" class=\"wp-image-3293\" srcset=\"https:\/\/home-by-ideesdeco.fr\/wp-content\/uploads\/2026\/01\/entree.jpg 1024w, https:\/\/home-by-ideesdeco.fr\/wp-content\/uploads\/2026\/01\/entree-300x169.jpg 300w, https:\/\/home-by-ideesdeco.fr\/wp-content\/uploads\/2026\/01\/entree-768x432.jpg 768w\" sizes=\"auto, (max-width: 1024px) 100vw, 1024px\" \/><\/figure>\n\n\n\n<figure class=\"wp-block-image size-full\"><img loading=\"lazy\" decoding=\"async\" width=\"1024\" height=\"768\" src=\"https:\/\/home-by-ideesdeco.fr\/wp-content\/uploads\/2026\/01\/facade.jpg\" alt=\"\" class=\"wp-image-3294\" srcset=\"https:\/\/home-by-ideesdeco.fr\/wp-content\/uploads\/2026\/01\/facade.jpg 1024w, https:\/\/home-by-ideesdeco.fr\/wp-content\/uploads\/2026\/01\/facade-300x225.jpg 300w, https:\/\/home-by-ideesdeco.fr\/wp-content\/uploads\/2026\/01\/facade-768x576.jpg 768w, https:\/\/home-by-ideesdeco.fr\/wp-content\/uploads\/2026\/01\/facade-400x300.jpg 400w, https:\/\/home-by-ideesdeco.fr\/wp-content\/uploads\/2026\/01\/facade-800x600.jpg 800w\" sizes=\"auto, (max-width: 1024px) 100vw, 1024px\" \/><\/figure>\n\n\n\n<figure class=\"wp-block-image size-full\"><img loading=\"lazy\" decoding=\"async\" width=\"1024\" height=\"768\" src=\"https:\/\/home-by-ideesdeco.fr\/wp-content\/uploads\/2026\/01\/facade1.jpg\" alt=\"\" class=\"wp-image-3295\" srcset=\"https:\/\/home-by-ideesdeco.fr\/wp-content\/uploads\/2026\/01\/facade1.jpg 1024w, https:\/\/home-by-ideesdeco.fr\/wp-content\/uploads\/2026\/01\/facade1-300x225.jpg 300w, https:\/\/home-by-ideesdeco.fr\/wp-content\/uploads\/2026\/01\/facade1-768x576.jpg 768w, https:\/\/home-by-ideesdeco.fr\/wp-content\/uploads\/2026\/01\/facade1-400x300.jpg 400w, https:\/\/home-by-ideesdeco.fr\/wp-content\/uploads\/2026\/01\/facade1-800x600.jpg 800w\" sizes=\"auto, (max-width: 1024px) 100vw, 1024px\" \/><\/figure>\n\n\n\n<figure class=\"wp-block-image size-full\"><img loading=\"lazy\" decoding=\"async\" width=\"747\" height=\"1024\" src=\"https:\/\/home-by-ideesdeco.fr\/wp-content\/uploads\/2026\/01\/facade-h.jpg\" alt=\"\" class=\"wp-image-3296\" srcset=\"https:\/\/home-by-ideesdeco.fr\/wp-content\/uploads\/2026\/01\/facade-h.jpg 747w, https:\/\/home-by-ideesdeco.fr\/wp-content\/uploads\/2026\/01\/facade-h-219x300.jpg 219w\" sizes=\"auto, (max-width: 747px) 100vw, 747px\" \/><\/figure>\n\n\n\n<p>\u00c9l\u00e9gante maison de caract\u00e8re r\u00e9nov\u00e9e \u2013 Verneuil-sur-Seine centre<\/p>\n\n\n\n<p>Situ\u00e9e dans l\u2019un des <strong>secteurs les plus recherch\u00e9s de Verneuil-sur-Seine<\/strong>, \u00e0 quelques pas du centre-ville, des commerces, de la gare et de l\u2019\u00e9cole Notre-Dame les Oiseaux, cette maison de caract\u00e8re des ann\u00e9es 1930, enti\u00e8rement r\u00e9nov\u00e9e, s\u00e9duira les amateurs de charme et de confort.<\/p>\n\n\n\n<p>D\u00e9veloppant 1<strong>51 m\u00b2 habitables<\/strong>, elle propose des volumes lumineux et harmonieux, avec <strong>4 chambres<\/strong>, dont une suite parentale avec salle de bain privative, ainsi qu\u2019une seconde salle de bain.<br>Un <strong>sous-sol total <\/strong>compl\u00e8te l\u2019ensemble.<\/p>\n\n\n\n<p>\u00c9difi\u00e9e sur une <strong>parcelle arbor\u00e9e de 650 m\u00b2<\/strong>, la propri\u00e9t\u00e9 dispose d\u2019un <strong>garage de 36 m\u00b2 avec fen\u00eatres<\/strong>, offrant un <strong>potentiel d\u2019am\u00e9nagement en studio ind\u00e9pendant<\/strong>, ainsi que la possibilit\u00e9 de stationner jusqu\u2019\u00e0 3 v\u00e9hicules.<\/p>\n\n\n\n<p>Acc\u00e8s rapide A13 et A14, environnement r\u00e9sidentiel calme et recherch\u00e9.<br><strong>Une maison familiale rare, alliant cachet de l\u2019ancien et prestations contemporaines.<\/strong><\/p>\n","protected":false},"excerpt":{"rendered":"<p>\u00c9l\u00e9gante maison de caract\u00e8re r\u00e9nov\u00e9e \u2013 Verneuil-sur-Seine centre Situ\u00e9e dans l\u2019un des secteurs les plus recherch\u00e9s de Verneuil-sur-Seine, \u00e0 quelques pas du centre-ville, des commerces, de la gare et de [&hellip;]<\/p>\n","protected":false},"author":1,"featured_media":0,"parent":0,"menu_order":0,"comment_status":"closed","ping_status":"closed","template":"","meta":{"footnotes":""},"class_list":["post-3276","page","type-page","status-publish","hentry"],"_links":{"self":[{"href":"https:\/\/home-by-ideesdeco.fr\/index.php\/wp-json\/wp\/v2\/pages\/3276","targetHints":{"allow":["GET"]}}],"collection":[{"href":"https:\/\/home-by-ideesdeco.fr\/index.php\/wp-json\/wp\/v2\/pages"}],"about":[{"href":"https:\/\/home-by-ideesdeco.fr\/index.php\/wp-json\/wp\/v2\/types\/page"}],"author":[{"embeddable":true,"href":"https:\/\/home-by-ideesdeco.fr\/index.php\/wp-json\/wp\/v2\/users\/1"}],"replies":[{"embeddable":true,"href":"https:\/\/home-by-ideesdeco.fr\/index.php\/wp-json\/wp\/v2\/comments?post=3276"}],"version-history":[{"count":3,"href":"https:\/\/home-by-ideesdeco.fr\/index.php\/wp-json\/wp\/v2\/pages\/3276\/revisions"}],"predecessor-version":[{"id":3301,"href":"https:\/\/home-by-ideesdeco.fr\/index.php\/wp-json\/wp\/v2\/pages\/3276\/revisions\/3301"}],"wp:attachment":[{"href":"https:\/\/home-by-ideesdeco.fr\/index.php\/wp-json\/wp\/v2\/media?parent=3276"}],"curies":[{"name":"wp","href":"https:\/\/api.w.org\/{rel}","templated":true}]}}