{"id":3204,"date":"2025-12-06T18:16:03","date_gmt":"2025-12-06T17:16:03","guid":{"rendered":"https:\/\/home-by-ideesdeco.fr\/?page_id=3204"},"modified":"2025-12-06T18:16:03","modified_gmt":"2025-12-06T17:16:03","slug":"marsinval-695-ke-chene-renovee-194-m2","status":"publish","type":"page","link":"https:\/\/home-by-ideesdeco.fr\/index.php\/marsinval-695-ke-chene-renovee-194-m2\/","title":{"rendered":"Marsinval 695 k\u20ac &#8211; Ch\u00eane r\u00e9nov\u00e9e &#8211; 194 m2"},"content":{"rendered":"\n<figure class=\"wp-block-image size-large\"><img loading=\"lazy\" decoding=\"async\" width=\"1024\" height=\"585\" src=\"https:\/\/home-by-ideesdeco.fr\/wp-content\/uploads\/2025\/12\/0-exterieur-1024x585.jpg\" alt=\"\" class=\"wp-image-3205\" srcset=\"https:\/\/home-by-ideesdeco.fr\/wp-content\/uploads\/2025\/12\/0-exterieur-1024x585.jpg 1024w, https:\/\/home-by-ideesdeco.fr\/wp-content\/uploads\/2025\/12\/0-exterieur-300x171.jpg 300w, https:\/\/home-by-ideesdeco.fr\/wp-content\/uploads\/2025\/12\/0-exterieur-768x439.jpg 768w, https:\/\/home-by-ideesdeco.fr\/wp-content\/uploads\/2025\/12\/0-exterieur.jpg 1344w\" sizes=\"auto, (max-width: 1024px) 100vw, 1024px\" \/><\/figure>\n\n\n\n<figure class=\"wp-block-image size-large\"><img loading=\"lazy\" decoding=\"async\" width=\"1024\" height=\"576\" src=\"https:\/\/home-by-ideesdeco.fr\/wp-content\/uploads\/2025\/12\/1-salon-1024x576.jpg\" alt=\"\" class=\"wp-image-3206\" srcset=\"https:\/\/home-by-ideesdeco.fr\/wp-content\/uploads\/2025\/12\/1-salon-1024x576.jpg 1024w, https:\/\/home-by-ideesdeco.fr\/wp-content\/uploads\/2025\/12\/1-salon-300x169.jpg 300w, https:\/\/home-by-ideesdeco.fr\/wp-content\/uploads\/2025\/12\/1-salon-768x432.jpg 768w, https:\/\/home-by-ideesdeco.fr\/wp-content\/uploads\/2025\/12\/1-salon.jpg 1365w\" sizes=\"auto, (max-width: 1024px) 100vw, 1024px\" \/><\/figure>\n\n\n\n<figure class=\"wp-block-image size-large\"><img loading=\"lazy\" decoding=\"async\" width=\"1024\" height=\"576\" src=\"https:\/\/home-by-ideesdeco.fr\/wp-content\/uploads\/2025\/12\/2-salon1-1024x576.jpg\" alt=\"\" class=\"wp-image-3207\" srcset=\"https:\/\/home-by-ideesdeco.fr\/wp-content\/uploads\/2025\/12\/2-salon1-1024x576.jpg 1024w, https:\/\/home-by-ideesdeco.fr\/wp-content\/uploads\/2025\/12\/2-salon1-300x169.jpg 300w, https:\/\/home-by-ideesdeco.fr\/wp-content\/uploads\/2025\/12\/2-salon1-768x432.jpg 768w, https:\/\/home-by-ideesdeco.fr\/wp-content\/uploads\/2025\/12\/2-salon1.jpg 1365w\" sizes=\"auto, (max-width: 1024px) 100vw, 1024px\" \/><\/figure>\n\n\n\n<figure class=\"wp-block-image size-large\"><img loading=\"lazy\" decoding=\"async\" width=\"1024\" height=\"576\" src=\"https:\/\/home-by-ideesdeco.fr\/wp-content\/uploads\/2025\/12\/3-salon2-1024x576.jpg\" alt=\"\" class=\"wp-image-3208\" srcset=\"https:\/\/home-by-ideesdeco.fr\/wp-content\/uploads\/2025\/12\/3-salon2-1024x576.jpg 1024w, https:\/\/home-by-ideesdeco.fr\/wp-content\/uploads\/2025\/12\/3-salon2-300x169.jpg 300w, https:\/\/home-by-ideesdeco.fr\/wp-content\/uploads\/2025\/12\/3-salon2-768x432.jpg 768w, https:\/\/home-by-ideesdeco.fr\/wp-content\/uploads\/2025\/12\/3-salon2-1536x864.jpg 1536w, https:\/\/home-by-ideesdeco.fr\/wp-content\/uploads\/2025\/12\/3-salon2.jpg 1820w\" sizes=\"auto, (max-width: 1024px) 100vw, 1024px\" \/><\/figure>\n\n\n\n<figure class=\"wp-block-image size-large\"><img loading=\"lazy\" decoding=\"async\" width=\"1024\" height=\"576\" src=\"https:\/\/home-by-ideesdeco.fr\/wp-content\/uploads\/2025\/12\/4-salon3-1024x576.jpg\" alt=\"\" class=\"wp-image-3209\" srcset=\"https:\/\/home-by-ideesdeco.fr\/wp-content\/uploads\/2025\/12\/4-salon3-1024x576.jpg 1024w, https:\/\/home-by-ideesdeco.fr\/wp-content\/uploads\/2025\/12\/4-salon3-300x169.jpg 300w, https:\/\/home-by-ideesdeco.fr\/wp-content\/uploads\/2025\/12\/4-salon3-768x432.jpg 768w, https:\/\/home-by-ideesdeco.fr\/wp-content\/uploads\/2025\/12\/4-salon3.jpg 1365w\" sizes=\"auto, (max-width: 1024px) 100vw, 1024px\" \/><\/figure>\n\n\n\n<figure class=\"wp-block-image size-large\"><img loading=\"lazy\" decoding=\"async\" width=\"1024\" height=\"576\" src=\"https:\/\/home-by-ideesdeco.fr\/wp-content\/uploads\/2025\/12\/5-salon4-1024x576.jpg\" alt=\"\" class=\"wp-image-3210\" srcset=\"https:\/\/home-by-ideesdeco.fr\/wp-content\/uploads\/2025\/12\/5-salon4-1024x576.jpg 1024w, https:\/\/home-by-ideesdeco.fr\/wp-content\/uploads\/2025\/12\/5-salon4-300x169.jpg 300w, https:\/\/home-by-ideesdeco.fr\/wp-content\/uploads\/2025\/12\/5-salon4-768x432.jpg 768w, https:\/\/home-by-ideesdeco.fr\/wp-content\/uploads\/2025\/12\/5-salon4.jpg 1365w\" sizes=\"auto, (max-width: 1024px) 100vw, 1024px\" \/><\/figure>\n\n\n\n<figure class=\"wp-block-image size-large\"><img loading=\"lazy\" decoding=\"async\" width=\"1024\" height=\"585\" src=\"https:\/\/home-by-ideesdeco.fr\/wp-content\/uploads\/2025\/12\/6-veranda-1024x585.jpg\" alt=\"\" class=\"wp-image-3211\" srcset=\"https:\/\/home-by-ideesdeco.fr\/wp-content\/uploads\/2025\/12\/6-veranda-1024x585.jpg 1024w, https:\/\/home-by-ideesdeco.fr\/wp-content\/uploads\/2025\/12\/6-veranda-300x171.jpg 300w, https:\/\/home-by-ideesdeco.fr\/wp-content\/uploads\/2025\/12\/6-veranda-768x439.jpg 768w, https:\/\/home-by-ideesdeco.fr\/wp-content\/uploads\/2025\/12\/6-veranda.jpg 1344w\" sizes=\"auto, (max-width: 1024px) 100vw, 1024px\" \/><\/figure>\n\n\n\n<figure class=\"wp-block-image size-large\"><img loading=\"lazy\" decoding=\"async\" width=\"1024\" height=\"576\" src=\"https:\/\/home-by-ideesdeco.fr\/wp-content\/uploads\/2025\/12\/7-cuisine-1024x576.jpg\" alt=\"\" class=\"wp-image-3212\" srcset=\"https:\/\/home-by-ideesdeco.fr\/wp-content\/uploads\/2025\/12\/7-cuisine-1024x576.jpg 1024w, https:\/\/home-by-ideesdeco.fr\/wp-content\/uploads\/2025\/12\/7-cuisine-300x169.jpg 300w, https:\/\/home-by-ideesdeco.fr\/wp-content\/uploads\/2025\/12\/7-cuisine-768x432.jpg 768w, https:\/\/home-by-ideesdeco.fr\/wp-content\/uploads\/2025\/12\/7-cuisine.jpg 1365w\" sizes=\"auto, (max-width: 1024px) 100vw, 1024px\" \/><\/figure>\n\n\n\n<figure class=\"wp-block-image size-large\"><img loading=\"lazy\" decoding=\"async\" width=\"1024\" height=\"576\" src=\"https:\/\/home-by-ideesdeco.fr\/wp-content\/uploads\/2025\/12\/8-chambre-1024x576.jpg\" alt=\"\" class=\"wp-image-3213\" srcset=\"https:\/\/home-by-ideesdeco.fr\/wp-content\/uploads\/2025\/12\/8-chambre-1024x576.jpg 1024w, https:\/\/home-by-ideesdeco.fr\/wp-content\/uploads\/2025\/12\/8-chambre-300x169.jpg 300w, https:\/\/home-by-ideesdeco.fr\/wp-content\/uploads\/2025\/12\/8-chambre-768x432.jpg 768w, https:\/\/home-by-ideesdeco.fr\/wp-content\/uploads\/2025\/12\/8-chambre.jpg 1365w\" sizes=\"auto, (max-width: 1024px) 100vw, 1024px\" \/><\/figure>\n\n\n\n<figure class=\"wp-block-image size-large\"><img loading=\"lazy\" decoding=\"async\" width=\"1024\" height=\"576\" src=\"https:\/\/home-by-ideesdeco.fr\/wp-content\/uploads\/2025\/12\/9-chambre1-1024x576.jpg\" alt=\"\" class=\"wp-image-3214\" srcset=\"https:\/\/home-by-ideesdeco.fr\/wp-content\/uploads\/2025\/12\/9-chambre1-1024x576.jpg 1024w, https:\/\/home-by-ideesdeco.fr\/wp-content\/uploads\/2025\/12\/9-chambre1-300x169.jpg 300w, https:\/\/home-by-ideesdeco.fr\/wp-content\/uploads\/2025\/12\/9-chambre1-768x432.jpg 768w, https:\/\/home-by-ideesdeco.fr\/wp-content\/uploads\/2025\/12\/9-chambre1.jpg 1365w\" sizes=\"auto, (max-width: 1024px) 100vw, 1024px\" \/><\/figure>\n\n\n\n<figure class=\"wp-block-image size-large\"><img loading=\"lazy\" decoding=\"async\" width=\"1024\" height=\"576\" src=\"https:\/\/home-by-ideesdeco.fr\/wp-content\/uploads\/2025\/12\/10-chambre2-1024x576.jpg\" alt=\"\" class=\"wp-image-3215\" srcset=\"https:\/\/home-by-ideesdeco.fr\/wp-content\/uploads\/2025\/12\/10-chambre2-1024x576.jpg 1024w, https:\/\/home-by-ideesdeco.fr\/wp-content\/uploads\/2025\/12\/10-chambre2-300x169.jpg 300w, https:\/\/home-by-ideesdeco.fr\/wp-content\/uploads\/2025\/12\/10-chambre2-768x432.jpg 768w, https:\/\/home-by-ideesdeco.fr\/wp-content\/uploads\/2025\/12\/10-chambre2.jpg 1365w\" sizes=\"auto, (max-width: 1024px) 100vw, 1024px\" \/><\/figure>\n\n\n\n<figure class=\"wp-block-image size-large\"><img loading=\"lazy\" decoding=\"async\" width=\"1024\" height=\"576\" src=\"https:\/\/home-by-ideesdeco.fr\/wp-content\/uploads\/2025\/12\/11-chambre3-1024x576.jpg\" alt=\"\" class=\"wp-image-3216\" srcset=\"https:\/\/home-by-ideesdeco.fr\/wp-content\/uploads\/2025\/12\/11-chambre3-1024x576.jpg 1024w, https:\/\/home-by-ideesdeco.fr\/wp-content\/uploads\/2025\/12\/11-chambre3-300x169.jpg 300w, https:\/\/home-by-ideesdeco.fr\/wp-content\/uploads\/2025\/12\/11-chambre3-768x432.jpg 768w, https:\/\/home-by-ideesdeco.fr\/wp-content\/uploads\/2025\/12\/11-chambre3.jpg 1365w\" sizes=\"auto, (max-width: 1024px) 100vw, 1024px\" \/><\/figure>\n\n\n\n<figure class=\"wp-block-image size-large\"><img loading=\"lazy\" decoding=\"async\" width=\"1024\" height=\"635\" src=\"https:\/\/home-by-ideesdeco.fr\/wp-content\/uploads\/2025\/12\/12-sdb1-1024x635.jpg\" alt=\"\" class=\"wp-image-3217\" srcset=\"https:\/\/home-by-ideesdeco.fr\/wp-content\/uploads\/2025\/12\/12-sdb1-1024x635.jpg 1024w, https:\/\/home-by-ideesdeco.fr\/wp-content\/uploads\/2025\/12\/12-sdb1-300x186.jpg 300w, https:\/\/home-by-ideesdeco.fr\/wp-content\/uploads\/2025\/12\/12-sdb1-768x476.jpg 768w, https:\/\/home-by-ideesdeco.fr\/wp-content\/uploads\/2025\/12\/12-sdb1.jpg 1238w\" sizes=\"auto, (max-width: 1024px) 100vw, 1024px\" \/><\/figure>\n\n\n\n<figure class=\"wp-block-image size-large\"><img loading=\"lazy\" decoding=\"async\" width=\"1024\" height=\"576\" src=\"https:\/\/home-by-ideesdeco.fr\/wp-content\/uploads\/2025\/12\/13-couloir-1024x576.jpg\" alt=\"\" class=\"wp-image-3218\" srcset=\"https:\/\/home-by-ideesdeco.fr\/wp-content\/uploads\/2025\/12\/13-couloir-1024x576.jpg 1024w, https:\/\/home-by-ideesdeco.fr\/wp-content\/uploads\/2025\/12\/13-couloir-300x169.jpg 300w, https:\/\/home-by-ideesdeco.fr\/wp-content\/uploads\/2025\/12\/13-couloir-768x432.jpg 768w, https:\/\/home-by-ideesdeco.fr\/wp-content\/uploads\/2025\/12\/13-couloir.jpg 1365w\" sizes=\"auto, (max-width: 1024px) 100vw, 1024px\" \/><\/figure>\n\n\n\n<figure class=\"wp-block-image size-large\"><img loading=\"lazy\" decoding=\"async\" width=\"1024\" height=\"585\" src=\"https:\/\/home-by-ideesdeco.fr\/wp-content\/uploads\/2025\/12\/14-suite3-1024x585.jpg\" alt=\"\" class=\"wp-image-3219\" srcset=\"https:\/\/home-by-ideesdeco.fr\/wp-content\/uploads\/2025\/12\/14-suite3-1024x585.jpg 1024w, https:\/\/home-by-ideesdeco.fr\/wp-content\/uploads\/2025\/12\/14-suite3-300x171.jpg 300w, https:\/\/home-by-ideesdeco.fr\/wp-content\/uploads\/2025\/12\/14-suite3-768x439.jpg 768w, https:\/\/home-by-ideesdeco.fr\/wp-content\/uploads\/2025\/12\/14-suite3.jpg 1344w\" sizes=\"auto, (max-width: 1024px) 100vw, 1024px\" \/><\/figure>\n\n\n\n<figure class=\"wp-block-image size-large\"><img loading=\"lazy\" decoding=\"async\" width=\"1024\" height=\"576\" src=\"https:\/\/home-by-ideesdeco.fr\/wp-content\/uploads\/2025\/12\/15-suite2-1024x576.jpg\" alt=\"\" class=\"wp-image-3220\" srcset=\"https:\/\/home-by-ideesdeco.fr\/wp-content\/uploads\/2025\/12\/15-suite2-1024x576.jpg 1024w, https:\/\/home-by-ideesdeco.fr\/wp-content\/uploads\/2025\/12\/15-suite2-300x169.jpg 300w, https:\/\/home-by-ideesdeco.fr\/wp-content\/uploads\/2025\/12\/15-suite2-768x432.jpg 768w, https:\/\/home-by-ideesdeco.fr\/wp-content\/uploads\/2025\/12\/15-suite2.jpg 1365w\" sizes=\"auto, (max-width: 1024px) 100vw, 1024px\" \/><\/figure>\n\n\n\n<figure class=\"wp-block-image size-large\"><img loading=\"lazy\" decoding=\"async\" width=\"1024\" height=\"585\" src=\"https:\/\/home-by-ideesdeco.fr\/wp-content\/uploads\/2025\/12\/16-sdb-1024x585.jpg\" alt=\"\" class=\"wp-image-3221\" srcset=\"https:\/\/home-by-ideesdeco.fr\/wp-content\/uploads\/2025\/12\/16-sdb-1024x585.jpg 1024w, https:\/\/home-by-ideesdeco.fr\/wp-content\/uploads\/2025\/12\/16-sdb-300x171.jpg 300w, https:\/\/home-by-ideesdeco.fr\/wp-content\/uploads\/2025\/12\/16-sdb-768x439.jpg 768w, https:\/\/home-by-ideesdeco.fr\/wp-content\/uploads\/2025\/12\/16-sdb.jpg 1344w\" sizes=\"auto, (max-width: 1024px) 100vw, 1024px\" \/><\/figure>\n\n\n\n<p>Belle villa familiale de 194 m\u00b2 \u2013 7 pi\u00e8ces \/ 5 chambres \u2013 Garage double \u2013 Terrain 750 m\u00b2<br>Domaine de Marsinval \u2013 Vernouillet (78)<\/p>\n\n\n\n<p>Situ\u00e9e dans le tr\u00e8s recherch\u00e9 Domaine de Marsinval, \u00e0 Vernouillet, au c\u0153ur de l\u2019Ouest parisien et \u00e0 seulement 12 km de Saint-Germain-en-Laye, cette spacieuse villa de 7 pi\u00e8ces offre un cadre de vie exceptionnel, verdoyant et s\u00e9curis\u00e9. Construite sur un terrain paysager de 750 m\u00b2, elle d\u00e9veloppe 194 m\u00b2 habitables, id\u00e9alement pens\u00e9s pour une vie de famille.<\/p>\n\n\n\n<p>Enti\u00e8rement r\u00e9nov\u00e9e avec des prestations de qualit\u00e9, la maison se compose de 2 niveaux et comprend 5 chambres, dont une suite parentale de 28 m\u00b2 avec sa propre salle de bains et une chambre au rez-de-chauss\u00e9e avec sa salle d&#8217;eau privative.<br>Elle dispose \u00e9galement d&#8217;une autre salle de bains avec wc, de fen\u00eatres double vitrage \u00e9quip\u00e9es de volets roulants \u00e9lectriques, assurant confort et efficacit\u00e9 \u00e9nerg\u00e9tique. A noter \u00e9galement qu&#8217;elle est \u00e9quip\u00e9e d&#8217;une v\u00e9randa de 30 m2 environ.<\/p>\n\n\n\n<p>Un garage double, accessible directement depuis l&#8217;int\u00e9rieur de la maison, est attenant \u00e0 une pi\u00e8ce faisant office de chaufferie \/ lingerie, tr\u00e8s pratique au quotidien.<\/p>\n\n\n\n<p>Un domaine recherch\u00e9, id\u00e9al pour les familles<\/p>\n\n\n\n<p>\u00c0 quelques pas de la maison, vous trouverez les \u00e9coles maternelle et primaire du domaine. Les r\u00e9sidents b\u00e9n\u00e9ficient \u00e9galement de 2 terrains de tennis et d\u2019une piscine priv\u00e9e, r\u00e9serv\u00e9s aux habitants de Marsinval.<\/p>\n\n\n\n<p>L\u2019environnement arbor\u00e9, vallonn\u00e9 et parfaitement entretenu offre un cadre de vie privil\u00e9gi\u00e9, \u00e0 proximit\u00e9 imm\u00e9diate de Verneuil, Villennes, Orgeval et des axes A13\/A14.<\/p>\n\n\n\n<p>Commodit\u00e9s et transports<\/p>\n\n\n\n<p>Les transports en commun desservent la gare Verneuil\/Vernouillet (Paris Saint-Lazare en 25 minutes), futur arr\u00eat du RER Eole en 2027 et la gare routi\u00e8re pour le bus reliant la D\u00e9fense par l&#8217;A14. Plusieurs \u00e9tablissements scolaires r\u00e9put\u00e9s sont accessibles : Vernouillet, Verneuil (dont Notre-Dame Les Oiseaux), Poissy et Saint-Germain-en-Laye (Lyc\u00e9e international).<\/p>\n\n\n\n<p>Id\u00e9al pour une famille souhaitant profiter d\u2019un environnement serein, verdoyant et tr\u00e8s qualitatif, tout en restant proche de toutes les commodit\u00e9s.<\/p>\n","protected":false},"excerpt":{"rendered":"<p>Belle villa familiale de 194 m\u00b2 \u2013 7 pi\u00e8ces \/ 5 chambres \u2013 Garage double \u2013 Terrain 750 m\u00b2Domaine de Marsinval \u2013 Vernouillet (78) Situ\u00e9e dans le tr\u00e8s recherch\u00e9 Domaine [&hellip;]<\/p>\n","protected":false},"author":1,"featured_media":0,"parent":0,"menu_order":0,"comment_status":"closed","ping_status":"closed","template":"","meta":{"footnotes":""},"class_list":["post-3204","page","type-page","status-publish","hentry"],"_links":{"self":[{"href":"https:\/\/home-by-ideesdeco.fr\/index.php\/wp-json\/wp\/v2\/pages\/3204","targetHints":{"allow":["GET"]}}],"collection":[{"href":"https:\/\/home-by-ideesdeco.fr\/index.php\/wp-json\/wp\/v2\/pages"}],"about":[{"href":"https:\/\/home-by-ideesdeco.fr\/index.php\/wp-json\/wp\/v2\/types\/page"}],"author":[{"embeddable":true,"href":"https:\/\/home-by-ideesdeco.fr\/index.php\/wp-json\/wp\/v2\/users\/1"}],"replies":[{"embeddable":true,"href":"https:\/\/home-by-ideesdeco.fr\/index.php\/wp-json\/wp\/v2\/comments?post=3204"}],"version-history":[{"count":1,"href":"https:\/\/home-by-ideesdeco.fr\/index.php\/wp-json\/wp\/v2\/pages\/3204\/revisions"}],"predecessor-version":[{"id":3222,"href":"https:\/\/home-by-ideesdeco.fr\/index.php\/wp-json\/wp\/v2\/pages\/3204\/revisions\/3222"}],"wp:attachment":[{"href":"https:\/\/home-by-ideesdeco.fr\/index.php\/wp-json\/wp\/v2\/media?parent=3204"}],"curies":[{"name":"wp","href":"https:\/\/api.w.org\/{rel}","templated":true}]}}