{"id":3128,"date":"2025-10-10T13:13:58","date_gmt":"2025-10-10T11:13:58","guid":{"rendered":"https:\/\/home-by-ideesdeco.fr\/?page_id=3128"},"modified":"2025-10-10T13:13:58","modified_gmt":"2025-10-10T11:13:58","slug":"vernouillet-proche-centre-ville-645-ke","status":"publish","type":"page","link":"https:\/\/home-by-ideesdeco.fr\/index.php\/vernouillet-proche-centre-ville-645-ke\/","title":{"rendered":"Vernouillet &#8211; Proche centre ville &#8211; 645 k\u20ac"},"content":{"rendered":"\n<figure class=\"wp-block-image size-large\"><img loading=\"lazy\" decoding=\"async\" width=\"1024\" height=\"725\" src=\"https:\/\/home-by-ideesdeco.fr\/wp-content\/uploads\/2025\/10\/0-mont1-1-1024x725.jpg\" alt=\"\" class=\"wp-image-3129\" srcset=\"https:\/\/home-by-ideesdeco.fr\/wp-content\/uploads\/2025\/10\/0-mont1-1-1024x725.jpg 1024w, https:\/\/home-by-ideesdeco.fr\/wp-content\/uploads\/2025\/10\/0-mont1-1-300x212.jpg 300w, https:\/\/home-by-ideesdeco.fr\/wp-content\/uploads\/2025\/10\/0-mont1-1-768x544.jpg 768w, https:\/\/home-by-ideesdeco.fr\/wp-content\/uploads\/2025\/10\/0-mont1-1.jpg 1093w\" sizes=\"auto, (max-width: 1024px) 100vw, 1024px\" \/><\/figure>\n\n\n\n<figure class=\"wp-block-image size-full\"><img loading=\"lazy\" decoding=\"async\" width=\"1024\" height=\"768\" src=\"https:\/\/home-by-ideesdeco.fr\/wp-content\/uploads\/2025\/10\/1-ext.jpg\" alt=\"\" class=\"wp-image-3130\" srcset=\"https:\/\/home-by-ideesdeco.fr\/wp-content\/uploads\/2025\/10\/1-ext.jpg 1024w, https:\/\/home-by-ideesdeco.fr\/wp-content\/uploads\/2025\/10\/1-ext-300x225.jpg 300w, https:\/\/home-by-ideesdeco.fr\/wp-content\/uploads\/2025\/10\/1-ext-768x576.jpg 768w, https:\/\/home-by-ideesdeco.fr\/wp-content\/uploads\/2025\/10\/1-ext-400x300.jpg 400w, https:\/\/home-by-ideesdeco.fr\/wp-content\/uploads\/2025\/10\/1-ext-800x600.jpg 800w\" sizes=\"auto, (max-width: 1024px) 100vw, 1024px\" \/><\/figure>\n\n\n\n<figure class=\"wp-block-image size-large\"><img loading=\"lazy\" decoding=\"async\" width=\"1024\" height=\"747\" src=\"https:\/\/home-by-ideesdeco.fr\/wp-content\/uploads\/2025\/10\/2-salon1-1024x747.jpg\" alt=\"\" class=\"wp-image-3131\" srcset=\"https:\/\/home-by-ideesdeco.fr\/wp-content\/uploads\/2025\/10\/2-salon1-1024x747.jpg 1024w, https:\/\/home-by-ideesdeco.fr\/wp-content\/uploads\/2025\/10\/2-salon1-300x219.jpg 300w, https:\/\/home-by-ideesdeco.fr\/wp-content\/uploads\/2025\/10\/2-salon1-768x560.jpg 768w, https:\/\/home-by-ideesdeco.fr\/wp-content\/uploads\/2025\/10\/2-salon1.jpg 1184w\" sizes=\"auto, (max-width: 1024px) 100vw, 1024px\" \/><\/figure>\n\n\n\n<figure class=\"wp-block-image size-full\"><img loading=\"lazy\" decoding=\"async\" width=\"1024\" height=\"747\" src=\"https:\/\/home-by-ideesdeco.fr\/wp-content\/uploads\/2025\/10\/3-Salon1-IA.jpg\" alt=\"\" class=\"wp-image-3132\" srcset=\"https:\/\/home-by-ideesdeco.fr\/wp-content\/uploads\/2025\/10\/3-Salon1-IA.jpg 1024w, https:\/\/home-by-ideesdeco.fr\/wp-content\/uploads\/2025\/10\/3-Salon1-IA-300x219.jpg 300w, https:\/\/home-by-ideesdeco.fr\/wp-content\/uploads\/2025\/10\/3-Salon1-IA-768x560.jpg 768w\" sizes=\"auto, (max-width: 1024px) 100vw, 1024px\" \/><\/figure>\n\n\n\n<figure class=\"wp-block-image size-full\"><img loading=\"lazy\" decoding=\"async\" width=\"1024\" height=\"768\" src=\"https:\/\/home-by-ideesdeco.fr\/wp-content\/uploads\/2025\/10\/5-ver.jpg\" alt=\"\" class=\"wp-image-3133\" srcset=\"https:\/\/home-by-ideesdeco.fr\/wp-content\/uploads\/2025\/10\/5-ver.jpg 1024w, https:\/\/home-by-ideesdeco.fr\/wp-content\/uploads\/2025\/10\/5-ver-300x225.jpg 300w, https:\/\/home-by-ideesdeco.fr\/wp-content\/uploads\/2025\/10\/5-ver-768x576.jpg 768w, https:\/\/home-by-ideesdeco.fr\/wp-content\/uploads\/2025\/10\/5-ver-400x300.jpg 400w, https:\/\/home-by-ideesdeco.fr\/wp-content\/uploads\/2025\/10\/5-ver-800x600.jpg 800w\" sizes=\"auto, (max-width: 1024px) 100vw, 1024px\" \/><\/figure>\n\n\n\n<figure class=\"wp-block-image size-full\"><img loading=\"lazy\" decoding=\"async\" width=\"1024\" height=\"747\" src=\"https:\/\/home-by-ideesdeco.fr\/wp-content\/uploads\/2025\/10\/6-veranda.jpg\" alt=\"\" class=\"wp-image-3134\" srcset=\"https:\/\/home-by-ideesdeco.fr\/wp-content\/uploads\/2025\/10\/6-veranda.jpg 1024w, https:\/\/home-by-ideesdeco.fr\/wp-content\/uploads\/2025\/10\/6-veranda-300x219.jpg 300w, https:\/\/home-by-ideesdeco.fr\/wp-content\/uploads\/2025\/10\/6-veranda-768x560.jpg 768w\" sizes=\"auto, (max-width: 1024px) 100vw, 1024px\" \/><\/figure>\n\n\n\n<figure class=\"wp-block-image size-full\"><img loading=\"lazy\" decoding=\"async\" width=\"1024\" height=\"768\" src=\"https:\/\/home-by-ideesdeco.fr\/wp-content\/uploads\/2025\/10\/7-ver1.jpg\" alt=\"\" class=\"wp-image-3136\" srcset=\"https:\/\/home-by-ideesdeco.fr\/wp-content\/uploads\/2025\/10\/7-ver1.jpg 1024w, https:\/\/home-by-ideesdeco.fr\/wp-content\/uploads\/2025\/10\/7-ver1-300x225.jpg 300w, https:\/\/home-by-ideesdeco.fr\/wp-content\/uploads\/2025\/10\/7-ver1-768x576.jpg 768w, https:\/\/home-by-ideesdeco.fr\/wp-content\/uploads\/2025\/10\/7-ver1-400x300.jpg 400w, https:\/\/home-by-ideesdeco.fr\/wp-content\/uploads\/2025\/10\/7-ver1-800x600.jpg 800w\" sizes=\"auto, (max-width: 1024px) 100vw, 1024px\" \/><\/figure>\n\n\n\n<figure class=\"wp-block-image size-large\"><img loading=\"lazy\" decoding=\"async\" width=\"1024\" height=\"747\" src=\"https:\/\/home-by-ideesdeco.fr\/wp-content\/uploads\/2025\/10\/7b-1024x747.jpg\" alt=\"\" class=\"wp-image-3135\" srcset=\"https:\/\/home-by-ideesdeco.fr\/wp-content\/uploads\/2025\/10\/7b-1024x747.jpg 1024w, https:\/\/home-by-ideesdeco.fr\/wp-content\/uploads\/2025\/10\/7b-300x219.jpg 300w, https:\/\/home-by-ideesdeco.fr\/wp-content\/uploads\/2025\/10\/7b-768x560.jpg 768w, https:\/\/home-by-ideesdeco.fr\/wp-content\/uploads\/2025\/10\/7b.jpg 1184w\" sizes=\"auto, (max-width: 1024px) 100vw, 1024px\" \/><\/figure>\n\n\n\n<figure class=\"wp-block-image size-full\"><img loading=\"lazy\" decoding=\"async\" width=\"1024\" height=\"768\" src=\"https:\/\/home-by-ideesdeco.fr\/wp-content\/uploads\/2025\/10\/8-ch3.jpg\" alt=\"\" class=\"wp-image-3137\" srcset=\"https:\/\/home-by-ideesdeco.fr\/wp-content\/uploads\/2025\/10\/8-ch3.jpg 1024w, https:\/\/home-by-ideesdeco.fr\/wp-content\/uploads\/2025\/10\/8-ch3-300x225.jpg 300w, https:\/\/home-by-ideesdeco.fr\/wp-content\/uploads\/2025\/10\/8-ch3-768x576.jpg 768w, https:\/\/home-by-ideesdeco.fr\/wp-content\/uploads\/2025\/10\/8-ch3-400x300.jpg 400w, https:\/\/home-by-ideesdeco.fr\/wp-content\/uploads\/2025\/10\/8-ch3-800x600.jpg 800w\" sizes=\"auto, (max-width: 1024px) 100vw, 1024px\" \/><\/figure>\n\n\n\n<figure class=\"wp-block-image size-large\"><img loading=\"lazy\" decoding=\"async\" width=\"1024\" height=\"747\" src=\"https:\/\/home-by-ideesdeco.fr\/wp-content\/uploads\/2025\/10\/9-1024x747.jpg\" alt=\"\" class=\"wp-image-3138\" srcset=\"https:\/\/home-by-ideesdeco.fr\/wp-content\/uploads\/2025\/10\/9-1024x747.jpg 1024w, https:\/\/home-by-ideesdeco.fr\/wp-content\/uploads\/2025\/10\/9-300x219.jpg 300w, https:\/\/home-by-ideesdeco.fr\/wp-content\/uploads\/2025\/10\/9-768x560.jpg 768w, https:\/\/home-by-ideesdeco.fr\/wp-content\/uploads\/2025\/10\/9.jpg 1184w\" sizes=\"auto, (max-width: 1024px) 100vw, 1024px\" \/><\/figure>\n\n\n\n<figure class=\"wp-block-image size-full\"><img loading=\"lazy\" decoding=\"async\" width=\"1024\" height=\"768\" src=\"https:\/\/home-by-ideesdeco.fr\/wp-content\/uploads\/2025\/10\/10-ch4.jpg\" alt=\"\" class=\"wp-image-3139\" srcset=\"https:\/\/home-by-ideesdeco.fr\/wp-content\/uploads\/2025\/10\/10-ch4.jpg 1024w, https:\/\/home-by-ideesdeco.fr\/wp-content\/uploads\/2025\/10\/10-ch4-300x225.jpg 300w, https:\/\/home-by-ideesdeco.fr\/wp-content\/uploads\/2025\/10\/10-ch4-768x576.jpg 768w, https:\/\/home-by-ideesdeco.fr\/wp-content\/uploads\/2025\/10\/10-ch4-400x300.jpg 400w, https:\/\/home-by-ideesdeco.fr\/wp-content\/uploads\/2025\/10\/10-ch4-800x600.jpg 800w\" sizes=\"auto, (max-width: 1024px) 100vw, 1024px\" \/><\/figure>\n\n\n\n<figure class=\"wp-block-image size-large\"><img loading=\"lazy\" decoding=\"async\" width=\"1024\" height=\"747\" src=\"https:\/\/home-by-ideesdeco.fr\/wp-content\/uploads\/2025\/10\/11-chamb2-1024x747.jpg\" alt=\"\" class=\"wp-image-3140\" srcset=\"https:\/\/home-by-ideesdeco.fr\/wp-content\/uploads\/2025\/10\/11-chamb2-1024x747.jpg 1024w, https:\/\/home-by-ideesdeco.fr\/wp-content\/uploads\/2025\/10\/11-chamb2-300x219.jpg 300w, https:\/\/home-by-ideesdeco.fr\/wp-content\/uploads\/2025\/10\/11-chamb2-768x560.jpg 768w, https:\/\/home-by-ideesdeco.fr\/wp-content\/uploads\/2025\/10\/11-chamb2.jpg 1184w\" sizes=\"auto, (max-width: 1024px) 100vw, 1024px\" \/><\/figure>\n\n\n\n<figure class=\"wp-block-image size-full\"><img loading=\"lazy\" decoding=\"async\" width=\"1024\" height=\"768\" src=\"https:\/\/home-by-ideesdeco.fr\/wp-content\/uploads\/2025\/10\/12-eta.jpg\" alt=\"\" class=\"wp-image-3141\" srcset=\"https:\/\/home-by-ideesdeco.fr\/wp-content\/uploads\/2025\/10\/12-eta.jpg 1024w, https:\/\/home-by-ideesdeco.fr\/wp-content\/uploads\/2025\/10\/12-eta-300x225.jpg 300w, https:\/\/home-by-ideesdeco.fr\/wp-content\/uploads\/2025\/10\/12-eta-768x576.jpg 768w, https:\/\/home-by-ideesdeco.fr\/wp-content\/uploads\/2025\/10\/12-eta-400x300.jpg 400w, https:\/\/home-by-ideesdeco.fr\/wp-content\/uploads\/2025\/10\/12-eta-800x600.jpg 800w\" sizes=\"auto, (max-width: 1024px) 100vw, 1024px\" \/><\/figure>\n\n\n\n<figure class=\"wp-block-image size-full\"><img loading=\"lazy\" decoding=\"async\" width=\"1024\" height=\"768\" src=\"https:\/\/home-by-ideesdeco.fr\/wp-content\/uploads\/2025\/10\/13-mez1.jpg\" alt=\"\" class=\"wp-image-3142\" srcset=\"https:\/\/home-by-ideesdeco.fr\/wp-content\/uploads\/2025\/10\/13-mez1.jpg 1024w, https:\/\/home-by-ideesdeco.fr\/wp-content\/uploads\/2025\/10\/13-mez1-300x225.jpg 300w, https:\/\/home-by-ideesdeco.fr\/wp-content\/uploads\/2025\/10\/13-mez1-768x576.jpg 768w, https:\/\/home-by-ideesdeco.fr\/wp-content\/uploads\/2025\/10\/13-mez1-400x300.jpg 400w, https:\/\/home-by-ideesdeco.fr\/wp-content\/uploads\/2025\/10\/13-mez1-800x600.jpg 800w\" sizes=\"auto, (max-width: 1024px) 100vw, 1024px\" \/><\/figure>\n\n\n\n<figure class=\"wp-block-image size-full\"><img loading=\"lazy\" decoding=\"async\" width=\"1024\" height=\"768\" src=\"https:\/\/home-by-ideesdeco.fr\/wp-content\/uploads\/2025\/10\/14-ext1.jpg\" alt=\"\" class=\"wp-image-3143\" srcset=\"https:\/\/home-by-ideesdeco.fr\/wp-content\/uploads\/2025\/10\/14-ext1.jpg 1024w, https:\/\/home-by-ideesdeco.fr\/wp-content\/uploads\/2025\/10\/14-ext1-300x225.jpg 300w, https:\/\/home-by-ideesdeco.fr\/wp-content\/uploads\/2025\/10\/14-ext1-768x576.jpg 768w, https:\/\/home-by-ideesdeco.fr\/wp-content\/uploads\/2025\/10\/14-ext1-400x300.jpg 400w, https:\/\/home-by-ideesdeco.fr\/wp-content\/uploads\/2025\/10\/14-ext1-800x600.jpg 800w\" sizes=\"auto, (max-width: 1024px) 100vw, 1024px\" \/><\/figure>\n\n\n\n<p>Vernouillet proche du centre-ville, maison familiale de 180 m2 environ sur une parcelle de 900 m2 environ.<\/p>\n\n\n\n<p>5 chambres dont 2 au rdc. Salle \u00e0 manger de 23 m2 fa\u00e7on v\u00e9randa, tr\u00e8s lumineuse, salon de 30m2. Chemin\u00e9e, poutres apparentes et un sous sol de 80 m2. <\/p>\n\n\n\n<p>Proche du Centre-ville, des \u00e9coles notamment Notre Dame les Oiseaux, de la gare de Verneuil Vernouillet qui sera desservie par le RER E en 2027. Acc\u00e8s rapide aux autoroutes A13 et A14. 645 k\u20ac<\/p>\n","protected":false},"excerpt":{"rendered":"<p>Vernouillet proche du centre-ville, maison familiale de 180 m2 environ sur une parcelle de 900 m2 environ. 5 chambres dont 2 au rdc. Salle \u00e0 manger de 23 m2 fa\u00e7on [&hellip;]<\/p>\n","protected":false},"author":1,"featured_media":0,"parent":0,"menu_order":0,"comment_status":"closed","ping_status":"closed","template":"","meta":{"footnotes":""},"class_list":["post-3128","page","type-page","status-publish","hentry"],"_links":{"self":[{"href":"https:\/\/home-by-ideesdeco.fr\/index.php\/wp-json\/wp\/v2\/pages\/3128","targetHints":{"allow":["GET"]}}],"collection":[{"href":"https:\/\/home-by-ideesdeco.fr\/index.php\/wp-json\/wp\/v2\/pages"}],"about":[{"href":"https:\/\/home-by-ideesdeco.fr\/index.php\/wp-json\/wp\/v2\/types\/page"}],"author":[{"embeddable":true,"href":"https:\/\/home-by-ideesdeco.fr\/index.php\/wp-json\/wp\/v2\/users\/1"}],"replies":[{"embeddable":true,"href":"https:\/\/home-by-ideesdeco.fr\/index.php\/wp-json\/wp\/v2\/comments?post=3128"}],"version-history":[{"count":1,"href":"https:\/\/home-by-ideesdeco.fr\/index.php\/wp-json\/wp\/v2\/pages\/3128\/revisions"}],"predecessor-version":[{"id":3144,"href":"https:\/\/home-by-ideesdeco.fr\/index.php\/wp-json\/wp\/v2\/pages\/3128\/revisions\/3144"}],"wp:attachment":[{"href":"https:\/\/home-by-ideesdeco.fr\/index.php\/wp-json\/wp\/v2\/media?parent=3128"}],"curies":[{"name":"wp","href":"https:\/\/api.w.org\/{rel}","templated":true}]}}