{"id":3110,"date":"2025-10-10T13:04:34","date_gmt":"2025-10-10T11:04:34","guid":{"rendered":"https:\/\/home-by-ideesdeco.fr\/?page_id=3110"},"modified":"2026-04-17T19:36:51","modified_gmt":"2026-04-17T17:36:51","slug":"vernouillet-marsinval-5ch-194-m2-1000-m2-terrain","status":"publish","type":"page","link":"https:\/\/home-by-ideesdeco.fr\/index.php\/vernouillet-marsinval-5ch-194-m2-1000-m2-terrain\/","title":{"rendered":"Vernouillet &#8211; Marsinval &#8211; 5ch. &#8211; 194 m2 &#8211; 1000 m2 Terrain"},"content":{"rendered":"\n<figure class=\"wp-block-image size-full\"><img loading=\"lazy\" decoding=\"async\" width=\"1024\" height=\"576\" src=\"https:\/\/home-by-ideesdeco.fr\/wp-content\/uploads\/2025\/10\/1-1.jpg\" alt=\"\" class=\"wp-image-3111\" srcset=\"https:\/\/home-by-ideesdeco.fr\/wp-content\/uploads\/2025\/10\/1-1.jpg 1024w, https:\/\/home-by-ideesdeco.fr\/wp-content\/uploads\/2025\/10\/1-1-300x169.jpg 300w, https:\/\/home-by-ideesdeco.fr\/wp-content\/uploads\/2025\/10\/1-1-768x432.jpg 768w\" sizes=\"auto, (max-width: 1024px) 100vw, 1024px\" \/><\/figure>\n\n\n\n<figure class=\"wp-block-image size-full\"><img loading=\"lazy\" decoding=\"async\" width=\"1024\" height=\"576\" src=\"https:\/\/home-by-ideesdeco.fr\/wp-content\/uploads\/2025\/10\/2.jpg\" alt=\"\" class=\"wp-image-3112\" srcset=\"https:\/\/home-by-ideesdeco.fr\/wp-content\/uploads\/2025\/10\/2.jpg 1024w, https:\/\/home-by-ideesdeco.fr\/wp-content\/uploads\/2025\/10\/2-300x169.jpg 300w, https:\/\/home-by-ideesdeco.fr\/wp-content\/uploads\/2025\/10\/2-768x432.jpg 768w\" sizes=\"auto, (max-width: 1024px) 100vw, 1024px\" \/><\/figure>\n\n\n\n<figure class=\"wp-block-image size-full\"><img loading=\"lazy\" decoding=\"async\" width=\"1024\" height=\"576\" src=\"https:\/\/home-by-ideesdeco.fr\/wp-content\/uploads\/2025\/10\/3.jpg\" alt=\"\" class=\"wp-image-3113\" srcset=\"https:\/\/home-by-ideesdeco.fr\/wp-content\/uploads\/2025\/10\/3.jpg 1024w, https:\/\/home-by-ideesdeco.fr\/wp-content\/uploads\/2025\/10\/3-300x169.jpg 300w, https:\/\/home-by-ideesdeco.fr\/wp-content\/uploads\/2025\/10\/3-768x432.jpg 768w\" sizes=\"auto, (max-width: 1024px) 100vw, 1024px\" \/><\/figure>\n\n\n\n<figure class=\"wp-block-image size-full\"><img loading=\"lazy\" decoding=\"async\" width=\"1024\" height=\"576\" src=\"https:\/\/home-by-ideesdeco.fr\/wp-content\/uploads\/2025\/10\/4-salon2.jpg\" alt=\"\" class=\"wp-image-3114\" srcset=\"https:\/\/home-by-ideesdeco.fr\/wp-content\/uploads\/2025\/10\/4-salon2.jpg 1024w, https:\/\/home-by-ideesdeco.fr\/wp-content\/uploads\/2025\/10\/4-salon2-300x169.jpg 300w, https:\/\/home-by-ideesdeco.fr\/wp-content\/uploads\/2025\/10\/4-salon2-768x432.jpg 768w\" sizes=\"auto, (max-width: 1024px) 100vw, 1024px\" \/><\/figure>\n\n\n\n<figure class=\"wp-block-image size-large\"><img loading=\"lazy\" decoding=\"async\" width=\"1024\" height=\"585\" src=\"https:\/\/home-by-ideesdeco.fr\/wp-content\/uploads\/2025\/10\/6-salon3-1024x585.jpg\" alt=\"\" class=\"wp-image-3115\" srcset=\"https:\/\/home-by-ideesdeco.fr\/wp-content\/uploads\/2025\/10\/6-salon3-1024x585.jpg 1024w, https:\/\/home-by-ideesdeco.fr\/wp-content\/uploads\/2025\/10\/6-salon3-300x171.jpg 300w, https:\/\/home-by-ideesdeco.fr\/wp-content\/uploads\/2025\/10\/6-salon3-768x439.jpg 768w, https:\/\/home-by-ideesdeco.fr\/wp-content\/uploads\/2025\/10\/6-salon3.jpg 1344w\" sizes=\"auto, (max-width: 1024px) 100vw, 1024px\" \/><\/figure>\n\n\n\n<figure class=\"wp-block-image size-full\"><img loading=\"lazy\" decoding=\"async\" width=\"1024\" height=\"576\" src=\"https:\/\/home-by-ideesdeco.fr\/wp-content\/uploads\/2025\/10\/7a-salon.jpg\" alt=\"\" class=\"wp-image-3116\" srcset=\"https:\/\/home-by-ideesdeco.fr\/wp-content\/uploads\/2025\/10\/7a-salon.jpg 1024w, https:\/\/home-by-ideesdeco.fr\/wp-content\/uploads\/2025\/10\/7a-salon-300x169.jpg 300w, https:\/\/home-by-ideesdeco.fr\/wp-content\/uploads\/2025\/10\/7a-salon-768x432.jpg 768w\" sizes=\"auto, (max-width: 1024px) 100vw, 1024px\" \/><\/figure>\n\n\n\n<figure class=\"wp-block-image size-large\"><img loading=\"lazy\" decoding=\"async\" width=\"1024\" height=\"585\" src=\"https:\/\/home-by-ideesdeco.fr\/wp-content\/uploads\/2025\/10\/7b-salon-1024x585.jpg\" alt=\"\" class=\"wp-image-3117\" srcset=\"https:\/\/home-by-ideesdeco.fr\/wp-content\/uploads\/2025\/10\/7b-salon-1024x585.jpg 1024w, https:\/\/home-by-ideesdeco.fr\/wp-content\/uploads\/2025\/10\/7b-salon-300x171.jpg 300w, https:\/\/home-by-ideesdeco.fr\/wp-content\/uploads\/2025\/10\/7b-salon-768x439.jpg 768w, https:\/\/home-by-ideesdeco.fr\/wp-content\/uploads\/2025\/10\/7b-salon.jpg 1344w\" sizes=\"auto, (max-width: 1024px) 100vw, 1024px\" \/><\/figure>\n\n\n\n<figure class=\"wp-block-image size-full\"><img loading=\"lazy\" decoding=\"async\" width=\"1024\" height=\"576\" src=\"https:\/\/home-by-ideesdeco.fr\/wp-content\/uploads\/2025\/10\/8.jpg\" alt=\"\" class=\"wp-image-3118\" srcset=\"https:\/\/home-by-ideesdeco.fr\/wp-content\/uploads\/2025\/10\/8.jpg 1024w, https:\/\/home-by-ideesdeco.fr\/wp-content\/uploads\/2025\/10\/8-300x169.jpg 300w, https:\/\/home-by-ideesdeco.fr\/wp-content\/uploads\/2025\/10\/8-768x432.jpg 768w\" sizes=\"auto, (max-width: 1024px) 100vw, 1024px\" \/><\/figure>\n\n\n\n<figure class=\"wp-block-image size-large\"><img loading=\"lazy\" decoding=\"async\" width=\"1024\" height=\"585\" src=\"https:\/\/home-by-ideesdeco.fr\/wp-content\/uploads\/2025\/10\/10a-1024x585.jpg\" alt=\"\" class=\"wp-image-3119\" srcset=\"https:\/\/home-by-ideesdeco.fr\/wp-content\/uploads\/2025\/10\/10a-1024x585.jpg 1024w, https:\/\/home-by-ideesdeco.fr\/wp-content\/uploads\/2025\/10\/10a-300x171.jpg 300w, https:\/\/home-by-ideesdeco.fr\/wp-content\/uploads\/2025\/10\/10a-768x439.jpg 768w, https:\/\/home-by-ideesdeco.fr\/wp-content\/uploads\/2025\/10\/10a.jpg 1344w\" sizes=\"auto, (max-width: 1024px) 100vw, 1024px\" \/><\/figure>\n\n\n\n<figure class=\"wp-block-image size-large\"><img loading=\"lazy\" decoding=\"async\" width=\"1024\" height=\"585\" src=\"https:\/\/home-by-ideesdeco.fr\/wp-content\/uploads\/2025\/10\/10-cuisine-1024x585.jpg\" alt=\"\" class=\"wp-image-3120\" srcset=\"https:\/\/home-by-ideesdeco.fr\/wp-content\/uploads\/2025\/10\/10-cuisine-1024x585.jpg 1024w, https:\/\/home-by-ideesdeco.fr\/wp-content\/uploads\/2025\/10\/10-cuisine-300x171.jpg 300w, https:\/\/home-by-ideesdeco.fr\/wp-content\/uploads\/2025\/10\/10-cuisine-768x439.jpg 768w, https:\/\/home-by-ideesdeco.fr\/wp-content\/uploads\/2025\/10\/10-cuisine.jpg 1344w\" sizes=\"auto, (max-width: 1024px) 100vw, 1024px\" \/><\/figure>\n\n\n\n<figure class=\"wp-block-image size-full\"><img loading=\"lazy\" decoding=\"async\" width=\"1024\" height=\"576\" src=\"https:\/\/home-by-ideesdeco.fr\/wp-content\/uploads\/2025\/10\/12-ch-ch.jpg\" alt=\"\" class=\"wp-image-3121\" srcset=\"https:\/\/home-by-ideesdeco.fr\/wp-content\/uploads\/2025\/10\/12-ch-ch.jpg 1024w, https:\/\/home-by-ideesdeco.fr\/wp-content\/uploads\/2025\/10\/12-ch-ch-300x169.jpg 300w, https:\/\/home-by-ideesdeco.fr\/wp-content\/uploads\/2025\/10\/12-ch-ch-768x432.jpg 768w\" sizes=\"auto, (max-width: 1024px) 100vw, 1024px\" \/><\/figure>\n\n\n\n<figure class=\"wp-block-image size-large\"><img loading=\"lazy\" decoding=\"async\" width=\"1024\" height=\"585\" src=\"https:\/\/home-by-ideesdeco.fr\/wp-content\/uploads\/2025\/10\/13-ch-ch1-1024x585.jpg\" alt=\"\" class=\"wp-image-3122\" srcset=\"https:\/\/home-by-ideesdeco.fr\/wp-content\/uploads\/2025\/10\/13-ch-ch1-1024x585.jpg 1024w, https:\/\/home-by-ideesdeco.fr\/wp-content\/uploads\/2025\/10\/13-ch-ch1-300x171.jpg 300w, https:\/\/home-by-ideesdeco.fr\/wp-content\/uploads\/2025\/10\/13-ch-ch1-768x439.jpg 768w, https:\/\/home-by-ideesdeco.fr\/wp-content\/uploads\/2025\/10\/13-ch-ch1.jpg 1344w\" sizes=\"auto, (max-width: 1024px) 100vw, 1024px\" \/><\/figure>\n\n\n\n<figure class=\"wp-block-image size-full\"><img loading=\"lazy\" decoding=\"async\" width=\"1024\" height=\"576\" src=\"https:\/\/home-by-ideesdeco.fr\/wp-content\/uploads\/2025\/10\/15-ch-isa.jpg\" alt=\"\" class=\"wp-image-3123\" srcset=\"https:\/\/home-by-ideesdeco.fr\/wp-content\/uploads\/2025\/10\/15-ch-isa.jpg 1024w, https:\/\/home-by-ideesdeco.fr\/wp-content\/uploads\/2025\/10\/15-ch-isa-300x169.jpg 300w, https:\/\/home-by-ideesdeco.fr\/wp-content\/uploads\/2025\/10\/15-ch-isa-768x432.jpg 768w\" sizes=\"auto, (max-width: 1024px) 100vw, 1024px\" \/><\/figure>\n\n\n\n<figure class=\"wp-block-image size-large\"><img loading=\"lazy\" decoding=\"async\" width=\"1024\" height=\"585\" src=\"https:\/\/home-by-ideesdeco.fr\/wp-content\/uploads\/2025\/10\/16-ch-isa1-1024x585.jpg\" alt=\"\" class=\"wp-image-3124\" srcset=\"https:\/\/home-by-ideesdeco.fr\/wp-content\/uploads\/2025\/10\/16-ch-isa1-1024x585.jpg 1024w, https:\/\/home-by-ideesdeco.fr\/wp-content\/uploads\/2025\/10\/16-ch-isa1-300x171.jpg 300w, https:\/\/home-by-ideesdeco.fr\/wp-content\/uploads\/2025\/10\/16-ch-isa1-768x439.jpg 768w, https:\/\/home-by-ideesdeco.fr\/wp-content\/uploads\/2025\/10\/16-ch-isa1.jpg 1344w\" sizes=\"auto, (max-width: 1024px) 100vw, 1024px\" \/><\/figure>\n\n\n\n<figure class=\"wp-block-image size-large\"><img loading=\"lazy\" decoding=\"async\" width=\"1024\" height=\"585\" src=\"https:\/\/home-by-ideesdeco.fr\/wp-content\/uploads\/2025\/10\/base-1024x585.jpg\" alt=\"\" class=\"wp-image-3125\" srcset=\"https:\/\/home-by-ideesdeco.fr\/wp-content\/uploads\/2025\/10\/base-1024x585.jpg 1024w, https:\/\/home-by-ideesdeco.fr\/wp-content\/uploads\/2025\/10\/base-300x171.jpg 300w, https:\/\/home-by-ideesdeco.fr\/wp-content\/uploads\/2025\/10\/base-768x439.jpg 768w, https:\/\/home-by-ideesdeco.fr\/wp-content\/uploads\/2025\/10\/base.jpg 1344w\" sizes=\"auto, (max-width: 1024px) 100vw, 1024px\" \/><\/figure>\n\n\n\n<p>\ud83c\udfe1 Maison familiale 5 chambres \u2013 194 m\u00b2 habitables \u2013 Terrain de 1000 m\u00b2 \u2013 Domaine priv\u00e9 recherch\u00e9<\/p>\n\n\n\n<p>\ud83d\udcb0 Prix : 639 000 \u20ac<\/p>\n\n\n\n<p>Situ\u00e9e au c\u0153ur d\u2019un domaine r\u00e9sidentiel pris\u00e9, dans un environnement verdoyant et calme, cette spacieuse maison familiale de 194 m\u00b2 offre un cadre de vie id\u00e9al pour les familles en qu\u00eate de confort, d\u2019espace et de s\u00e9r\u00e9nit\u00e9.<\/p>\n\n\n\n<p>Elle comprend :<\/p>\n\n\n\n<p>5 chambres, dont une suite parentale avec salle de bains privative et une chambre au rdc avec sa salle d&#8217;eau.<\/p>\n\n\n\n<p>Un vaste s\u00e9jour lumineux, ouvert sur le jardin<\/p>\n\n\n\n<p>Une cuisine \u00e9quip\u00e9e, fonctionnelle<\/p>\n\n\n\n<p>Une salle de bains et des sanitaires ind\u00e9pendants<\/p>\n\n\n\n<p>Un garage de 25 m\u00b2, parfait pour un v\u00e9hicule et du rangement<\/p>\n\n\n\n<p>Combles am\u00e9nageables.<\/p>\n\n\n\n<p>Chauffage au gaz de ville, pour un confort thermique optimal<\/p>\n\n\n\n<p>Le tout sur un terrain plat et arbor\u00e9 de 1000 m\u00b2, propice aux jeux d\u2019enfants, aux moments en famille ou \u00e0 la cr\u00e9ation d\u2019un espace d\u00e9tente\/piscine.<\/p>\n\n\n\n<p>Ce bien se situe dans un lotissement haut de gamme, tr\u00e8s bien entretenu, offrant :<br>\u2714 Une \u00e9cole maternelle et primaire \u00e0 quelques minutes \u00e0 pied<br>\u2714 Une piscine privative au domaine<br>\u2714 Deux terrains de tennis<br>\u2714 Un club house<br>\u2714 Des sentiers pi\u00e9tons et espaces verts, pour une vie de quartier agr\u00e9able et active<\/p>\n\n\n\n<p>\ud83d\udccd \u00c0 proximit\u00e9 des commerces, transports et axes routiers, tout en b\u00e9n\u00e9ficiant d\u2019un cadre naturel privil\u00e9gi\u00e9. Proche A13 &amp; A14. Arriv\u00e9e du RER E en gare de Vernouillet en 2027. Ecole Notre Dame les Oiseaux \u00e0 proximit\u00e9.<\/p>\n\n\n\n<p>\ud83d\udd11 A visiter sans tarder !<br>\ud83d\udcde Contactez-nous pour plus d\u2019informations ou pour organiser une visite.<\/p>\n\n\n\n<p>Maison familiale 5 chambres \u2013 194 m\u00b2 habitables \u2013 Terrain de 1000 m\u00b2 \u2013 Domaine priv\u00e9 recherch\u00e9<\/p>\n\n\n\n<p>Situ\u00e9e au c\u0153ur d\u2019un domaine r\u00e9sidentiel pris\u00e9, dans un environnement verdoyant et calme, cette spacieuse maison familiale de 194 m\u00b2 offre un cadre de vie id\u00e9al pour les familles en qu\u00eate de confort, d\u2019espace et de s\u00e9r\u00e9nit\u00e9.<\/p>\n\n\n\n<p><\/p>\n\n\n\n<p><\/p>\n","protected":false},"excerpt":{"rendered":"<p>\ud83c\udfe1 Maison familiale 5 chambres \u2013 194 m\u00b2 habitables \u2013 Terrain de 1000 m\u00b2 \u2013 Domaine priv\u00e9 recherch\u00e9 \ud83d\udcb0 Prix : 639 000 \u20ac Situ\u00e9e au c\u0153ur d\u2019un domaine r\u00e9sidentiel [&hellip;]<\/p>\n","protected":false},"author":1,"featured_media":0,"parent":0,"menu_order":0,"comment_status":"closed","ping_status":"closed","template":"","meta":{"footnotes":""},"class_list":["post-3110","page","type-page","status-publish","hentry"],"_links":{"self":[{"href":"https:\/\/home-by-ideesdeco.fr\/index.php\/wp-json\/wp\/v2\/pages\/3110","targetHints":{"allow":["GET"]}}],"collection":[{"href":"https:\/\/home-by-ideesdeco.fr\/index.php\/wp-json\/wp\/v2\/pages"}],"about":[{"href":"https:\/\/home-by-ideesdeco.fr\/index.php\/wp-json\/wp\/v2\/types\/page"}],"author":[{"embeddable":true,"href":"https:\/\/home-by-ideesdeco.fr\/index.php\/wp-json\/wp\/v2\/users\/1"}],"replies":[{"embeddable":true,"href":"https:\/\/home-by-ideesdeco.fr\/index.php\/wp-json\/wp\/v2\/comments?post=3110"}],"version-history":[{"count":2,"href":"https:\/\/home-by-ideesdeco.fr\/index.php\/wp-json\/wp\/v2\/pages\/3110\/revisions"}],"predecessor-version":[{"id":3579,"href":"https:\/\/home-by-ideesdeco.fr\/index.php\/wp-json\/wp\/v2\/pages\/3110\/revisions\/3579"}],"wp:attachment":[{"href":"https:\/\/home-by-ideesdeco.fr\/index.php\/wp-json\/wp\/v2\/media?parent=3110"}],"curies":[{"name":"wp","href":"https:\/\/api.w.org\/{rel}","templated":true}]}}