{"id":3079,"date":"2025-07-17T11:58:21","date_gmt":"2025-07-17T09:58:21","guid":{"rendered":"https:\/\/home-by-ideesdeco.fr\/?page_id=3079"},"modified":"2025-07-17T11:58:21","modified_gmt":"2025-07-17T09:58:21","slug":"quadruplex-xv-eme-montfort-lamaury-595ke","status":"publish","type":"page","link":"https:\/\/home-by-ideesdeco.fr\/index.php\/quadruplex-xv-eme-montfort-lamaury-595ke\/","title":{"rendered":"Quadruplex &#8211; XV \u00e8me &#8211; Montfort l&#8217;Amaury &#8211; 595k\u20ac"},"content":{"rendered":"\n<figure class=\"wp-block-image size-full\"><img loading=\"lazy\" decoding=\"async\" width=\"1024\" height=\"768\" src=\"https:\/\/home-by-ideesdeco.fr\/wp-content\/uploads\/2025\/07\/1.jpg\" alt=\"\" class=\"wp-image-3080\" srcset=\"https:\/\/home-by-ideesdeco.fr\/wp-content\/uploads\/2025\/07\/1.jpg 1024w, https:\/\/home-by-ideesdeco.fr\/wp-content\/uploads\/2025\/07\/1-300x225.jpg 300w, https:\/\/home-by-ideesdeco.fr\/wp-content\/uploads\/2025\/07\/1-768x576.jpg 768w, https:\/\/home-by-ideesdeco.fr\/wp-content\/uploads\/2025\/07\/1-400x300.jpg 400w, https:\/\/home-by-ideesdeco.fr\/wp-content\/uploads\/2025\/07\/1-800x600.jpg 800w\" sizes=\"auto, (max-width: 1024px) 100vw, 1024px\" \/><\/figure>\n\n\n\n<figure class=\"wp-block-image size-full\"><img loading=\"lazy\" decoding=\"async\" width=\"576\" height=\"768\" src=\"https:\/\/home-by-ideesdeco.fr\/wp-content\/uploads\/2025\/07\/2.jpg\" alt=\"\" class=\"wp-image-3081\" srcset=\"https:\/\/home-by-ideesdeco.fr\/wp-content\/uploads\/2025\/07\/2.jpg 576w, https:\/\/home-by-ideesdeco.fr\/wp-content\/uploads\/2025\/07\/2-225x300.jpg 225w\" sizes=\"auto, (max-width: 576px) 100vw, 576px\" \/><\/figure>\n\n\n\n<figure class=\"wp-block-image size-full\"><img loading=\"lazy\" decoding=\"async\" width=\"1024\" height=\"768\" src=\"https:\/\/home-by-ideesdeco.fr\/wp-content\/uploads\/2025\/07\/3.jpg\" alt=\"\" class=\"wp-image-3082\" srcset=\"https:\/\/home-by-ideesdeco.fr\/wp-content\/uploads\/2025\/07\/3.jpg 1024w, https:\/\/home-by-ideesdeco.fr\/wp-content\/uploads\/2025\/07\/3-300x225.jpg 300w, https:\/\/home-by-ideesdeco.fr\/wp-content\/uploads\/2025\/07\/3-768x576.jpg 768w, https:\/\/home-by-ideesdeco.fr\/wp-content\/uploads\/2025\/07\/3-400x300.jpg 400w, https:\/\/home-by-ideesdeco.fr\/wp-content\/uploads\/2025\/07\/3-800x600.jpg 800w\" sizes=\"auto, (max-width: 1024px) 100vw, 1024px\" \/><\/figure>\n\n\n\n<figure class=\"wp-block-image size-full\"><img loading=\"lazy\" decoding=\"async\" width=\"1024\" height=\"768\" src=\"https:\/\/home-by-ideesdeco.fr\/wp-content\/uploads\/2025\/07\/4.jpg\" alt=\"\" class=\"wp-image-3083\" srcset=\"https:\/\/home-by-ideesdeco.fr\/wp-content\/uploads\/2025\/07\/4.jpg 1024w, https:\/\/home-by-ideesdeco.fr\/wp-content\/uploads\/2025\/07\/4-300x225.jpg 300w, https:\/\/home-by-ideesdeco.fr\/wp-content\/uploads\/2025\/07\/4-768x576.jpg 768w, https:\/\/home-by-ideesdeco.fr\/wp-content\/uploads\/2025\/07\/4-400x300.jpg 400w, https:\/\/home-by-ideesdeco.fr\/wp-content\/uploads\/2025\/07\/4-800x600.jpg 800w\" sizes=\"auto, (max-width: 1024px) 100vw, 1024px\" \/><\/figure>\n\n\n\n<figure class=\"wp-block-image size-full\"><img loading=\"lazy\" decoding=\"async\" width=\"1024\" height=\"768\" src=\"https:\/\/home-by-ideesdeco.fr\/wp-content\/uploads\/2025\/07\/5.jpg\" alt=\"\" class=\"wp-image-3084\" srcset=\"https:\/\/home-by-ideesdeco.fr\/wp-content\/uploads\/2025\/07\/5.jpg 1024w, https:\/\/home-by-ideesdeco.fr\/wp-content\/uploads\/2025\/07\/5-300x225.jpg 300w, https:\/\/home-by-ideesdeco.fr\/wp-content\/uploads\/2025\/07\/5-768x576.jpg 768w, https:\/\/home-by-ideesdeco.fr\/wp-content\/uploads\/2025\/07\/5-400x300.jpg 400w, https:\/\/home-by-ideesdeco.fr\/wp-content\/uploads\/2025\/07\/5-800x600.jpg 800w\" sizes=\"auto, (max-width: 1024px) 100vw, 1024px\" \/><\/figure>\n\n\n\n<figure class=\"wp-block-image size-full\"><img loading=\"lazy\" decoding=\"async\" width=\"1024\" height=\"768\" src=\"https:\/\/home-by-ideesdeco.fr\/wp-content\/uploads\/2025\/07\/6.jpg\" alt=\"\" class=\"wp-image-3085\" srcset=\"https:\/\/home-by-ideesdeco.fr\/wp-content\/uploads\/2025\/07\/6.jpg 1024w, https:\/\/home-by-ideesdeco.fr\/wp-content\/uploads\/2025\/07\/6-300x225.jpg 300w, https:\/\/home-by-ideesdeco.fr\/wp-content\/uploads\/2025\/07\/6-768x576.jpg 768w, https:\/\/home-by-ideesdeco.fr\/wp-content\/uploads\/2025\/07\/6-400x300.jpg 400w, https:\/\/home-by-ideesdeco.fr\/wp-content\/uploads\/2025\/07\/6-800x600.jpg 800w\" sizes=\"auto, (max-width: 1024px) 100vw, 1024px\" \/><\/figure>\n\n\n\n<figure class=\"wp-block-image size-full\"><img loading=\"lazy\" decoding=\"async\" width=\"1024\" height=\"724\" src=\"https:\/\/home-by-ideesdeco.fr\/wp-content\/uploads\/2025\/07\/7.jpg\" alt=\"\" class=\"wp-image-3086\" srcset=\"https:\/\/home-by-ideesdeco.fr\/wp-content\/uploads\/2025\/07\/7.jpg 1024w, https:\/\/home-by-ideesdeco.fr\/wp-content\/uploads\/2025\/07\/7-300x212.jpg 300w, https:\/\/home-by-ideesdeco.fr\/wp-content\/uploads\/2025\/07\/7-768x543.jpg 768w\" sizes=\"auto, (max-width: 1024px) 100vw, 1024px\" \/><\/figure>\n\n\n\n<figure class=\"wp-block-image size-full\"><img loading=\"lazy\" decoding=\"async\" width=\"576\" height=\"768\" src=\"https:\/\/home-by-ideesdeco.fr\/wp-content\/uploads\/2025\/07\/8.jpg\" alt=\"\" class=\"wp-image-3087\" srcset=\"https:\/\/home-by-ideesdeco.fr\/wp-content\/uploads\/2025\/07\/8.jpg 576w, https:\/\/home-by-ideesdeco.fr\/wp-content\/uploads\/2025\/07\/8-225x300.jpg 225w\" sizes=\"auto, (max-width: 576px) 100vw, 576px\" \/><\/figure>\n\n\n\n<figure class=\"wp-block-image size-full\"><img loading=\"lazy\" decoding=\"async\" width=\"576\" height=\"768\" src=\"https:\/\/home-by-ideesdeco.fr\/wp-content\/uploads\/2025\/07\/10.jpg\" alt=\"\" class=\"wp-image-3088\" srcset=\"https:\/\/home-by-ideesdeco.fr\/wp-content\/uploads\/2025\/07\/10.jpg 576w, https:\/\/home-by-ideesdeco.fr\/wp-content\/uploads\/2025\/07\/10-225x300.jpg 225w\" sizes=\"auto, (max-width: 576px) 100vw, 576px\" \/><\/figure>\n\n\n\n<figure class=\"wp-block-image size-full\"><img loading=\"lazy\" decoding=\"async\" width=\"1024\" height=\"768\" src=\"https:\/\/home-by-ideesdeco.fr\/wp-content\/uploads\/2025\/07\/11.jpg\" alt=\"\" class=\"wp-image-3089\" srcset=\"https:\/\/home-by-ideesdeco.fr\/wp-content\/uploads\/2025\/07\/11.jpg 1024w, https:\/\/home-by-ideesdeco.fr\/wp-content\/uploads\/2025\/07\/11-300x225.jpg 300w, https:\/\/home-by-ideesdeco.fr\/wp-content\/uploads\/2025\/07\/11-768x576.jpg 768w, https:\/\/home-by-ideesdeco.fr\/wp-content\/uploads\/2025\/07\/11-400x300.jpg 400w, https:\/\/home-by-ideesdeco.fr\/wp-content\/uploads\/2025\/07\/11-800x600.jpg 800w\" sizes=\"auto, (max-width: 1024px) 100vw, 1024px\" \/><\/figure>\n\n\n\n<figure class=\"wp-block-image size-full\"><img loading=\"lazy\" decoding=\"async\" width=\"576\" height=\"768\" src=\"https:\/\/home-by-ideesdeco.fr\/wp-content\/uploads\/2025\/07\/12.jpg\" alt=\"\" class=\"wp-image-3090\" srcset=\"https:\/\/home-by-ideesdeco.fr\/wp-content\/uploads\/2025\/07\/12.jpg 576w, https:\/\/home-by-ideesdeco.fr\/wp-content\/uploads\/2025\/07\/12-225x300.jpg 225w\" sizes=\"auto, (max-width: 576px) 100vw, 576px\" \/><\/figure>\n\n\n\n<p>Situ\u00e9 au c\u0153ur du village historique de Montfort-l&#8217;Amaury, d\u00e9couvrez ce magnifique quadruplex unique, nich\u00e9 dans l&#8217;ancien tribunal datant du XVe si\u00e8cle. Ce b\u00e2timent charg\u00e9 d&#8217;histoire allie le cachet de l&#8217;ancien au confort moderne.<\/p>\n\n\n\n<p>Avec ses volumes g\u00e9n\u00e9reux, ses poutres apparentes et ses pierres d\u00e9voil\u00e9es, chaque niveau r\u00e9v\u00e8le un caract\u00e8re unique. Id\u00e9al pour une r\u00e9sidence familiale ou un investissement locatif de prestige.<\/p>\n\n\n\n<p>Points forts :<\/p>\n\n\n\n<ul class=\"wp-block-list\">\n<li>Architecture authentique du XVe si\u00e8cle<\/li>\n\n\n\n<li>Emplacement privil\u00e9gi\u00e9 dans le c\u0153ur d&#8217;un village historique<\/li>\n\n\n\n<li>Luminosit\u00e9 exceptionnelle gr\u00e2ce \u00e0 de grandes ouvertures<\/li>\n\n\n\n<li>Proximit\u00e9 des commerces et commodit\u00e9s.<\/li>\n<\/ul>\n\n\n\n<p>Une opportunit\u00e9 rare pour les amateurs d&#8217;histoire et de patrimoine.<\/p>\n\n\n\n<p>Contactez-nous pour une visite priv\u00e9e et laissez-vous s\u00e9duire par ce bien d&#8217;exception!<\/p>\n\n\n\n<p>R\u00e9partition des pi\u00e8ces :<\/p>\n\n\n\n<p>Au rez-de-chauss\u00e9e :<\/p>\n\n\n\n<ul class=\"wp-block-list\">\n<li>Belle entr\u00e9e de 27,4 m\u00b2 donnant sur l&#8217;acc\u00e8s aux caves vo\u00fbt\u00e9es d&#8217;\u00e9poque<\/li>\n\n\n\n<li>Espace de jeux de 7,4 m\u00b2<\/li>\n<\/ul>\n\n\n\n<p>Total rez-de-chauss\u00e9e : 34,8 m\u00b2<\/p>\n\n\n\n<p>Au 1er \u00e9tage \/ Rez-de-terrasse :<\/p>\n\n\n\n<ul class=\"wp-block-list\">\n<li>S\u00e9jour-cuisine de 30 m\u00b2<\/li>\n\n\n\n<li>Palier de 3,6 m\u00b2<\/li>\n\n\n\n<li>Wc de 3,2 m\u00b2.<\/li>\n<\/ul>\n\n\n\n<p>Total 1er \u00e9tage : 36,8 m\u00b2.<\/p>\n\n\n\n<p>Au 2e \u00e9tage :<\/p>\n\n\n\n<ul class=\"wp-block-list\">\n<li>Un d\u00e9gagement de 7,8 m\u00b2 desservant :<\/li>\n\n\n\n<li>Un grand dressing s\u00e9par\u00e9 de 8,4 m\u00b2<\/li>\n\n\n\n<li>Une chambre de 11,5 m\u00b2<\/li>\n\n\n\n<li>Une chambre de 9 m\u00b2<\/li>\n\n\n\n<li>Une salle d&#8217;eau de 5,6 m\u00b2.<\/li>\n<\/ul>\n\n\n\n<p>Total 2e \u00e9tage : 42,3 m\u00b2.<\/p>\n\n\n\n<p>Au 3e \u00e9tage :<\/p>\n\n\n\n<ul class=\"wp-block-list\">\n<li>Une grande chambre parentale de 33 m\u00b2 avec une tr\u00e8s belle ferme en bois apparente.<\/li>\n<\/ul>\n\n\n\n<p>Au -1 :<\/p>\n\n\n\n<ul class=\"wp-block-list\">\n<li>Salle TV \/ Musique de 20,7 m\u00b2<\/li>\n\n\n\n<li>Bel espace de rangement de 7,2 m\u00b2.<\/li>\n<\/ul>\n\n\n\n<p>Surface -1 : 27,9 m\u00b2.<\/p>\n\n\n\n<p>Au niveau -2 : Cave vo\u00fbt\u00e9e de 40 m\u00b2 id\u00e9ale pour cave \u00e0 vin et stockage.<\/p>\n\n\n\n<p>Surface habitable totale : 174,6 m\u00b2<\/p>\n\n\n\n<p>Diagnostic de performance \u00e9nerg\u00e9tique (DPE) : En cours de r\u00e9alisation<br>Diagnostic des \u00e9missions de gaz \u00e0 effet de serre (GES) : En cours de r\u00e9alisation<\/p>\n\n\n\n<p>Travaux d&#8217;am\u00e9nagement \u00e0 pr\u00e9voir.<\/p>\n\n\n\n<p>Possibilit\u00e9 de fournir les plans de la maison. 595 k\u20ac<\/p>\n\n\n\n<p><\/p>\n","protected":false},"excerpt":{"rendered":"<p>Situ\u00e9 au c\u0153ur du village historique de Montfort-l&#8217;Amaury, d\u00e9couvrez ce magnifique quadruplex unique, nich\u00e9 dans l&#8217;ancien tribunal datant du XVe si\u00e8cle. Ce b\u00e2timent charg\u00e9 d&#8217;histoire allie le cachet de l&#8217;ancien [&hellip;]<\/p>\n","protected":false},"author":1,"featured_media":0,"parent":0,"menu_order":0,"comment_status":"closed","ping_status":"closed","template":"","meta":{"footnotes":""},"class_list":["post-3079","page","type-page","status-publish","hentry"],"_links":{"self":[{"href":"https:\/\/home-by-ideesdeco.fr\/index.php\/wp-json\/wp\/v2\/pages\/3079","targetHints":{"allow":["GET"]}}],"collection":[{"href":"https:\/\/home-by-ideesdeco.fr\/index.php\/wp-json\/wp\/v2\/pages"}],"about":[{"href":"https:\/\/home-by-ideesdeco.fr\/index.php\/wp-json\/wp\/v2\/types\/page"}],"author":[{"embeddable":true,"href":"https:\/\/home-by-ideesdeco.fr\/index.php\/wp-json\/wp\/v2\/users\/1"}],"replies":[{"embeddable":true,"href":"https:\/\/home-by-ideesdeco.fr\/index.php\/wp-json\/wp\/v2\/comments?post=3079"}],"version-history":[{"count":1,"href":"https:\/\/home-by-ideesdeco.fr\/index.php\/wp-json\/wp\/v2\/pages\/3079\/revisions"}],"predecessor-version":[{"id":3091,"href":"https:\/\/home-by-ideesdeco.fr\/index.php\/wp-json\/wp\/v2\/pages\/3079\/revisions\/3091"}],"wp:attachment":[{"href":"https:\/\/home-by-ideesdeco.fr\/index.php\/wp-json\/wp\/v2\/media?parent=3079"}],"curies":[{"name":"wp","href":"https:\/\/api.w.org\/{rel}","templated":true}]}}