{"id":3044,"date":"2025-06-12T16:22:23","date_gmt":"2025-06-12T14:22:23","guid":{"rendered":"https:\/\/home-by-ideesdeco.fr\/?page_id=3044"},"modified":"2026-03-09T10:09:45","modified_gmt":"2026-03-09T09:09:45","slug":"verneuil-centre-maison-3-4-pieces-70-m2-2-chambres","status":"publish","type":"page","link":"https:\/\/home-by-ideesdeco.fr\/index.php\/verneuil-centre-maison-3-4-pieces-70-m2-2-chambres\/","title":{"rendered":"Verneuil Centre Maison 3\/4 pi\u00e8ces 70 m2 &#8211; 2 chambres"},"content":{"rendered":"\n<figure class=\"wp-block-image size-large\"><img loading=\"lazy\" decoding=\"async\" width=\"1024\" height=\"576\" src=\"https:\/\/home-by-ideesdeco.fr\/wp-content\/uploads\/2025\/06\/1-1024x576.jpg\" alt=\"\" class=\"wp-image-3045\" srcset=\"https:\/\/home-by-ideesdeco.fr\/wp-content\/uploads\/2025\/06\/1-1024x576.jpg 1024w, https:\/\/home-by-ideesdeco.fr\/wp-content\/uploads\/2025\/06\/1-300x169.jpg 300w, https:\/\/home-by-ideesdeco.fr\/wp-content\/uploads\/2025\/06\/1-768x432.jpg 768w, https:\/\/home-by-ideesdeco.fr\/wp-content\/uploads\/2025\/06\/1.jpg 1365w\" sizes=\"auto, (max-width: 1024px) 100vw, 1024px\" \/><\/figure>\n\n\n\n<figure class=\"wp-block-image size-full\"><img loading=\"lazy\" decoding=\"async\" width=\"1024\" height=\"768\" src=\"https:\/\/home-by-ideesdeco.fr\/wp-content\/uploads\/2025\/06\/3bis.jpg\" alt=\"\" class=\"wp-image-3046\" srcset=\"https:\/\/home-by-ideesdeco.fr\/wp-content\/uploads\/2025\/06\/3bis.jpg 1024w, https:\/\/home-by-ideesdeco.fr\/wp-content\/uploads\/2025\/06\/3bis-300x225.jpg 300w, https:\/\/home-by-ideesdeco.fr\/wp-content\/uploads\/2025\/06\/3bis-768x576.jpg 768w, https:\/\/home-by-ideesdeco.fr\/wp-content\/uploads\/2025\/06\/3bis-400x300.jpg 400w, https:\/\/home-by-ideesdeco.fr\/wp-content\/uploads\/2025\/06\/3bis-800x600.jpg 800w\" sizes=\"auto, (max-width: 1024px) 100vw, 1024px\" \/><\/figure>\n\n\n\n<figure class=\"wp-block-image size-large\"><img loading=\"lazy\" decoding=\"async\" width=\"1024\" height=\"576\" src=\"https:\/\/home-by-ideesdeco.fr\/wp-content\/uploads\/2025\/06\/2-1024x576.jpg\" alt=\"\" class=\"wp-image-3047\" srcset=\"https:\/\/home-by-ideesdeco.fr\/wp-content\/uploads\/2025\/06\/2-1024x576.jpg 1024w, https:\/\/home-by-ideesdeco.fr\/wp-content\/uploads\/2025\/06\/2-300x169.jpg 300w, https:\/\/home-by-ideesdeco.fr\/wp-content\/uploads\/2025\/06\/2-768x432.jpg 768w, https:\/\/home-by-ideesdeco.fr\/wp-content\/uploads\/2025\/06\/2.jpg 1365w\" sizes=\"auto, (max-width: 1024px) 100vw, 1024px\" \/><\/figure>\n\n\n\n<figure class=\"wp-block-image size-full\"><img loading=\"lazy\" decoding=\"async\" width=\"1024\" height=\"768\" src=\"https:\/\/home-by-ideesdeco.fr\/wp-content\/uploads\/2025\/06\/rdc1.jpg\" alt=\"\" class=\"wp-image-3048\" srcset=\"https:\/\/home-by-ideesdeco.fr\/wp-content\/uploads\/2025\/06\/rdc1.jpg 1024w, https:\/\/home-by-ideesdeco.fr\/wp-content\/uploads\/2025\/06\/rdc1-300x225.jpg 300w, https:\/\/home-by-ideesdeco.fr\/wp-content\/uploads\/2025\/06\/rdc1-768x576.jpg 768w, https:\/\/home-by-ideesdeco.fr\/wp-content\/uploads\/2025\/06\/rdc1-400x300.jpg 400w, https:\/\/home-by-ideesdeco.fr\/wp-content\/uploads\/2025\/06\/rdc1-800x600.jpg 800w\" sizes=\"auto, (max-width: 1024px) 100vw, 1024px\" \/><\/figure>\n\n\n\n<figure class=\"wp-block-image size-full\"><img loading=\"lazy\" decoding=\"async\" width=\"1024\" height=\"768\" src=\"https:\/\/home-by-ideesdeco.fr\/wp-content\/uploads\/2025\/06\/rdc2.jpg\" alt=\"\" class=\"wp-image-3049\" srcset=\"https:\/\/home-by-ideesdeco.fr\/wp-content\/uploads\/2025\/06\/rdc2.jpg 1024w, https:\/\/home-by-ideesdeco.fr\/wp-content\/uploads\/2025\/06\/rdc2-300x225.jpg 300w, https:\/\/home-by-ideesdeco.fr\/wp-content\/uploads\/2025\/06\/rdc2-768x576.jpg 768w, https:\/\/home-by-ideesdeco.fr\/wp-content\/uploads\/2025\/06\/rdc2-400x300.jpg 400w, https:\/\/home-by-ideesdeco.fr\/wp-content\/uploads\/2025\/06\/rdc2-800x600.jpg 800w\" sizes=\"auto, (max-width: 1024px) 100vw, 1024px\" \/><\/figure>\n\n\n\n<figure class=\"wp-block-image size-full\"><img loading=\"lazy\" decoding=\"async\" width=\"1024\" height=\"768\" src=\"https:\/\/home-by-ideesdeco.fr\/wp-content\/uploads\/2025\/06\/7.jpg\" alt=\"\" class=\"wp-image-3050\" srcset=\"https:\/\/home-by-ideesdeco.fr\/wp-content\/uploads\/2025\/06\/7.jpg 1024w, https:\/\/home-by-ideesdeco.fr\/wp-content\/uploads\/2025\/06\/7-300x225.jpg 300w, https:\/\/home-by-ideesdeco.fr\/wp-content\/uploads\/2025\/06\/7-768x576.jpg 768w, https:\/\/home-by-ideesdeco.fr\/wp-content\/uploads\/2025\/06\/7-400x300.jpg 400w, https:\/\/home-by-ideesdeco.fr\/wp-content\/uploads\/2025\/06\/7-800x600.jpg 800w\" sizes=\"auto, (max-width: 1024px) 100vw, 1024px\" \/><\/figure>\n\n\n\n<figure class=\"wp-block-image size-full\"><img loading=\"lazy\" decoding=\"async\" width=\"1024\" height=\"768\" src=\"https:\/\/home-by-ideesdeco.fr\/wp-content\/uploads\/2025\/06\/8.jpg\" alt=\"\" class=\"wp-image-3051\" srcset=\"https:\/\/home-by-ideesdeco.fr\/wp-content\/uploads\/2025\/06\/8.jpg 1024w, https:\/\/home-by-ideesdeco.fr\/wp-content\/uploads\/2025\/06\/8-300x225.jpg 300w, https:\/\/home-by-ideesdeco.fr\/wp-content\/uploads\/2025\/06\/8-768x576.jpg 768w, https:\/\/home-by-ideesdeco.fr\/wp-content\/uploads\/2025\/06\/8-400x300.jpg 400w, https:\/\/home-by-ideesdeco.fr\/wp-content\/uploads\/2025\/06\/8-800x600.jpg 800w\" sizes=\"auto, (max-width: 1024px) 100vw, 1024px\" \/><\/figure>\n\n\n\n<figure class=\"wp-block-image size-full\"><img loading=\"lazy\" decoding=\"async\" width=\"1024\" height=\"768\" src=\"https:\/\/home-by-ideesdeco.fr\/wp-content\/uploads\/2025\/06\/5.jpg\" alt=\"\" class=\"wp-image-3052\" srcset=\"https:\/\/home-by-ideesdeco.fr\/wp-content\/uploads\/2025\/06\/5.jpg 1024w, https:\/\/home-by-ideesdeco.fr\/wp-content\/uploads\/2025\/06\/5-300x225.jpg 300w, https:\/\/home-by-ideesdeco.fr\/wp-content\/uploads\/2025\/06\/5-768x576.jpg 768w, https:\/\/home-by-ideesdeco.fr\/wp-content\/uploads\/2025\/06\/5-400x300.jpg 400w, https:\/\/home-by-ideesdeco.fr\/wp-content\/uploads\/2025\/06\/5-800x600.jpg 800w\" sizes=\"auto, (max-width: 1024px) 100vw, 1024px\" \/><\/figure>\n\n\n\n<figure class=\"wp-block-image size-full\"><img loading=\"lazy\" decoding=\"async\" width=\"1024\" height=\"768\" src=\"https:\/\/home-by-ideesdeco.fr\/wp-content\/uploads\/2025\/06\/6.jpg\" alt=\"\" class=\"wp-image-3053\" srcset=\"https:\/\/home-by-ideesdeco.fr\/wp-content\/uploads\/2025\/06\/6.jpg 1024w, https:\/\/home-by-ideesdeco.fr\/wp-content\/uploads\/2025\/06\/6-300x225.jpg 300w, https:\/\/home-by-ideesdeco.fr\/wp-content\/uploads\/2025\/06\/6-768x576.jpg 768w, https:\/\/home-by-ideesdeco.fr\/wp-content\/uploads\/2025\/06\/6-400x300.jpg 400w, https:\/\/home-by-ideesdeco.fr\/wp-content\/uploads\/2025\/06\/6-800x600.jpg 800w\" sizes=\"auto, (max-width: 1024px) 100vw, 1024px\" \/><\/figure>\n\n\n\n<p>Centre ville de Verneuil sur Seine, maison de 70 m2 environ sur 3 niveaux avec jardin clos de 80 m2.<br>Id\u00e9alement plac\u00e9e, \u00e0 5 minutes \u00e0 pied du centre ville, de toutes les commodit\u00e9s, des \u00e9coles et \u00e0 10 minutes \u00e0 pied de la gare de Verneuil Vernouillet ou s&#8217;arr\u00eatera en 2027 le futur RER E, se trouve cette maison de 70 m2 habitables environ sur 3 niveau avec 2 chambres.<br>Pass\u00e9 le portail qui donne sur un jardin de 80 m2 environ, vous acc\u00e9dez dans cette maison r\u00e9nov\u00e9e par un sas d&#8217;entr\u00e9e. Au rdc une grande pi\u00e8ce \u00e0 vivre de 35 m2 vous accueille, avec sa cuisine ouverte sur le salon salle \u00e0 manger. Wc au rdc et escalier qui vous m\u00e8ne au premier \u00e9tage.<\/p>\n\n\n\n<p>Au premier \u00e9tage, un couloir dessert une grande chambre de 17m2, une salle de bain de 8m2 et un autre escalier menant aux combles am\u00e9nag\u00e9s. Dans ces combles il y a la possibilit\u00e9 de faire une seconde chambre, un bureau, ou une salle de jeu.<\/p>\n\n\n\n<p>Points forts de cette maison :<br>1 jardin de 100 m2 en centre ville<br>R\u00e9novation r\u00e9cente<br>Emplacement privil\u00e9gi\u00e9, qui n&#8217;impose pas d&#8217;avoir une voiture.<\/p>\n\n\n\n<p>280 k\u20ac.<\/p>\n\n\n\n<p><\/p>\n","protected":false},"excerpt":{"rendered":"<p>Centre ville de Verneuil sur Seine, maison de 70 m2 environ sur 3 niveaux avec jardin clos de 80 m2.Id\u00e9alement plac\u00e9e, \u00e0 5 minutes \u00e0 pied du centre ville, de [&hellip;]<\/p>\n","protected":false},"author":1,"featured_media":0,"parent":0,"menu_order":0,"comment_status":"closed","ping_status":"closed","template":"","meta":{"footnotes":""},"class_list":["post-3044","page","type-page","status-publish","hentry"],"_links":{"self":[{"href":"https:\/\/home-by-ideesdeco.fr\/index.php\/wp-json\/wp\/v2\/pages\/3044","targetHints":{"allow":["GET"]}}],"collection":[{"href":"https:\/\/home-by-ideesdeco.fr\/index.php\/wp-json\/wp\/v2\/pages"}],"about":[{"href":"https:\/\/home-by-ideesdeco.fr\/index.php\/wp-json\/wp\/v2\/types\/page"}],"author":[{"embeddable":true,"href":"https:\/\/home-by-ideesdeco.fr\/index.php\/wp-json\/wp\/v2\/users\/1"}],"replies":[{"embeddable":true,"href":"https:\/\/home-by-ideesdeco.fr\/index.php\/wp-json\/wp\/v2\/comments?post=3044"}],"version-history":[{"count":3,"href":"https:\/\/home-by-ideesdeco.fr\/index.php\/wp-json\/wp\/v2\/pages\/3044\/revisions"}],"predecessor-version":[{"id":3449,"href":"https:\/\/home-by-ideesdeco.fr\/index.php\/wp-json\/wp\/v2\/pages\/3044\/revisions\/3449"}],"wp:attachment":[{"href":"https:\/\/home-by-ideesdeco.fr\/index.php\/wp-json\/wp\/v2\/media?parent=3044"}],"curies":[{"name":"wp","href":"https:\/\/api.w.org\/{rel}","templated":true}]}}