{"id":2975,"date":"2025-05-03T18:43:58","date_gmt":"2025-05-03T16:43:58","guid":{"rendered":"https:\/\/home-by-ideesdeco.fr\/?page_id=2975"},"modified":"2025-05-07T11:13:32","modified_gmt":"2025-05-07T09:13:32","slug":"vernouillet-maison-5-pieces-4-chambres-avec-piscine-dans-un-secteur-residentiel-et-proche-du-centre-ville","status":"publish","type":"page","link":"https:\/\/home-by-ideesdeco.fr\/index.php\/vernouillet-maison-5-pieces-4-chambres-avec-piscine-dans-un-secteur-residentiel-et-proche-du-centre-ville\/","title":{"rendered":"Vernouillet \u2013 Maison 6 pi\u00e8ces &#8211; 4 chambres, avec piscine, dans un secteur r\u00e9sidentiel, proche de coll\u00e8ge et maternelle."},"content":{"rendered":"\n<figure class=\"wp-block-image size-large\"><img loading=\"lazy\" decoding=\"async\" width=\"1024\" height=\"725\" src=\"https:\/\/home-by-ideesdeco.fr\/wp-content\/uploads\/2025\/05\/montage-1024x725.jpg\" alt=\"\" class=\"wp-image-2990\" srcset=\"https:\/\/home-by-ideesdeco.fr\/wp-content\/uploads\/2025\/05\/montage-1024x725.jpg 1024w, https:\/\/home-by-ideesdeco.fr\/wp-content\/uploads\/2025\/05\/montage-300x212.jpg 300w, https:\/\/home-by-ideesdeco.fr\/wp-content\/uploads\/2025\/05\/montage-768x544.jpg 768w, https:\/\/home-by-ideesdeco.fr\/wp-content\/uploads\/2025\/05\/montage.jpg 1093w\" sizes=\"auto, (max-width: 1024px) 100vw, 1024px\" \/><\/figure>\n\n\n\n<figure class=\"wp-block-image size-full\"><img loading=\"lazy\" decoding=\"async\" width=\"1024\" height=\"683\" src=\"https:\/\/home-by-ideesdeco.fr\/wp-content\/uploads\/2025\/05\/jardin4.jpg\" alt=\"\" class=\"wp-image-2976\" srcset=\"https:\/\/home-by-ideesdeco.fr\/wp-content\/uploads\/2025\/05\/jardin4.jpg 1024w, https:\/\/home-by-ideesdeco.fr\/wp-content\/uploads\/2025\/05\/jardin4-300x200.jpg 300w, https:\/\/home-by-ideesdeco.fr\/wp-content\/uploads\/2025\/05\/jardin4-768x512.jpg 768w\" sizes=\"auto, (max-width: 1024px) 100vw, 1024px\" \/><\/figure>\n\n\n\n<figure class=\"wp-block-image size-full\"><img loading=\"lazy\" decoding=\"async\" width=\"1024\" height=\"683\" src=\"https:\/\/home-by-ideesdeco.fr\/wp-content\/uploads\/2025\/05\/jardin2.jpg\" alt=\"\" class=\"wp-image-2992\" srcset=\"https:\/\/home-by-ideesdeco.fr\/wp-content\/uploads\/2025\/05\/jardin2.jpg 1024w, https:\/\/home-by-ideesdeco.fr\/wp-content\/uploads\/2025\/05\/jardin2-300x200.jpg 300w, https:\/\/home-by-ideesdeco.fr\/wp-content\/uploads\/2025\/05\/jardin2-768x512.jpg 768w\" sizes=\"auto, (max-width: 1024px) 100vw, 1024px\" \/><\/figure>\n\n\n\n<figure class=\"wp-block-image size-full\"><img loading=\"lazy\" decoding=\"async\" width=\"1024\" height=\"683\" src=\"https:\/\/home-by-ideesdeco.fr\/wp-content\/uploads\/2025\/05\/potager.png\" alt=\"\" class=\"wp-image-2997\" srcset=\"https:\/\/home-by-ideesdeco.fr\/wp-content\/uploads\/2025\/05\/potager.png 1024w, https:\/\/home-by-ideesdeco.fr\/wp-content\/uploads\/2025\/05\/potager-300x200.png 300w, https:\/\/home-by-ideesdeco.fr\/wp-content\/uploads\/2025\/05\/potager-768x512.png 768w\" sizes=\"auto, (max-width: 1024px) 100vw, 1024px\" \/><\/figure>\n\n\n\n<figure class=\"wp-block-image size-full\"><img loading=\"lazy\" decoding=\"async\" width=\"1024\" height=\"683\" src=\"http:\/\/home-by-ideesdeco.fr\/wp-content\/uploads\/2025\/05\/facade1.png\" alt=\"\" class=\"wp-image-3002\" srcset=\"https:\/\/home-by-ideesdeco.fr\/wp-content\/uploads\/2025\/05\/facade1.png 1024w, https:\/\/home-by-ideesdeco.fr\/wp-content\/uploads\/2025\/05\/facade1-300x200.png 300w, https:\/\/home-by-ideesdeco.fr\/wp-content\/uploads\/2025\/05\/facade1-768x512.png 768w\" sizes=\"auto, (max-width: 1024px) 100vw, 1024px\" \/><\/figure>\n\n\n\n<figure class=\"wp-block-image size-full\"><img loading=\"lazy\" decoding=\"async\" width=\"1024\" height=\"768\" src=\"https:\/\/home-by-ideesdeco.fr\/wp-content\/uploads\/2025\/05\/salon.png\" alt=\"\" class=\"wp-image-2977\" srcset=\"https:\/\/home-by-ideesdeco.fr\/wp-content\/uploads\/2025\/05\/salon.png 1024w, https:\/\/home-by-ideesdeco.fr\/wp-content\/uploads\/2025\/05\/salon-300x225.png 300w, https:\/\/home-by-ideesdeco.fr\/wp-content\/uploads\/2025\/05\/salon-768x576.png 768w, https:\/\/home-by-ideesdeco.fr\/wp-content\/uploads\/2025\/05\/salon-400x300.png 400w, https:\/\/home-by-ideesdeco.fr\/wp-content\/uploads\/2025\/05\/salon-800x600.png 800w\" sizes=\"auto, (max-width: 1024px) 100vw, 1024px\" \/><\/figure>\n\n\n\n<figure class=\"wp-block-image size-full\"><img loading=\"lazy\" decoding=\"async\" width=\"1024\" height=\"576\" src=\"https:\/\/home-by-ideesdeco.fr\/wp-content\/uploads\/2025\/05\/salon-alain1.png\" alt=\"\" class=\"wp-image-2999\" srcset=\"https:\/\/home-by-ideesdeco.fr\/wp-content\/uploads\/2025\/05\/salon-alain1.png 1024w, https:\/\/home-by-ideesdeco.fr\/wp-content\/uploads\/2025\/05\/salon-alain1-300x169.png 300w, https:\/\/home-by-ideesdeco.fr\/wp-content\/uploads\/2025\/05\/salon-alain1-768x432.png 768w\" sizes=\"auto, (max-width: 1024px) 100vw, 1024px\" \/><\/figure>\n\n\n\n<figure class=\"wp-block-image size-full\"><img loading=\"lazy\" decoding=\"async\" width=\"1024\" height=\"620\" src=\"http:\/\/home-by-ideesdeco.fr\/wp-content\/uploads\/2025\/05\/salon-alain.png\" alt=\"\" class=\"wp-image-2998\" srcset=\"https:\/\/home-by-ideesdeco.fr\/wp-content\/uploads\/2025\/05\/salon-alain.png 1024w, https:\/\/home-by-ideesdeco.fr\/wp-content\/uploads\/2025\/05\/salon-alain-300x182.png 300w, https:\/\/home-by-ideesdeco.fr\/wp-content\/uploads\/2025\/05\/salon-alain-768x465.png 768w\" sizes=\"auto, (max-width: 1024px) 100vw, 1024px\" \/><\/figure>\n\n\n\n<figure class=\"wp-block-image size-full\"><img loading=\"lazy\" decoding=\"async\" width=\"1024\" height=\"768\" src=\"https:\/\/home-by-ideesdeco.fr\/wp-content\/uploads\/2025\/05\/cuisine.png\" alt=\"\" class=\"wp-image-2981\" srcset=\"https:\/\/home-by-ideesdeco.fr\/wp-content\/uploads\/2025\/05\/cuisine.png 1024w, https:\/\/home-by-ideesdeco.fr\/wp-content\/uploads\/2025\/05\/cuisine-300x225.png 300w, https:\/\/home-by-ideesdeco.fr\/wp-content\/uploads\/2025\/05\/cuisine-768x576.png 768w, https:\/\/home-by-ideesdeco.fr\/wp-content\/uploads\/2025\/05\/cuisine-400x300.png 400w, https:\/\/home-by-ideesdeco.fr\/wp-content\/uploads\/2025\/05\/cuisine-800x600.png 800w\" sizes=\"auto, (max-width: 1024px) 100vw, 1024px\" \/><\/figure>\n\n\n\n<figure class=\"wp-block-image size-full\"><img loading=\"lazy\" decoding=\"async\" width=\"1024\" height=\"768\" src=\"https:\/\/home-by-ideesdeco.fr\/wp-content\/uploads\/2025\/05\/cuisine1.png\" alt=\"\" class=\"wp-image-2982\" srcset=\"https:\/\/home-by-ideesdeco.fr\/wp-content\/uploads\/2025\/05\/cuisine1.png 1024w, https:\/\/home-by-ideesdeco.fr\/wp-content\/uploads\/2025\/05\/cuisine1-300x225.png 300w, https:\/\/home-by-ideesdeco.fr\/wp-content\/uploads\/2025\/05\/cuisine1-768x576.png 768w, https:\/\/home-by-ideesdeco.fr\/wp-content\/uploads\/2025\/05\/cuisine1-400x300.png 400w, https:\/\/home-by-ideesdeco.fr\/wp-content\/uploads\/2025\/05\/cuisine1-800x600.png 800w\" sizes=\"auto, (max-width: 1024px) 100vw, 1024px\" \/><\/figure>\n\n\n\n<figure class=\"wp-block-image size-full\"><img loading=\"lazy\" decoding=\"async\" width=\"1024\" height=\"768\" src=\"https:\/\/home-by-ideesdeco.fr\/wp-content\/uploads\/2025\/05\/cuisine2.png\" alt=\"\" class=\"wp-image-2983\" srcset=\"https:\/\/home-by-ideesdeco.fr\/wp-content\/uploads\/2025\/05\/cuisine2.png 1024w, https:\/\/home-by-ideesdeco.fr\/wp-content\/uploads\/2025\/05\/cuisine2-300x225.png 300w, https:\/\/home-by-ideesdeco.fr\/wp-content\/uploads\/2025\/05\/cuisine2-768x576.png 768w, https:\/\/home-by-ideesdeco.fr\/wp-content\/uploads\/2025\/05\/cuisine2-400x300.png 400w, https:\/\/home-by-ideesdeco.fr\/wp-content\/uploads\/2025\/05\/cuisine2-800x600.png 800w\" sizes=\"auto, (max-width: 1024px) 100vw, 1024px\" \/><\/figure>\n\n\n\n<figure class=\"wp-block-image size-full\"><img loading=\"lazy\" decoding=\"async\" width=\"1024\" height=\"768\" src=\"https:\/\/home-by-ideesdeco.fr\/wp-content\/uploads\/2025\/05\/chambre1.png\" alt=\"\" class=\"wp-image-2984\" srcset=\"https:\/\/home-by-ideesdeco.fr\/wp-content\/uploads\/2025\/05\/chambre1.png 1024w, https:\/\/home-by-ideesdeco.fr\/wp-content\/uploads\/2025\/05\/chambre1-300x225.png 300w, https:\/\/home-by-ideesdeco.fr\/wp-content\/uploads\/2025\/05\/chambre1-768x576.png 768w, https:\/\/home-by-ideesdeco.fr\/wp-content\/uploads\/2025\/05\/chambre1-400x300.png 400w, https:\/\/home-by-ideesdeco.fr\/wp-content\/uploads\/2025\/05\/chambre1-800x600.png 800w\" sizes=\"auto, (max-width: 1024px) 100vw, 1024px\" \/><\/figure>\n\n\n\n<figure class=\"wp-block-image size-full\"><img loading=\"lazy\" decoding=\"async\" width=\"1024\" height=\"768\" src=\"https:\/\/home-by-ideesdeco.fr\/wp-content\/uploads\/2025\/05\/chambre3.png\" alt=\"\" class=\"wp-image-2985\" srcset=\"https:\/\/home-by-ideesdeco.fr\/wp-content\/uploads\/2025\/05\/chambre3.png 1024w, https:\/\/home-by-ideesdeco.fr\/wp-content\/uploads\/2025\/05\/chambre3-300x225.png 300w, https:\/\/home-by-ideesdeco.fr\/wp-content\/uploads\/2025\/05\/chambre3-768x576.png 768w, https:\/\/home-by-ideesdeco.fr\/wp-content\/uploads\/2025\/05\/chambre3-400x300.png 400w, https:\/\/home-by-ideesdeco.fr\/wp-content\/uploads\/2025\/05\/chambre3-800x600.png 800w\" sizes=\"auto, (max-width: 1024px) 100vw, 1024px\" \/><\/figure>\n\n\n\n<figure class=\"wp-block-image size-full\"><img loading=\"lazy\" decoding=\"async\" width=\"1024\" height=\"768\" src=\"https:\/\/home-by-ideesdeco.fr\/wp-content\/uploads\/2025\/05\/chambre2.png\" alt=\"\" class=\"wp-image-2991\" srcset=\"https:\/\/home-by-ideesdeco.fr\/wp-content\/uploads\/2025\/05\/chambre2.png 1024w, https:\/\/home-by-ideesdeco.fr\/wp-content\/uploads\/2025\/05\/chambre2-300x225.png 300w, https:\/\/home-by-ideesdeco.fr\/wp-content\/uploads\/2025\/05\/chambre2-768x576.png 768w, https:\/\/home-by-ideesdeco.fr\/wp-content\/uploads\/2025\/05\/chambre2-400x300.png 400w, https:\/\/home-by-ideesdeco.fr\/wp-content\/uploads\/2025\/05\/chambre2-800x600.png 800w\" sizes=\"auto, (max-width: 1024px) 100vw, 1024px\" \/><\/figure>\n\n\n\n<figure class=\"wp-block-image size-full\"><img loading=\"lazy\" decoding=\"async\" width=\"1024\" height=\"768\" src=\"https:\/\/home-by-ideesdeco.fr\/wp-content\/uploads\/2025\/05\/sdb.png\" alt=\"\" class=\"wp-image-2989\" srcset=\"https:\/\/home-by-ideesdeco.fr\/wp-content\/uploads\/2025\/05\/sdb.png 1024w, https:\/\/home-by-ideesdeco.fr\/wp-content\/uploads\/2025\/05\/sdb-300x225.png 300w, https:\/\/home-by-ideesdeco.fr\/wp-content\/uploads\/2025\/05\/sdb-768x576.png 768w, https:\/\/home-by-ideesdeco.fr\/wp-content\/uploads\/2025\/05\/sdb-400x300.png 400w, https:\/\/home-by-ideesdeco.fr\/wp-content\/uploads\/2025\/05\/sdb-800x600.png 800w\" sizes=\"auto, (max-width: 1024px) 100vw, 1024px\" \/><\/figure>\n\n\n\n<figure class=\"wp-block-image size-full\"><img loading=\"lazy\" decoding=\"async\" width=\"1024\" height=\"768\" src=\"https:\/\/home-by-ideesdeco.fr\/wp-content\/uploads\/2025\/05\/suite.png\" alt=\"\" class=\"wp-image-2986\" srcset=\"https:\/\/home-by-ideesdeco.fr\/wp-content\/uploads\/2025\/05\/suite.png 1024w, https:\/\/home-by-ideesdeco.fr\/wp-content\/uploads\/2025\/05\/suite-300x225.png 300w, https:\/\/home-by-ideesdeco.fr\/wp-content\/uploads\/2025\/05\/suite-768x576.png 768w, https:\/\/home-by-ideesdeco.fr\/wp-content\/uploads\/2025\/05\/suite-400x300.png 400w, https:\/\/home-by-ideesdeco.fr\/wp-content\/uploads\/2025\/05\/suite-800x600.png 800w\" sizes=\"auto, (max-width: 1024px) 100vw, 1024px\" \/><\/figure>\n\n\n\n<figure class=\"wp-block-image size-full\"><img loading=\"lazy\" decoding=\"async\" width=\"1024\" height=\"768\" src=\"https:\/\/home-by-ideesdeco.fr\/wp-content\/uploads\/2025\/05\/sdb-suite.jpg\" alt=\"\" class=\"wp-image-2988\" srcset=\"https:\/\/home-by-ideesdeco.fr\/wp-content\/uploads\/2025\/05\/sdb-suite.jpg 1024w, https:\/\/home-by-ideesdeco.fr\/wp-content\/uploads\/2025\/05\/sdb-suite-300x225.jpg 300w, https:\/\/home-by-ideesdeco.fr\/wp-content\/uploads\/2025\/05\/sdb-suite-768x576.jpg 768w, https:\/\/home-by-ideesdeco.fr\/wp-content\/uploads\/2025\/05\/sdb-suite-400x300.jpg 400w, https:\/\/home-by-ideesdeco.fr\/wp-content\/uploads\/2025\/05\/sdb-suite-800x600.jpg 800w\" sizes=\"auto, (max-width: 1024px) 100vw, 1024px\" \/><\/figure>\n\n\n\n<p>Vernouillet \u2013 Maison 6 pi\u00e8ces avec piscine, dans un secteur r\u00e9sidentiel et proche de coll\u00e8ge et maternelle.<\/p>\n\n\n\n<p>Au calme dans une impasse et dans une r\u00e9sidence verdoyante , tr\u00e8s belle maison individuelle de 1992, r\u00e9nov\u00e9e et tr\u00e8s bien entretenue. Le tout sur une parcelle arbor\u00e9e de 764 m2, sans vis-\u00e0-vis, avec une grande terrasse am\u00e9nag\u00e9e de plus de 60 m2 et une piscine chauff\u00e9e de 8 m x 4 m.<br><br>Sur une superficie de 151 m2, elle poss\u00e8de 4 chambres, dont une suite parentale. Le garage de 26 m2 est \u00e9quip\u00e9 d&#8217;une porte motoris\u00e9e. Le jardin clos est paysag\u00e9, avec de nombreuses vari\u00e9t\u00e9s de plantes et de roses anciennes, compl\u00e9t\u00e9 d\u2019un carr\u00e9 potager d\u2019environ 20 m2.<br><br>Au rdc, grand salon\/salle \u00e0 manger de 41 m2 avec chemin\u00e9e d\u2019agr\u00e9ment . Cuisine de 17 m2 avec lingerie et un acc\u00e8s direct au garage . Dressing, range balai et WC dans le hall d\u2019entr\u00e9e.<br><br>A l\u2019\u00e9tage, 4 chambres \u00e9quip\u00e9es de placards dont une suite parentale de pr\u00e8s de 20 m2, avec dressing et sa propre salle de bain et WC. Une salle de douche totalement r\u00e9nov\u00e9e avec des mat\u00e9riaux de qualit\u00e9, douche \u00e0 l\u2019italienne et ouverture de fen\u00eatre . Un WC ind\u00e9pendant compl\u00e8te cet \u00e9tage.<br><br>Les combles sont am\u00e9nageables pour un gain de surface possible au sol d\u2019environ 40 m2 ou de 20 m2 carrez.<br><br>Proche de toutes les commodit\u00e9s, fonctionnelle, elle saura vous s\u00e9duire par l\u2019ensemble de ses prestations, par la qualit\u00e9 des mat\u00e9riaux ainsi que par son entretien. Vous ne resterez pas insensible au charme de cette maison et de son environnement ou la nature et les oiseaux y cohabitent en parfaite harmonie.<br><br>A noter :<\/p>\n\n\n\n<ul class=\"wp-block-list\">\n<li>Isolation du sol des combles refaite en mai 2025<\/li>\n\n\n\n<li>VMC hygro install\u00e9e \u00e9galement en avril 2025<\/li>\n\n\n\n<li>Parquet en ch\u00eane massif dans le salon\/s\u00e9jour, toutes les chambres et le palier .<\/li>\n\n\n\n<li>R\u00e9novation des peintures int\u00e9rieures, ext\u00e9rieures et volets .<\/li>\n\n\n\n<li>Syst\u00e8me d\u2019alarme sans fil.<\/li>\n\n\n\n<li>Fibre d\u00e9ploy\u00e9e .<\/li>\n\n\n\n<li>Abri de jardin attenant \u00e0 la maison avec une partie range bois<\/li>\n\n\n\n<li>Liner neuf et pompe \u00e0 chaleur r\u00e9versible de la piscine en 2021<\/li>\n\n\n\n<li>Coin potager am\u00e9nag\u00e9 ( r\u00e9cup\u00e9rateur d&#8217;eau de 650 l, bac \u00e0 compost et cabanon)<\/li>\n\n\n\n<li>Syst\u00e8me d\u2019arrosage int\u00e9gr\u00e9 .<br>Acc\u00e8s au centre ville, aux \u00e9coles maternelles, primaire et coll\u00e8ge en 5 mn \u00e0 pied. Proche \u00e9galement de l&#8217;ensemble scolaire Notre Dame les Oiseaux \u00e0 Verneuil sur Seine.<\/li>\n<\/ul>\n\n\n\n<p>Arr\u00eat de bus pour la gare de Vernouillet (Futur RER E en 2026) et gare routi\u00e8re pour le bus vers la D\u00e9fense par A14. Acc\u00e8s facile aux autoroutes A13, A14. 690 k\u20ac<\/p>\n\n\n\n<p><\/p>\n","protected":false},"excerpt":{"rendered":"<p>Vernouillet \u2013 Maison 6 pi\u00e8ces avec piscine, dans un secteur r\u00e9sidentiel et proche de coll\u00e8ge et maternelle. Au calme dans une impasse et dans une r\u00e9sidence verdoyante , tr\u00e8s belle [&hellip;]<\/p>\n","protected":false},"author":1,"featured_media":0,"parent":0,"menu_order":0,"comment_status":"closed","ping_status":"closed","template":"","meta":{"footnotes":""},"class_list":["post-2975","page","type-page","status-publish","hentry"],"_links":{"self":[{"href":"https:\/\/home-by-ideesdeco.fr\/index.php\/wp-json\/wp\/v2\/pages\/2975","targetHints":{"allow":["GET"]}}],"collection":[{"href":"https:\/\/home-by-ideesdeco.fr\/index.php\/wp-json\/wp\/v2\/pages"}],"about":[{"href":"https:\/\/home-by-ideesdeco.fr\/index.php\/wp-json\/wp\/v2\/types\/page"}],"author":[{"embeddable":true,"href":"https:\/\/home-by-ideesdeco.fr\/index.php\/wp-json\/wp\/v2\/users\/1"}],"replies":[{"embeddable":true,"href":"https:\/\/home-by-ideesdeco.fr\/index.php\/wp-json\/wp\/v2\/comments?post=2975"}],"version-history":[{"count":6,"href":"https:\/\/home-by-ideesdeco.fr\/index.php\/wp-json\/wp\/v2\/pages\/2975\/revisions"}],"predecessor-version":[{"id":3026,"href":"https:\/\/home-by-ideesdeco.fr\/index.php\/wp-json\/wp\/v2\/pages\/2975\/revisions\/3026"}],"wp:attachment":[{"href":"https:\/\/home-by-ideesdeco.fr\/index.php\/wp-json\/wp\/v2\/media?parent=2975"}],"curies":[{"name":"wp","href":"https:\/\/api.w.org\/{rel}","templated":true}]}}