{"id":2928,"date":"2025-04-18T17:31:46","date_gmt":"2025-04-18T15:31:46","guid":{"rendered":"https:\/\/home-by-ideesdeco.fr\/?page_id=2928"},"modified":"2025-04-18T17:31:46","modified_gmt":"2025-04-18T15:31:46","slug":"orgeval-250-m2-habitables-sur-parcelle-de-1600-m2","status":"publish","type":"page","link":"https:\/\/home-by-ideesdeco.fr\/index.php\/orgeval-250-m2-habitables-sur-parcelle-de-1600-m2\/","title":{"rendered":"Orgeval &#8211; 250 m2 habitables &#8211; sur parcelle de 1600 m2"},"content":{"rendered":"\n<figure class=\"wp-block-image size-full\"><img loading=\"lazy\" decoding=\"async\" width=\"1024\" height=\"768\" src=\"https:\/\/home-by-ideesdeco.fr\/wp-content\/uploads\/2025\/04\/facade.png\" alt=\"\" class=\"wp-image-2929\" srcset=\"https:\/\/home-by-ideesdeco.fr\/wp-content\/uploads\/2025\/04\/facade.png 1024w, https:\/\/home-by-ideesdeco.fr\/wp-content\/uploads\/2025\/04\/facade-300x225.png 300w, https:\/\/home-by-ideesdeco.fr\/wp-content\/uploads\/2025\/04\/facade-768x576.png 768w, https:\/\/home-by-ideesdeco.fr\/wp-content\/uploads\/2025\/04\/facade-400x300.png 400w, https:\/\/home-by-ideesdeco.fr\/wp-content\/uploads\/2025\/04\/facade-800x600.png 800w\" sizes=\"auto, (max-width: 1024px) 100vw, 1024px\" \/><\/figure>\n\n\n\n<figure class=\"wp-block-image size-full\"><img loading=\"lazy\" decoding=\"async\" width=\"1024\" height=\"768\" src=\"https:\/\/home-by-ideesdeco.fr\/wp-content\/uploads\/2025\/04\/salon1.png\" alt=\"\" class=\"wp-image-2930\" srcset=\"https:\/\/home-by-ideesdeco.fr\/wp-content\/uploads\/2025\/04\/salon1.png 1024w, https:\/\/home-by-ideesdeco.fr\/wp-content\/uploads\/2025\/04\/salon1-300x225.png 300w, https:\/\/home-by-ideesdeco.fr\/wp-content\/uploads\/2025\/04\/salon1-768x576.png 768w, https:\/\/home-by-ideesdeco.fr\/wp-content\/uploads\/2025\/04\/salon1-400x300.png 400w, https:\/\/home-by-ideesdeco.fr\/wp-content\/uploads\/2025\/04\/salon1-800x600.png 800w\" sizes=\"auto, (max-width: 1024px) 100vw, 1024px\" \/><\/figure>\n\n\n\n<figure class=\"wp-block-image size-full\"><img loading=\"lazy\" decoding=\"async\" width=\"1024\" height=\"768\" src=\"https:\/\/home-by-ideesdeco.fr\/wp-content\/uploads\/2025\/04\/salon2.png\" alt=\"\" class=\"wp-image-2931\" srcset=\"https:\/\/home-by-ideesdeco.fr\/wp-content\/uploads\/2025\/04\/salon2.png 1024w, https:\/\/home-by-ideesdeco.fr\/wp-content\/uploads\/2025\/04\/salon2-300x225.png 300w, https:\/\/home-by-ideesdeco.fr\/wp-content\/uploads\/2025\/04\/salon2-768x576.png 768w, https:\/\/home-by-ideesdeco.fr\/wp-content\/uploads\/2025\/04\/salon2-400x300.png 400w, https:\/\/home-by-ideesdeco.fr\/wp-content\/uploads\/2025\/04\/salon2-800x600.png 800w\" sizes=\"auto, (max-width: 1024px) 100vw, 1024px\" \/><\/figure>\n\n\n\n<figure class=\"wp-block-image size-full\"><img loading=\"lazy\" decoding=\"async\" width=\"1024\" height=\"768\" src=\"https:\/\/home-by-ideesdeco.fr\/wp-content\/uploads\/2025\/04\/cuisine.png\" alt=\"\" class=\"wp-image-2932\" srcset=\"https:\/\/home-by-ideesdeco.fr\/wp-content\/uploads\/2025\/04\/cuisine.png 1024w, https:\/\/home-by-ideesdeco.fr\/wp-content\/uploads\/2025\/04\/cuisine-300x225.png 300w, https:\/\/home-by-ideesdeco.fr\/wp-content\/uploads\/2025\/04\/cuisine-768x576.png 768w, https:\/\/home-by-ideesdeco.fr\/wp-content\/uploads\/2025\/04\/cuisine-400x300.png 400w, https:\/\/home-by-ideesdeco.fr\/wp-content\/uploads\/2025\/04\/cuisine-800x600.png 800w\" sizes=\"auto, (max-width: 1024px) 100vw, 1024px\" \/><\/figure>\n\n\n\n<figure class=\"wp-block-image size-full\"><img loading=\"lazy\" decoding=\"async\" width=\"1024\" height=\"768\" src=\"https:\/\/home-by-ideesdeco.fr\/wp-content\/uploads\/2025\/04\/cuisine1.png\" alt=\"\" class=\"wp-image-2933\" srcset=\"https:\/\/home-by-ideesdeco.fr\/wp-content\/uploads\/2025\/04\/cuisine1.png 1024w, https:\/\/home-by-ideesdeco.fr\/wp-content\/uploads\/2025\/04\/cuisine1-300x225.png 300w, https:\/\/home-by-ideesdeco.fr\/wp-content\/uploads\/2025\/04\/cuisine1-768x576.png 768w, https:\/\/home-by-ideesdeco.fr\/wp-content\/uploads\/2025\/04\/cuisine1-400x300.png 400w, https:\/\/home-by-ideesdeco.fr\/wp-content\/uploads\/2025\/04\/cuisine1-800x600.png 800w\" sizes=\"auto, (max-width: 1024px) 100vw, 1024px\" \/><\/figure>\n\n\n\n<figure class=\"wp-block-image size-full\"><img loading=\"lazy\" decoding=\"async\" width=\"1024\" height=\"768\" src=\"https:\/\/home-by-ideesdeco.fr\/wp-content\/uploads\/2025\/04\/cuisine2.png\" alt=\"\" class=\"wp-image-2934\" srcset=\"https:\/\/home-by-ideesdeco.fr\/wp-content\/uploads\/2025\/04\/cuisine2.png 1024w, https:\/\/home-by-ideesdeco.fr\/wp-content\/uploads\/2025\/04\/cuisine2-300x225.png 300w, https:\/\/home-by-ideesdeco.fr\/wp-content\/uploads\/2025\/04\/cuisine2-768x576.png 768w, https:\/\/home-by-ideesdeco.fr\/wp-content\/uploads\/2025\/04\/cuisine2-400x300.png 400w, https:\/\/home-by-ideesdeco.fr\/wp-content\/uploads\/2025\/04\/cuisine2-800x600.png 800w\" sizes=\"auto, (max-width: 1024px) 100vw, 1024px\" \/><\/figure>\n\n\n\n<figure class=\"wp-block-image size-full\"><img loading=\"lazy\" decoding=\"async\" width=\"1024\" height=\"768\" src=\"https:\/\/home-by-ideesdeco.fr\/wp-content\/uploads\/2025\/04\/salon.png\" alt=\"\" class=\"wp-image-2935\" srcset=\"https:\/\/home-by-ideesdeco.fr\/wp-content\/uploads\/2025\/04\/salon.png 1024w, https:\/\/home-by-ideesdeco.fr\/wp-content\/uploads\/2025\/04\/salon-300x225.png 300w, https:\/\/home-by-ideesdeco.fr\/wp-content\/uploads\/2025\/04\/salon-768x576.png 768w, https:\/\/home-by-ideesdeco.fr\/wp-content\/uploads\/2025\/04\/salon-400x300.png 400w, https:\/\/home-by-ideesdeco.fr\/wp-content\/uploads\/2025\/04\/salon-800x600.png 800w\" sizes=\"auto, (max-width: 1024px) 100vw, 1024px\" \/><\/figure>\n\n\n\n<figure class=\"wp-block-image size-full\"><img loading=\"lazy\" decoding=\"async\" width=\"1024\" height=\"768\" src=\"https:\/\/home-by-ideesdeco.fr\/wp-content\/uploads\/2025\/04\/chambre4.png\" alt=\"\" class=\"wp-image-2936\" srcset=\"https:\/\/home-by-ideesdeco.fr\/wp-content\/uploads\/2025\/04\/chambre4.png 1024w, https:\/\/home-by-ideesdeco.fr\/wp-content\/uploads\/2025\/04\/chambre4-300x225.png 300w, https:\/\/home-by-ideesdeco.fr\/wp-content\/uploads\/2025\/04\/chambre4-768x576.png 768w, https:\/\/home-by-ideesdeco.fr\/wp-content\/uploads\/2025\/04\/chambre4-400x300.png 400w, https:\/\/home-by-ideesdeco.fr\/wp-content\/uploads\/2025\/04\/chambre4-800x600.png 800w\" sizes=\"auto, (max-width: 1024px) 100vw, 1024px\" \/><\/figure>\n\n\n\n<figure class=\"wp-block-image size-full\"><img loading=\"lazy\" decoding=\"async\" width=\"1024\" height=\"768\" src=\"https:\/\/home-by-ideesdeco.fr\/wp-content\/uploads\/2025\/04\/chambre5.png\" alt=\"\" class=\"wp-image-2937\" srcset=\"https:\/\/home-by-ideesdeco.fr\/wp-content\/uploads\/2025\/04\/chambre5.png 1024w, https:\/\/home-by-ideesdeco.fr\/wp-content\/uploads\/2025\/04\/chambre5-300x225.png 300w, https:\/\/home-by-ideesdeco.fr\/wp-content\/uploads\/2025\/04\/chambre5-768x576.png 768w, https:\/\/home-by-ideesdeco.fr\/wp-content\/uploads\/2025\/04\/chambre5-400x300.png 400w, https:\/\/home-by-ideesdeco.fr\/wp-content\/uploads\/2025\/04\/chambre5-800x600.png 800w\" sizes=\"auto, (max-width: 1024px) 100vw, 1024px\" \/><\/figure>\n\n\n\n<figure class=\"wp-block-image size-full\"><img loading=\"lazy\" decoding=\"async\" width=\"1024\" height=\"768\" src=\"https:\/\/home-by-ideesdeco.fr\/wp-content\/uploads\/2025\/04\/chambre3.png\" alt=\"\" class=\"wp-image-2938\" srcset=\"https:\/\/home-by-ideesdeco.fr\/wp-content\/uploads\/2025\/04\/chambre3.png 1024w, https:\/\/home-by-ideesdeco.fr\/wp-content\/uploads\/2025\/04\/chambre3-300x225.png 300w, https:\/\/home-by-ideesdeco.fr\/wp-content\/uploads\/2025\/04\/chambre3-768x576.png 768w, https:\/\/home-by-ideesdeco.fr\/wp-content\/uploads\/2025\/04\/chambre3-400x300.png 400w, https:\/\/home-by-ideesdeco.fr\/wp-content\/uploads\/2025\/04\/chambre3-800x600.png 800w\" sizes=\"auto, (max-width: 1024px) 100vw, 1024px\" \/><\/figure>\n\n\n\n<figure class=\"wp-block-image size-full\"><img loading=\"lazy\" decoding=\"async\" width=\"1024\" height=\"768\" src=\"https:\/\/home-by-ideesdeco.fr\/wp-content\/uploads\/2025\/04\/chambre1.png\" alt=\"\" class=\"wp-image-2939\" srcset=\"https:\/\/home-by-ideesdeco.fr\/wp-content\/uploads\/2025\/04\/chambre1.png 1024w, https:\/\/home-by-ideesdeco.fr\/wp-content\/uploads\/2025\/04\/chambre1-300x225.png 300w, https:\/\/home-by-ideesdeco.fr\/wp-content\/uploads\/2025\/04\/chambre1-768x576.png 768w, https:\/\/home-by-ideesdeco.fr\/wp-content\/uploads\/2025\/04\/chambre1-400x300.png 400w, https:\/\/home-by-ideesdeco.fr\/wp-content\/uploads\/2025\/04\/chambre1-800x600.png 800w\" sizes=\"auto, (max-width: 1024px) 100vw, 1024px\" \/><\/figure>\n\n\n\n<figure class=\"wp-block-image size-full\"><img loading=\"lazy\" decoding=\"async\" width=\"768\" height=\"1024\" src=\"https:\/\/home-by-ideesdeco.fr\/wp-content\/uploads\/2025\/04\/sdb.png\" alt=\"\" class=\"wp-image-2940\" srcset=\"https:\/\/home-by-ideesdeco.fr\/wp-content\/uploads\/2025\/04\/sdb.png 768w, https:\/\/home-by-ideesdeco.fr\/wp-content\/uploads\/2025\/04\/sdb-225x300.png 225w\" sizes=\"auto, (max-width: 768px) 100vw, 768px\" \/><\/figure>\n\n\n\n<figure class=\"wp-block-image size-full\"><img loading=\"lazy\" decoding=\"async\" width=\"1024\" height=\"768\" src=\"https:\/\/home-by-ideesdeco.fr\/wp-content\/uploads\/2025\/04\/chambre6.png\" alt=\"\" class=\"wp-image-2941\" srcset=\"https:\/\/home-by-ideesdeco.fr\/wp-content\/uploads\/2025\/04\/chambre6.png 1024w, https:\/\/home-by-ideesdeco.fr\/wp-content\/uploads\/2025\/04\/chambre6-300x225.png 300w, https:\/\/home-by-ideesdeco.fr\/wp-content\/uploads\/2025\/04\/chambre6-768x576.png 768w, https:\/\/home-by-ideesdeco.fr\/wp-content\/uploads\/2025\/04\/chambre6-400x300.png 400w, https:\/\/home-by-ideesdeco.fr\/wp-content\/uploads\/2025\/04\/chambre6-800x600.png 800w\" sizes=\"auto, (max-width: 1024px) 100vw, 1024px\" \/><\/figure>\n\n\n\n<figure class=\"wp-block-image size-full\"><img loading=\"lazy\" decoding=\"async\" width=\"1024\" height=\"768\" src=\"https:\/\/home-by-ideesdeco.fr\/wp-content\/uploads\/2025\/04\/chambre7.png\" alt=\"\" class=\"wp-image-2942\" srcset=\"https:\/\/home-by-ideesdeco.fr\/wp-content\/uploads\/2025\/04\/chambre7.png 1024w, https:\/\/home-by-ideesdeco.fr\/wp-content\/uploads\/2025\/04\/chambre7-300x225.png 300w, https:\/\/home-by-ideesdeco.fr\/wp-content\/uploads\/2025\/04\/chambre7-768x576.png 768w, https:\/\/home-by-ideesdeco.fr\/wp-content\/uploads\/2025\/04\/chambre7-400x300.png 400w, https:\/\/home-by-ideesdeco.fr\/wp-content\/uploads\/2025\/04\/chambre7-800x600.png 800w\" sizes=\"auto, (max-width: 1024px) 100vw, 1024px\" \/><\/figure>\n\n\n\n<p>Orgeval proche du centre ville \u00e0 pied, belle propri\u00e9t\u00e9 de 250 m2 \u00e9difi\u00e9e en 1990, sur une parcelle piscinable de 1600 m2.<br>Au rdc :<br>Grande pi\u00e8ce de vie de 60 m2 avec chemin\u00e9e, une cuisine avec cellier, une chambre avec salle de bain et wc attenants.<br>A l&#8217;\u00e9tage le palier dessert 4 chambres dont une suite parentale avec sa propre salle d&#8217;eau, une mezzanine, une autre salle d&#8217;eau et des wc ind\u00e9pendants.<\/p>\n\n\n\n<p>L&#8217;agr\u00e9able jardin paysag\u00e9 vous permet de b\u00e9n\u00e9ficier d&#8217;un environnement calme, verdoyant et privil\u00e9gi\u00e9.<\/p>\n\n\n\n<p>Un abri restaur\u00e9 en 2024, permet l&#8217;acc\u00e8s \u00e0 un grenier. Un garage et une chaufferie compl\u00e8tent ce descriptif.<\/p>\n\n\n\n<p>Acc\u00e8s facilit\u00e9 aux autoroutes A13\/A14. La Gare de villennes sur Seine (arriv\u00e9e du RER E en 2027) est \u00e9galement \u00e0 proximit\u00e9, en bus ou en voiture.<br>Proche des commerces et \u00e9coles d&#8217;Orgeval, des lyc\u00e9es de Verneuil sur Seine (notamment Notre Dame les Oiseaux), Poissy, Saint Germain en laye. 1 195 000 \u20ac<\/p>\n","protected":false},"excerpt":{"rendered":"<p>Orgeval proche du centre ville \u00e0 pied, belle propri\u00e9t\u00e9 de 250 m2 \u00e9difi\u00e9e en 1990, sur une parcelle piscinable de 1600 m2.Au rdc :Grande pi\u00e8ce de vie de 60 m2 [&hellip;]<\/p>\n","protected":false},"author":1,"featured_media":0,"parent":0,"menu_order":0,"comment_status":"closed","ping_status":"closed","template":"","meta":{"footnotes":""},"class_list":["post-2928","page","type-page","status-publish","hentry"],"_links":{"self":[{"href":"https:\/\/home-by-ideesdeco.fr\/index.php\/wp-json\/wp\/v2\/pages\/2928","targetHints":{"allow":["GET"]}}],"collection":[{"href":"https:\/\/home-by-ideesdeco.fr\/index.php\/wp-json\/wp\/v2\/pages"}],"about":[{"href":"https:\/\/home-by-ideesdeco.fr\/index.php\/wp-json\/wp\/v2\/types\/page"}],"author":[{"embeddable":true,"href":"https:\/\/home-by-ideesdeco.fr\/index.php\/wp-json\/wp\/v2\/users\/1"}],"replies":[{"embeddable":true,"href":"https:\/\/home-by-ideesdeco.fr\/index.php\/wp-json\/wp\/v2\/comments?post=2928"}],"version-history":[{"count":1,"href":"https:\/\/home-by-ideesdeco.fr\/index.php\/wp-json\/wp\/v2\/pages\/2928\/revisions"}],"predecessor-version":[{"id":2943,"href":"https:\/\/home-by-ideesdeco.fr\/index.php\/wp-json\/wp\/v2\/pages\/2928\/revisions\/2943"}],"wp:attachment":[{"href":"https:\/\/home-by-ideesdeco.fr\/index.php\/wp-json\/wp\/v2\/media?parent=2928"}],"curies":[{"name":"wp","href":"https:\/\/api.w.org\/{rel}","templated":true}]}}