{"id":2918,"date":"2025-04-17T19:56:23","date_gmt":"2025-04-17T17:56:23","guid":{"rendered":"https:\/\/home-by-ideesdeco.fr\/?page_id=2918"},"modified":"2025-04-17T19:56:23","modified_gmt":"2025-04-17T17:56:23","slug":"appartement-verneuil-sur-seine-t3-t2-61-m2","status":"publish","type":"page","link":"https:\/\/home-by-ideesdeco.fr\/index.php\/appartement-verneuil-sur-seine-t3-t2-61-m2\/","title":{"rendered":"Appartement Verneuil sur Seine T3\/T2 &#8211; 61 m2"},"content":{"rendered":"\n<figure class=\"wp-block-image size-large\"><img loading=\"lazy\" decoding=\"async\" width=\"1024\" height=\"768\" src=\"https:\/\/home-by-ideesdeco.fr\/wp-content\/uploads\/2025\/04\/amenagement2-1024x768.jpg\" alt=\"\" class=\"wp-image-2919\" srcset=\"https:\/\/home-by-ideesdeco.fr\/wp-content\/uploads\/2025\/04\/amenagement2-1024x768.jpg 1024w, https:\/\/home-by-ideesdeco.fr\/wp-content\/uploads\/2025\/04\/amenagement2-300x225.jpg 300w, https:\/\/home-by-ideesdeco.fr\/wp-content\/uploads\/2025\/04\/amenagement2-768x576.jpg 768w, https:\/\/home-by-ideesdeco.fr\/wp-content\/uploads\/2025\/04\/amenagement2-1536x1152.jpg 1536w, https:\/\/home-by-ideesdeco.fr\/wp-content\/uploads\/2025\/04\/amenagement2-400x300.jpg 400w, https:\/\/home-by-ideesdeco.fr\/wp-content\/uploads\/2025\/04\/amenagement2-800x600.jpg 800w, https:\/\/home-by-ideesdeco.fr\/wp-content\/uploads\/2025\/04\/amenagement2.jpg 2048w\" sizes=\"auto, (max-width: 1024px) 100vw, 1024px\" \/><\/figure>\n\n\n\n<figure class=\"wp-block-image size-full\"><img loading=\"lazy\" decoding=\"async\" width=\"1024\" height=\"768\" src=\"https:\/\/home-by-ideesdeco.fr\/wp-content\/uploads\/2025\/04\/salon.jpg\" alt=\"\" class=\"wp-image-2920\" srcset=\"https:\/\/home-by-ideesdeco.fr\/wp-content\/uploads\/2025\/04\/salon.jpg 1024w, https:\/\/home-by-ideesdeco.fr\/wp-content\/uploads\/2025\/04\/salon-300x225.jpg 300w, https:\/\/home-by-ideesdeco.fr\/wp-content\/uploads\/2025\/04\/salon-768x576.jpg 768w, https:\/\/home-by-ideesdeco.fr\/wp-content\/uploads\/2025\/04\/salon-400x300.jpg 400w, https:\/\/home-by-ideesdeco.fr\/wp-content\/uploads\/2025\/04\/salon-800x600.jpg 800w\" sizes=\"auto, (max-width: 1024px) 100vw, 1024px\" \/><\/figure>\n\n\n\n<figure class=\"wp-block-image size-full\"><img loading=\"lazy\" decoding=\"async\" width=\"1024\" height=\"768\" src=\"https:\/\/home-by-ideesdeco.fr\/wp-content\/uploads\/2025\/04\/salon1.jpg\" alt=\"\" class=\"wp-image-2921\" srcset=\"https:\/\/home-by-ideesdeco.fr\/wp-content\/uploads\/2025\/04\/salon1.jpg 1024w, https:\/\/home-by-ideesdeco.fr\/wp-content\/uploads\/2025\/04\/salon1-300x225.jpg 300w, https:\/\/home-by-ideesdeco.fr\/wp-content\/uploads\/2025\/04\/salon1-768x576.jpg 768w, https:\/\/home-by-ideesdeco.fr\/wp-content\/uploads\/2025\/04\/salon1-400x300.jpg 400w, https:\/\/home-by-ideesdeco.fr\/wp-content\/uploads\/2025\/04\/salon1-800x600.jpg 800w\" sizes=\"auto, (max-width: 1024px) 100vw, 1024px\" \/><\/figure>\n\n\n\n<figure class=\"wp-block-image size-full\"><img loading=\"lazy\" decoding=\"async\" width=\"1024\" height=\"768\" src=\"https:\/\/home-by-ideesdeco.fr\/wp-content\/uploads\/2025\/04\/cuisine-1.jpg\" alt=\"\" class=\"wp-image-2922\" srcset=\"https:\/\/home-by-ideesdeco.fr\/wp-content\/uploads\/2025\/04\/cuisine-1.jpg 1024w, https:\/\/home-by-ideesdeco.fr\/wp-content\/uploads\/2025\/04\/cuisine-1-300x225.jpg 300w, https:\/\/home-by-ideesdeco.fr\/wp-content\/uploads\/2025\/04\/cuisine-1-768x576.jpg 768w, https:\/\/home-by-ideesdeco.fr\/wp-content\/uploads\/2025\/04\/cuisine-1-400x300.jpg 400w, https:\/\/home-by-ideesdeco.fr\/wp-content\/uploads\/2025\/04\/cuisine-1-800x600.jpg 800w\" sizes=\"auto, (max-width: 1024px) 100vw, 1024px\" \/><\/figure>\n\n\n\n<figure class=\"wp-block-image size-full\"><img loading=\"lazy\" decoding=\"async\" width=\"1024\" height=\"768\" src=\"https:\/\/home-by-ideesdeco.fr\/wp-content\/uploads\/2025\/04\/chambre.jpg\" alt=\"\" class=\"wp-image-2923\" srcset=\"https:\/\/home-by-ideesdeco.fr\/wp-content\/uploads\/2025\/04\/chambre.jpg 1024w, https:\/\/home-by-ideesdeco.fr\/wp-content\/uploads\/2025\/04\/chambre-300x225.jpg 300w, https:\/\/home-by-ideesdeco.fr\/wp-content\/uploads\/2025\/04\/chambre-768x576.jpg 768w, https:\/\/home-by-ideesdeco.fr\/wp-content\/uploads\/2025\/04\/chambre-400x300.jpg 400w, https:\/\/home-by-ideesdeco.fr\/wp-content\/uploads\/2025\/04\/chambre-800x600.jpg 800w\" sizes=\"auto, (max-width: 1024px) 100vw, 1024px\" \/><\/figure>\n\n\n\n<figure class=\"wp-block-image size-full\"><img loading=\"lazy\" decoding=\"async\" width=\"1024\" height=\"768\" src=\"https:\/\/home-by-ideesdeco.fr\/wp-content\/uploads\/2025\/04\/sdb-1.jpg\" alt=\"\" class=\"wp-image-2924\" srcset=\"https:\/\/home-by-ideesdeco.fr\/wp-content\/uploads\/2025\/04\/sdb-1.jpg 1024w, https:\/\/home-by-ideesdeco.fr\/wp-content\/uploads\/2025\/04\/sdb-1-300x225.jpg 300w, https:\/\/home-by-ideesdeco.fr\/wp-content\/uploads\/2025\/04\/sdb-1-768x576.jpg 768w, https:\/\/home-by-ideesdeco.fr\/wp-content\/uploads\/2025\/04\/sdb-1-400x300.jpg 400w, https:\/\/home-by-ideesdeco.fr\/wp-content\/uploads\/2025\/04\/sdb-1-800x600.jpg 800w\" sizes=\"auto, (max-width: 1024px) 100vw, 1024px\" \/><\/figure>\n\n\n\n<p>Verneuil sur Seine &#8211; Proche du centre ville et de toutes les commodit\u00e9s, dans une r\u00e9sidence s\u00e9curis\u00e9e, appartement T2-T3 (Initialement T3, configuration actuelle en T2) de 61.5 m2 avec balcon, cave et parking en sous-sol. Etage 3\/3. Exposition sud.<\/p>\n\n\n\n<p>Au 3\u00e8me et dernier \u00e9tage avec ascenseur, bel appartement T3 modifi\u00e9 en T2 avec balcon et expos\u00e9 plein sud. Entr\u00e9e qui dessert un salon de plus de 30 m2 tr\u00e8s lumineux, une cuisine, une sdb, des wc ind\u00e9pendants et une chambre de plus de 11m2. Cave et parking. DPE en C. 279 000\u20ac<\/p>\n","protected":false},"excerpt":{"rendered":"<p>Verneuil sur Seine &#8211; Proche du centre ville et de toutes les commodit\u00e9s, dans une r\u00e9sidence s\u00e9curis\u00e9e, appartement T2-T3 (Initialement T3, configuration actuelle en T2) de 61.5 m2 avec balcon, [&hellip;]<\/p>\n","protected":false},"author":1,"featured_media":0,"parent":0,"menu_order":0,"comment_status":"closed","ping_status":"closed","template":"","meta":{"footnotes":""},"class_list":["post-2918","page","type-page","status-publish","hentry"],"_links":{"self":[{"href":"https:\/\/home-by-ideesdeco.fr\/index.php\/wp-json\/wp\/v2\/pages\/2918","targetHints":{"allow":["GET"]}}],"collection":[{"href":"https:\/\/home-by-ideesdeco.fr\/index.php\/wp-json\/wp\/v2\/pages"}],"about":[{"href":"https:\/\/home-by-ideesdeco.fr\/index.php\/wp-json\/wp\/v2\/types\/page"}],"author":[{"embeddable":true,"href":"https:\/\/home-by-ideesdeco.fr\/index.php\/wp-json\/wp\/v2\/users\/1"}],"replies":[{"embeddable":true,"href":"https:\/\/home-by-ideesdeco.fr\/index.php\/wp-json\/wp\/v2\/comments?post=2918"}],"version-history":[{"count":1,"href":"https:\/\/home-by-ideesdeco.fr\/index.php\/wp-json\/wp\/v2\/pages\/2918\/revisions"}],"predecessor-version":[{"id":2925,"href":"https:\/\/home-by-ideesdeco.fr\/index.php\/wp-json\/wp\/v2\/pages\/2918\/revisions\/2925"}],"wp:attachment":[{"href":"https:\/\/home-by-ideesdeco.fr\/index.php\/wp-json\/wp\/v2\/media?parent=2918"}],"curies":[{"name":"wp","href":"https:\/\/api.w.org\/{rel}","templated":true}]}}