{"id":2335,"date":"2024-12-10T14:37:22","date_gmt":"2024-12-10T13:37:22","guid":{"rendered":"https:\/\/home-by-ideesdeco.fr\/?page_id=2335"},"modified":"2025-01-21T14:20:25","modified_gmt":"2025-01-21T13:20:25","slug":"verneuil-120-m2-4-ch-540m2-terrain-cjs-ep","status":"publish","type":"page","link":"https:\/\/home-by-ideesdeco.fr\/index.php\/verneuil-120-m2-4-ch-540m2-terrain-cjs-ep\/","title":{"rendered":"Vernouillet &#8211; 120 m2 &#8211; 4 ch &#8211; 540m2 terrain"},"content":{"rendered":"\n<figure class=\"wp-block-image size-full\"><img loading=\"lazy\" decoding=\"async\" width=\"1093\" height=\"774\" src=\"https:\/\/home-by-ideesdeco.fr\/wp-content\/uploads\/2025\/01\/1-montage-3-photos-2024.jpg\" alt=\"\" class=\"wp-image-2398\" srcset=\"https:\/\/home-by-ideesdeco.fr\/wp-content\/uploads\/2025\/01\/1-montage-3-photos-2024.jpg 1093w, https:\/\/home-by-ideesdeco.fr\/wp-content\/uploads\/2025\/01\/1-montage-3-photos-2024-300x212.jpg 300w, https:\/\/home-by-ideesdeco.fr\/wp-content\/uploads\/2025\/01\/1-montage-3-photos-2024-1024x725.jpg 1024w, https:\/\/home-by-ideesdeco.fr\/wp-content\/uploads\/2025\/01\/1-montage-3-photos-2024-768x544.jpg 768w\" sizes=\"auto, (max-width: 1093px) 100vw, 1093px\" \/><\/figure>\n\n\n\n<figure class=\"wp-block-image size-full\"><img loading=\"lazy\" decoding=\"async\" width=\"1024\" height=\"768\" src=\"https:\/\/home-by-ideesdeco.fr\/wp-content\/uploads\/2025\/01\/2-facade.jpg\" alt=\"\" class=\"wp-image-2399\" srcset=\"https:\/\/home-by-ideesdeco.fr\/wp-content\/uploads\/2025\/01\/2-facade.jpg 1024w, https:\/\/home-by-ideesdeco.fr\/wp-content\/uploads\/2025\/01\/2-facade-300x225.jpg 300w, https:\/\/home-by-ideesdeco.fr\/wp-content\/uploads\/2025\/01\/2-facade-768x576.jpg 768w, https:\/\/home-by-ideesdeco.fr\/wp-content\/uploads\/2025\/01\/2-facade-400x300.jpg 400w, https:\/\/home-by-ideesdeco.fr\/wp-content\/uploads\/2025\/01\/2-facade-800x600.jpg 800w\" sizes=\"auto, (max-width: 1024px) 100vw, 1024px\" \/><\/figure>\n\n\n\n<figure class=\"wp-block-image size-full\"><img loading=\"lazy\" decoding=\"async\" width=\"1024\" height=\"768\" src=\"https:\/\/home-by-ideesdeco.fr\/wp-content\/uploads\/2025\/01\/3-IMG_1784.jpg\" alt=\"\" class=\"wp-image-2401\" srcset=\"https:\/\/home-by-ideesdeco.fr\/wp-content\/uploads\/2025\/01\/3-IMG_1784.jpg 1024w, https:\/\/home-by-ideesdeco.fr\/wp-content\/uploads\/2025\/01\/3-IMG_1784-300x225.jpg 300w, https:\/\/home-by-ideesdeco.fr\/wp-content\/uploads\/2025\/01\/3-IMG_1784-768x576.jpg 768w, https:\/\/home-by-ideesdeco.fr\/wp-content\/uploads\/2025\/01\/3-IMG_1784-400x300.jpg 400w, https:\/\/home-by-ideesdeco.fr\/wp-content\/uploads\/2025\/01\/3-IMG_1784-800x600.jpg 800w\" sizes=\"auto, (max-width: 1024px) 100vw, 1024px\" \/><\/figure>\n\n\n\n<figure class=\"wp-block-image size-full\"><img loading=\"lazy\" decoding=\"async\" width=\"1024\" height=\"768\" src=\"https:\/\/home-by-ideesdeco.fr\/wp-content\/uploads\/2025\/01\/4-IMG_1780.jpg\" alt=\"\" class=\"wp-image-2402\" srcset=\"https:\/\/home-by-ideesdeco.fr\/wp-content\/uploads\/2025\/01\/4-IMG_1780.jpg 1024w, https:\/\/home-by-ideesdeco.fr\/wp-content\/uploads\/2025\/01\/4-IMG_1780-300x225.jpg 300w, https:\/\/home-by-ideesdeco.fr\/wp-content\/uploads\/2025\/01\/4-IMG_1780-768x576.jpg 768w, https:\/\/home-by-ideesdeco.fr\/wp-content\/uploads\/2025\/01\/4-IMG_1780-400x300.jpg 400w, https:\/\/home-by-ideesdeco.fr\/wp-content\/uploads\/2025\/01\/4-IMG_1780-800x600.jpg 800w\" sizes=\"auto, (max-width: 1024px) 100vw, 1024px\" \/><\/figure>\n\n\n\n<figure class=\"wp-block-image size-full\"><img loading=\"lazy\" decoding=\"async\" width=\"1024\" height=\"768\" src=\"https:\/\/home-by-ideesdeco.fr\/wp-content\/uploads\/2025\/01\/5-IMG_1787.jpg\" alt=\"\" class=\"wp-image-2403\" srcset=\"https:\/\/home-by-ideesdeco.fr\/wp-content\/uploads\/2025\/01\/5-IMG_1787.jpg 1024w, https:\/\/home-by-ideesdeco.fr\/wp-content\/uploads\/2025\/01\/5-IMG_1787-300x225.jpg 300w, https:\/\/home-by-ideesdeco.fr\/wp-content\/uploads\/2025\/01\/5-IMG_1787-768x576.jpg 768w, https:\/\/home-by-ideesdeco.fr\/wp-content\/uploads\/2025\/01\/5-IMG_1787-400x300.jpg 400w, https:\/\/home-by-ideesdeco.fr\/wp-content\/uploads\/2025\/01\/5-IMG_1787-800x600.jpg 800w\" sizes=\"auto, (max-width: 1024px) 100vw, 1024px\" \/><\/figure>\n\n\n\n<figure class=\"wp-block-image size-full\"><img loading=\"lazy\" decoding=\"async\" width=\"1024\" height=\"768\" src=\"https:\/\/home-by-ideesdeco.fr\/wp-content\/uploads\/2025\/01\/6-IMG_1789.jpg\" alt=\"\" class=\"wp-image-2404\" srcset=\"https:\/\/home-by-ideesdeco.fr\/wp-content\/uploads\/2025\/01\/6-IMG_1789.jpg 1024w, https:\/\/home-by-ideesdeco.fr\/wp-content\/uploads\/2025\/01\/6-IMG_1789-300x225.jpg 300w, https:\/\/home-by-ideesdeco.fr\/wp-content\/uploads\/2025\/01\/6-IMG_1789-768x576.jpg 768w, https:\/\/home-by-ideesdeco.fr\/wp-content\/uploads\/2025\/01\/6-IMG_1789-400x300.jpg 400w, https:\/\/home-by-ideesdeco.fr\/wp-content\/uploads\/2025\/01\/6-IMG_1789-800x600.jpg 800w\" sizes=\"auto, (max-width: 1024px) 100vw, 1024px\" \/><\/figure>\n\n\n\n<figure class=\"wp-block-image size-full\"><img loading=\"lazy\" decoding=\"async\" width=\"1024\" height=\"768\" src=\"https:\/\/home-by-ideesdeco.fr\/wp-content\/uploads\/2025\/01\/7-IMG_1793.jpg\" alt=\"\" class=\"wp-image-2405\" srcset=\"https:\/\/home-by-ideesdeco.fr\/wp-content\/uploads\/2025\/01\/7-IMG_1793.jpg 1024w, https:\/\/home-by-ideesdeco.fr\/wp-content\/uploads\/2025\/01\/7-IMG_1793-300x225.jpg 300w, https:\/\/home-by-ideesdeco.fr\/wp-content\/uploads\/2025\/01\/7-IMG_1793-768x576.jpg 768w, https:\/\/home-by-ideesdeco.fr\/wp-content\/uploads\/2025\/01\/7-IMG_1793-400x300.jpg 400w, https:\/\/home-by-ideesdeco.fr\/wp-content\/uploads\/2025\/01\/7-IMG_1793-800x600.jpg 800w\" sizes=\"auto, (max-width: 1024px) 100vw, 1024px\" \/><\/figure>\n\n\n\n<figure class=\"wp-block-image size-full\"><img loading=\"lazy\" decoding=\"async\" width=\"1093\" height=\"774\" src=\"https:\/\/home-by-ideesdeco.fr\/wp-content\/uploads\/2025\/01\/8-montage-3-photos-2024.jpg\" alt=\"\" class=\"wp-image-2406\" srcset=\"https:\/\/home-by-ideesdeco.fr\/wp-content\/uploads\/2025\/01\/8-montage-3-photos-2024.jpg 1093w, https:\/\/home-by-ideesdeco.fr\/wp-content\/uploads\/2025\/01\/8-montage-3-photos-2024-300x212.jpg 300w, https:\/\/home-by-ideesdeco.fr\/wp-content\/uploads\/2025\/01\/8-montage-3-photos-2024-1024x725.jpg 1024w, https:\/\/home-by-ideesdeco.fr\/wp-content\/uploads\/2025\/01\/8-montage-3-photos-2024-768x544.jpg 768w\" sizes=\"auto, (max-width: 1093px) 100vw, 1093px\" \/><\/figure>\n\n\n\n<figure class=\"wp-block-image size-full\"><img loading=\"lazy\" decoding=\"async\" width=\"1024\" height=\"768\" src=\"https:\/\/home-by-ideesdeco.fr\/wp-content\/uploads\/2025\/01\/9-IMG_1801.jpg\" alt=\"\" class=\"wp-image-2407\" srcset=\"https:\/\/home-by-ideesdeco.fr\/wp-content\/uploads\/2025\/01\/9-IMG_1801.jpg 1024w, https:\/\/home-by-ideesdeco.fr\/wp-content\/uploads\/2025\/01\/9-IMG_1801-300x225.jpg 300w, https:\/\/home-by-ideesdeco.fr\/wp-content\/uploads\/2025\/01\/9-IMG_1801-768x576.jpg 768w, https:\/\/home-by-ideesdeco.fr\/wp-content\/uploads\/2025\/01\/9-IMG_1801-400x300.jpg 400w, https:\/\/home-by-ideesdeco.fr\/wp-content\/uploads\/2025\/01\/9-IMG_1801-800x600.jpg 800w\" sizes=\"auto, (max-width: 1024px) 100vw, 1024px\" \/><\/figure>\n\n\n\n<figure class=\"wp-block-image size-full\"><img loading=\"lazy\" decoding=\"async\" width=\"1024\" height=\"768\" src=\"https:\/\/home-by-ideesdeco.fr\/wp-content\/uploads\/2025\/01\/10-GOPR0112.jpg\" alt=\"\" class=\"wp-image-2408\" srcset=\"https:\/\/home-by-ideesdeco.fr\/wp-content\/uploads\/2025\/01\/10-GOPR0112.jpg 1024w, https:\/\/home-by-ideesdeco.fr\/wp-content\/uploads\/2025\/01\/10-GOPR0112-300x225.jpg 300w, https:\/\/home-by-ideesdeco.fr\/wp-content\/uploads\/2025\/01\/10-GOPR0112-768x576.jpg 768w, https:\/\/home-by-ideesdeco.fr\/wp-content\/uploads\/2025\/01\/10-GOPR0112-400x300.jpg 400w, https:\/\/home-by-ideesdeco.fr\/wp-content\/uploads\/2025\/01\/10-GOPR0112-800x600.jpg 800w\" sizes=\"auto, (max-width: 1024px) 100vw, 1024px\" \/><\/figure>\n\n\n\n<figure class=\"wp-block-image size-full\"><img loading=\"lazy\" decoding=\"async\" width=\"1024\" height=\"768\" src=\"https:\/\/home-by-ideesdeco.fr\/wp-content\/uploads\/2025\/01\/11a-IMG_1806.jpg\" alt=\"\" class=\"wp-image-2409\" srcset=\"https:\/\/home-by-ideesdeco.fr\/wp-content\/uploads\/2025\/01\/11a-IMG_1806.jpg 1024w, https:\/\/home-by-ideesdeco.fr\/wp-content\/uploads\/2025\/01\/11a-IMG_1806-300x225.jpg 300w, https:\/\/home-by-ideesdeco.fr\/wp-content\/uploads\/2025\/01\/11a-IMG_1806-768x576.jpg 768w, https:\/\/home-by-ideesdeco.fr\/wp-content\/uploads\/2025\/01\/11a-IMG_1806-400x300.jpg 400w, https:\/\/home-by-ideesdeco.fr\/wp-content\/uploads\/2025\/01\/11a-IMG_1806-800x600.jpg 800w\" sizes=\"auto, (max-width: 1024px) 100vw, 1024px\" \/><\/figure>\n\n\n\n<figure class=\"wp-block-image size-full\"><img loading=\"lazy\" decoding=\"async\" width=\"1024\" height=\"768\" src=\"https:\/\/home-by-ideesdeco.fr\/wp-content\/uploads\/2025\/01\/11b-IMG_1804.jpg\" alt=\"\" class=\"wp-image-2410\" srcset=\"https:\/\/home-by-ideesdeco.fr\/wp-content\/uploads\/2025\/01\/11b-IMG_1804.jpg 1024w, https:\/\/home-by-ideesdeco.fr\/wp-content\/uploads\/2025\/01\/11b-IMG_1804-300x225.jpg 300w, https:\/\/home-by-ideesdeco.fr\/wp-content\/uploads\/2025\/01\/11b-IMG_1804-768x576.jpg 768w, https:\/\/home-by-ideesdeco.fr\/wp-content\/uploads\/2025\/01\/11b-IMG_1804-400x300.jpg 400w, https:\/\/home-by-ideesdeco.fr\/wp-content\/uploads\/2025\/01\/11b-IMG_1804-800x600.jpg 800w\" sizes=\"auto, (max-width: 1024px) 100vw, 1024px\" \/><\/figure>\n\n\n\n<figure class=\"wp-block-image size-full\"><img loading=\"lazy\" decoding=\"async\" width=\"1024\" height=\"768\" src=\"https:\/\/home-by-ideesdeco.fr\/wp-content\/uploads\/2025\/01\/11c-IMG_1808.jpg\" alt=\"\" class=\"wp-image-2411\" srcset=\"https:\/\/home-by-ideesdeco.fr\/wp-content\/uploads\/2025\/01\/11c-IMG_1808.jpg 1024w, https:\/\/home-by-ideesdeco.fr\/wp-content\/uploads\/2025\/01\/11c-IMG_1808-300x225.jpg 300w, https:\/\/home-by-ideesdeco.fr\/wp-content\/uploads\/2025\/01\/11c-IMG_1808-768x576.jpg 768w, https:\/\/home-by-ideesdeco.fr\/wp-content\/uploads\/2025\/01\/11c-IMG_1808-400x300.jpg 400w, https:\/\/home-by-ideesdeco.fr\/wp-content\/uploads\/2025\/01\/11c-IMG_1808-800x600.jpg 800w\" sizes=\"auto, (max-width: 1024px) 100vw, 1024px\" \/><\/figure>\n\n\n\n<figure class=\"wp-block-image size-full\"><img loading=\"lazy\" decoding=\"async\" width=\"1024\" height=\"768\" src=\"https:\/\/home-by-ideesdeco.fr\/wp-content\/uploads\/2025\/01\/13-IMG_1811.jpg\" alt=\"\" class=\"wp-image-2412\" srcset=\"https:\/\/home-by-ideesdeco.fr\/wp-content\/uploads\/2025\/01\/13-IMG_1811.jpg 1024w, https:\/\/home-by-ideesdeco.fr\/wp-content\/uploads\/2025\/01\/13-IMG_1811-300x225.jpg 300w, https:\/\/home-by-ideesdeco.fr\/wp-content\/uploads\/2025\/01\/13-IMG_1811-768x576.jpg 768w, https:\/\/home-by-ideesdeco.fr\/wp-content\/uploads\/2025\/01\/13-IMG_1811-400x300.jpg 400w, https:\/\/home-by-ideesdeco.fr\/wp-content\/uploads\/2025\/01\/13-IMG_1811-800x600.jpg 800w\" sizes=\"auto, (max-width: 1024px) 100vw, 1024px\" \/><\/figure>\n\n\n\n<p>Vernouillet &#8211; Secteur r\u00e9sidentiel proche du centre ville. 519 000 \u20ac<\/p>\n\n\n\n<p>Au calme dans une impasse,&nbsp; Maison individuelle de 1997 (Kaufman &amp; Broad), r\u00e9nov\u00e9e au fil du temps et tr\u00e8s bien entretenue.<br>120 m2, 4 chambres dont une suite parentale. Garage de 24 m2 avec porte \u00e9lectrique. Le tout sur une parcelle de 557 m2.<\/p>\n\n\n\n<p>Au rdc, grand salon\/sam de 35 m2 \u00e9quip\u00e9 d&#8217;un po\u00eale \u00e0 bois de 2022. Cuisine semi-ouverte, wc, lingerie avec acc\u00e8s direct au garage qui poss\u00e8de de nombreux rangements.<\/p>\n\n\n\n<p>A l&#8217;\u00e9tage, 4 chambres dont une suite parentale avec sa propre SDB, wc, salle d&#8217;eau<\/p>\n\n\n\n<p>Ext\u00e9rieurs : grande terrasse avec un store banne \u00e9lectrique, donnant sur un jardin arbor\u00e9. Abri \u00e0 bois, chalet de rangement pour outils de jardin.<\/p>\n\n\n\n<p>Acc\u00e8s au centre ville, aux \u00e9coles maternelles, primaire et coll\u00e8ge en 5 mn \u00e0 pied. Arr\u00eat de bus pour la gare de Vernouillet (Futur RER E en 2026) et gare routi\u00e8re pour le bus vers la D\u00e9fense par A14. Acc\u00e8s facile aux autoroutes A13, A14.<\/p>\n\n\n\n<p>A noter, VMC et chauffe eau r\u00e9cents. Performance \u00e9nerg\u00e9tique en C.<\/p>\n","protected":false},"excerpt":{"rendered":"<p>Vernouillet &#8211; Secteur r\u00e9sidentiel proche du centre ville. 519 000 \u20ac Au calme dans une impasse,&nbsp; Maison individuelle de 1997 (Kaufman &amp; Broad), r\u00e9nov\u00e9e au fil du temps et tr\u00e8s [&hellip;]<\/p>\n","protected":false},"author":1,"featured_media":0,"parent":0,"menu_order":0,"comment_status":"closed","ping_status":"closed","template":"","meta":{"footnotes":""},"class_list":["post-2335","page","type-page","status-publish","hentry"],"_links":{"self":[{"href":"https:\/\/home-by-ideesdeco.fr\/index.php\/wp-json\/wp\/v2\/pages\/2335","targetHints":{"allow":["GET"]}}],"collection":[{"href":"https:\/\/home-by-ideesdeco.fr\/index.php\/wp-json\/wp\/v2\/pages"}],"about":[{"href":"https:\/\/home-by-ideesdeco.fr\/index.php\/wp-json\/wp\/v2\/types\/page"}],"author":[{"embeddable":true,"href":"https:\/\/home-by-ideesdeco.fr\/index.php\/wp-json\/wp\/v2\/users\/1"}],"replies":[{"embeddable":true,"href":"https:\/\/home-by-ideesdeco.fr\/index.php\/wp-json\/wp\/v2\/comments?post=2335"}],"version-history":[{"count":4,"href":"https:\/\/home-by-ideesdeco.fr\/index.php\/wp-json\/wp\/v2\/pages\/2335\/revisions"}],"predecessor-version":[{"id":2416,"href":"https:\/\/home-by-ideesdeco.fr\/index.php\/wp-json\/wp\/v2\/pages\/2335\/revisions\/2416"}],"wp:attachment":[{"href":"https:\/\/home-by-ideesdeco.fr\/index.php\/wp-json\/wp\/v2\/media?parent=2335"}],"curies":[{"name":"wp","href":"https:\/\/api.w.org\/{rel}","templated":true}]}}