{"id":2284,"date":"2024-12-04T12:06:28","date_gmt":"2024-12-04T11:06:28","guid":{"rendered":"https:\/\/home-by-ideesdeco.fr\/?page_id=2284"},"modified":"2024-12-04T13:24:05","modified_gmt":"2024-12-04T12:24:05","slug":"etretat-ossature-bois-156-m2-4-ch-cabane-suspendue-a-12m-de-haut-avec-chambre-salle-deau-et-toilettes","status":"publish","type":"page","link":"https:\/\/home-by-ideesdeco.fr\/index.php\/etretat-ossature-bois-156-m2-4-ch-cabane-suspendue-a-12m-de-haut-avec-chambre-salle-deau-et-toilettes\/","title":{"rendered":"Etretat &#8211; ossature bois &#8211; 156 m2 &#8211; 4 ch. + cabane suspendue \u00e0 12m de haut avec chambre salle d&#8217;eau et toilettes !"},"content":{"rendered":"\n<figure class=\"wp-block-image size-full\"><img loading=\"lazy\" decoding=\"async\" width=\"768\" height=\"1024\" src=\"https:\/\/home-by-ideesdeco.fr\/wp-content\/uploads\/2024\/12\/facade.jpg\" alt=\"\" class=\"wp-image-2285\" srcset=\"https:\/\/home-by-ideesdeco.fr\/wp-content\/uploads\/2024\/12\/facade.jpg 768w, https:\/\/home-by-ideesdeco.fr\/wp-content\/uploads\/2024\/12\/facade-225x300.jpg 225w\" sizes=\"auto, (max-width: 768px) 100vw, 768px\" \/><\/figure>\n\n\n\n<figure class=\"wp-block-image size-full\"><img loading=\"lazy\" decoding=\"async\" width=\"1024\" height=\"757\" src=\"https:\/\/home-by-ideesdeco.fr\/wp-content\/uploads\/2024\/12\/2-salon.jpg\" alt=\"\" class=\"wp-image-2286\" srcset=\"https:\/\/home-by-ideesdeco.fr\/wp-content\/uploads\/2024\/12\/2-salon.jpg 1024w, https:\/\/home-by-ideesdeco.fr\/wp-content\/uploads\/2024\/12\/2-salon-300x222.jpg 300w, https:\/\/home-by-ideesdeco.fr\/wp-content\/uploads\/2024\/12\/2-salon-768x568.jpg 768w\" sizes=\"auto, (max-width: 1024px) 100vw, 1024px\" \/><\/figure>\n\n\n\n<figure class=\"wp-block-image size-full\"><img loading=\"lazy\" decoding=\"async\" width=\"1024\" height=\"768\" src=\"https:\/\/home-by-ideesdeco.fr\/wp-content\/uploads\/2024\/12\/3-sam.jpg\" alt=\"\" class=\"wp-image-2287\" srcset=\"https:\/\/home-by-ideesdeco.fr\/wp-content\/uploads\/2024\/12\/3-sam.jpg 1024w, https:\/\/home-by-ideesdeco.fr\/wp-content\/uploads\/2024\/12\/3-sam-300x225.jpg 300w, https:\/\/home-by-ideesdeco.fr\/wp-content\/uploads\/2024\/12\/3-sam-768x576.jpg 768w, https:\/\/home-by-ideesdeco.fr\/wp-content\/uploads\/2024\/12\/3-sam-400x300.jpg 400w, https:\/\/home-by-ideesdeco.fr\/wp-content\/uploads\/2024\/12\/3-sam-800x600.jpg 800w\" sizes=\"auto, (max-width: 1024px) 100vw, 1024px\" \/><\/figure>\n\n\n\n<figure class=\"wp-block-image size-full\"><img loading=\"lazy\" decoding=\"async\" width=\"1024\" height=\"749\" src=\"https:\/\/home-by-ideesdeco.fr\/wp-content\/uploads\/2024\/12\/4-cuisine.jpg\" alt=\"\" class=\"wp-image-2288\" srcset=\"https:\/\/home-by-ideesdeco.fr\/wp-content\/uploads\/2024\/12\/4-cuisine.jpg 1024w, https:\/\/home-by-ideesdeco.fr\/wp-content\/uploads\/2024\/12\/4-cuisine-300x219.jpg 300w, https:\/\/home-by-ideesdeco.fr\/wp-content\/uploads\/2024\/12\/4-cuisine-768x562.jpg 768w\" sizes=\"auto, (max-width: 1024px) 100vw, 1024px\" \/><\/figure>\n\n\n\n<figure class=\"wp-block-image size-full\"><img loading=\"lazy\" decoding=\"async\" width=\"1024\" height=\"749\" src=\"https:\/\/home-by-ideesdeco.fr\/wp-content\/uploads\/2024\/12\/5-ch3.jpg\" alt=\"\" class=\"wp-image-2289\" srcset=\"https:\/\/home-by-ideesdeco.fr\/wp-content\/uploads\/2024\/12\/5-ch3.jpg 1024w, https:\/\/home-by-ideesdeco.fr\/wp-content\/uploads\/2024\/12\/5-ch3-300x219.jpg 300w, https:\/\/home-by-ideesdeco.fr\/wp-content\/uploads\/2024\/12\/5-ch3-768x562.jpg 768w\" sizes=\"auto, (max-width: 1024px) 100vw, 1024px\" \/><\/figure>\n\n\n\n<figure class=\"wp-block-image size-full\"><img loading=\"lazy\" decoding=\"async\" width=\"1024\" height=\"768\" src=\"https:\/\/home-by-ideesdeco.fr\/wp-content\/uploads\/2024\/12\/6-sdb.jpg\" alt=\"\" class=\"wp-image-2290\" srcset=\"https:\/\/home-by-ideesdeco.fr\/wp-content\/uploads\/2024\/12\/6-sdb.jpg 1024w, https:\/\/home-by-ideesdeco.fr\/wp-content\/uploads\/2024\/12\/6-sdb-300x225.jpg 300w, https:\/\/home-by-ideesdeco.fr\/wp-content\/uploads\/2024\/12\/6-sdb-768x576.jpg 768w, https:\/\/home-by-ideesdeco.fr\/wp-content\/uploads\/2024\/12\/6-sdb-400x300.jpg 400w, https:\/\/home-by-ideesdeco.fr\/wp-content\/uploads\/2024\/12\/6-sdb-800x600.jpg 800w\" sizes=\"auto, (max-width: 1024px) 100vw, 1024px\" \/><\/figure>\n\n\n\n<figure class=\"wp-block-image size-full\"><img loading=\"lazy\" decoding=\"async\" width=\"1024\" height=\"757\" src=\"https:\/\/home-by-ideesdeco.fr\/wp-content\/uploads\/2024\/12\/7-ch1.jpg\" alt=\"\" class=\"wp-image-2291\" srcset=\"https:\/\/home-by-ideesdeco.fr\/wp-content\/uploads\/2024\/12\/7-ch1.jpg 1024w, https:\/\/home-by-ideesdeco.fr\/wp-content\/uploads\/2024\/12\/7-ch1-300x222.jpg 300w, https:\/\/home-by-ideesdeco.fr\/wp-content\/uploads\/2024\/12\/7-ch1-768x568.jpg 768w\" sizes=\"auto, (max-width: 1024px) 100vw, 1024px\" \/><\/figure>\n\n\n\n<figure class=\"wp-block-image size-full\"><img loading=\"lazy\" decoding=\"async\" width=\"1024\" height=\"747\" src=\"https:\/\/home-by-ideesdeco.fr\/wp-content\/uploads\/2024\/12\/9-ch2.jpg\" alt=\"\" class=\"wp-image-2292\" srcset=\"https:\/\/home-by-ideesdeco.fr\/wp-content\/uploads\/2024\/12\/9-ch2.jpg 1024w, https:\/\/home-by-ideesdeco.fr\/wp-content\/uploads\/2024\/12\/9-ch2-300x219.jpg 300w, https:\/\/home-by-ideesdeco.fr\/wp-content\/uploads\/2024\/12\/9-ch2-768x560.jpg 768w\" sizes=\"auto, (max-width: 1024px) 100vw, 1024px\" \/><\/figure>\n\n\n\n<figure class=\"wp-block-image size-full\"><img loading=\"lazy\" decoding=\"async\" width=\"1024\" height=\"763\" src=\"https:\/\/home-by-ideesdeco.fr\/wp-content\/uploads\/2024\/12\/10-sdb2.jpg\" alt=\"\" class=\"wp-image-2293\" srcset=\"https:\/\/home-by-ideesdeco.fr\/wp-content\/uploads\/2024\/12\/10-sdb2.jpg 1024w, https:\/\/home-by-ideesdeco.fr\/wp-content\/uploads\/2024\/12\/10-sdb2-300x224.jpg 300w, https:\/\/home-by-ideesdeco.fr\/wp-content\/uploads\/2024\/12\/10-sdb2-768x572.jpg 768w\" sizes=\"auto, (max-width: 1024px) 100vw, 1024px\" \/><\/figure>\n\n\n\n<figure class=\"wp-block-image size-full\"><img loading=\"lazy\" decoding=\"async\" width=\"768\" height=\"1024\" src=\"https:\/\/home-by-ideesdeco.fr\/wp-content\/uploads\/2024\/12\/cabane1.jpg\" alt=\"\" class=\"wp-image-2294\" srcset=\"https:\/\/home-by-ideesdeco.fr\/wp-content\/uploads\/2024\/12\/cabane1.jpg 768w, https:\/\/home-by-ideesdeco.fr\/wp-content\/uploads\/2024\/12\/cabane1-225x300.jpg 225w\" sizes=\"auto, (max-width: 768px) 100vw, 768px\" \/><\/figure>\n\n\n\n<figure class=\"wp-block-image size-full\"><img loading=\"lazy\" decoding=\"async\" width=\"768\" height=\"1024\" src=\"https:\/\/home-by-ideesdeco.fr\/wp-content\/uploads\/2024\/12\/12-cabane4.jpg\" alt=\"\" class=\"wp-image-2309\" srcset=\"https:\/\/home-by-ideesdeco.fr\/wp-content\/uploads\/2024\/12\/12-cabane4.jpg 768w, https:\/\/home-by-ideesdeco.fr\/wp-content\/uploads\/2024\/12\/12-cabane4-225x300.jpg 225w\" sizes=\"auto, (max-width: 768px) 100vw, 768px\" \/><\/figure>\n\n\n\n<figure class=\"wp-block-image size-full\"><img loading=\"lazy\" decoding=\"async\" width=\"768\" height=\"1024\" src=\"https:\/\/home-by-ideesdeco.fr\/wp-content\/uploads\/2024\/12\/cabane.jpg\" alt=\"\" class=\"wp-image-2296\" srcset=\"https:\/\/home-by-ideesdeco.fr\/wp-content\/uploads\/2024\/12\/cabane.jpg 768w, https:\/\/home-by-ideesdeco.fr\/wp-content\/uploads\/2024\/12\/cabane-225x300.jpg 225w\" sizes=\"auto, (max-width: 768px) 100vw, 768px\" \/><\/figure>\n\n\n\n<figure class=\"wp-block-image size-full\"><img loading=\"lazy\" decoding=\"async\" width=\"768\" height=\"1024\" src=\"https:\/\/home-by-ideesdeco.fr\/wp-content\/uploads\/2024\/12\/cabane3.jpg\" alt=\"\" class=\"wp-image-2297\" srcset=\"https:\/\/home-by-ideesdeco.fr\/wp-content\/uploads\/2024\/12\/cabane3.jpg 768w, https:\/\/home-by-ideesdeco.fr\/wp-content\/uploads\/2024\/12\/cabane3-225x300.jpg 225w\" sizes=\"auto, (max-width: 768px) 100vw, 768px\" \/><\/figure>\n\n\n\n<figure class=\"wp-block-image size-full\"><img loading=\"lazy\" decoding=\"async\" width=\"768\" height=\"1024\" src=\"https:\/\/home-by-ideesdeco.fr\/wp-content\/uploads\/2024\/12\/cabane2.jpg\" alt=\"\" class=\"wp-image-2298\" srcset=\"https:\/\/home-by-ideesdeco.fr\/wp-content\/uploads\/2024\/12\/cabane2.jpg 768w, https:\/\/home-by-ideesdeco.fr\/wp-content\/uploads\/2024\/12\/cabane2-225x300.jpg 225w\" sizes=\"auto, (max-width: 768px) 100vw, 768px\" \/><\/figure>\n\n\n\n<figure class=\"wp-block-image size-full\"><img loading=\"lazy\" decoding=\"async\" width=\"768\" height=\"1024\" src=\"https:\/\/home-by-ideesdeco.fr\/wp-content\/uploads\/2024\/12\/jardin.jpg\" alt=\"\" class=\"wp-image-2299\" srcset=\"https:\/\/home-by-ideesdeco.fr\/wp-content\/uploads\/2024\/12\/jardin.jpg 768w, https:\/\/home-by-ideesdeco.fr\/wp-content\/uploads\/2024\/12\/jardin-225x300.jpg 225w\" sizes=\"auto, (max-width: 768px) 100vw, 768px\" \/><\/figure>\n\n\n\n<p>ETRETAT &#8211; Tr\u00e8s bien int\u00e9gr\u00e9e dans un environnement verdoyant, Maison en ossature bois, de 156 m2 sur 3 niveaux avec en plus 1 cabane perch\u00e9e dans un pin d&#8217;Autriche, \u00e0 12 m\u00e8tres de haut, avec chambre, salle d&#8217;eau, toilettes et terrasse ! Le terrain est de 1000 m2.<\/p>\n\n\n\n<p>Le descriptif de cette maison atypique r\u00e9nov\u00e9e et d\u00e9cor\u00e9e avec go\u00fbt :<\/p>\n\n\n\n<p>En rez de jardin : 2 chambres avec leurs salles d&#8217;eau, toilettes et terrasses priv\u00e9es. 13m2 chacune. Une grande pi\u00e8ce de rangement pour v\u00e9los outils de jardinage, buanderie et cave.<br>1er \u00e9tage : 1 grande pi\u00e8ce de vie de 50 m2 avec cuisine ouverte, salon, salle \u00e0 manger avec chemin\u00e9e. Terrasse.<br>Un demi palier dessert 1 chambre, des Toilettes s\u00e9par\u00e9es et une salle de bain avec baignoire et douche.<br>3 \u00e9tage : une chambre vue sur mer et falaise avec grenier et mezzanine.<\/p>\n\n\n\n<p>L&#8217;originale cabane est perch\u00e9e \u00e0 12 m\u00e8tres de hauteur, nich\u00e9e dans un pin d&#8217;Autriche avec 1 chambre, 1 salle d&#8217;eau avec toilettes et 1 terrasse dominant le village d&#8217;Etretat, la mer et la falaise d&#8217;Aval. 598 500 \u20ac<\/p>\n","protected":false},"excerpt":{"rendered":"<p>ETRETAT &#8211; Tr\u00e8s bien int\u00e9gr\u00e9e dans un environnement verdoyant, Maison en ossature bois, de 156 m2 sur 3 niveaux avec en plus 1 cabane perch\u00e9e dans un pin d&#8217;Autriche, \u00e0 [&hellip;]<\/p>\n","protected":false},"author":1,"featured_media":0,"parent":0,"menu_order":0,"comment_status":"closed","ping_status":"closed","template":"","meta":{"footnotes":""},"class_list":["post-2284","page","type-page","status-publish","hentry"],"_links":{"self":[{"href":"https:\/\/home-by-ideesdeco.fr\/index.php\/wp-json\/wp\/v2\/pages\/2284","targetHints":{"allow":["GET"]}}],"collection":[{"href":"https:\/\/home-by-ideesdeco.fr\/index.php\/wp-json\/wp\/v2\/pages"}],"about":[{"href":"https:\/\/home-by-ideesdeco.fr\/index.php\/wp-json\/wp\/v2\/types\/page"}],"author":[{"embeddable":true,"href":"https:\/\/home-by-ideesdeco.fr\/index.php\/wp-json\/wp\/v2\/users\/1"}],"replies":[{"embeddable":true,"href":"https:\/\/home-by-ideesdeco.fr\/index.php\/wp-json\/wp\/v2\/comments?post=2284"}],"version-history":[{"count":3,"href":"https:\/\/home-by-ideesdeco.fr\/index.php\/wp-json\/wp\/v2\/pages\/2284\/revisions"}],"predecessor-version":[{"id":2311,"href":"https:\/\/home-by-ideesdeco.fr\/index.php\/wp-json\/wp\/v2\/pages\/2284\/revisions\/2311"}],"wp:attachment":[{"href":"https:\/\/home-by-ideesdeco.fr\/index.php\/wp-json\/wp\/v2\/media?parent=2284"}],"curies":[{"name":"wp","href":"https:\/\/api.w.org\/{rel}","templated":true}]}}