{"id":2129,"date":"2024-09-24T16:49:35","date_gmt":"2024-09-24T14:49:35","guid":{"rendered":"https:\/\/home-by-ideesdeco.fr\/?page_id=2129"},"modified":"2024-09-24T16:49:35","modified_gmt":"2024-09-24T14:49:35","slug":"maison-bonnieres-sur-seine-364-000-e","status":"publish","type":"page","link":"https:\/\/home-by-ideesdeco.fr\/index.php\/maison-bonnieres-sur-seine-364-000-e\/","title":{"rendered":"Maison Bonni\u00e8res sur Seine 364 000 \u20ac"},"content":{"rendered":"\n<figure class=\"wp-block-image size-full\"><img loading=\"lazy\" decoding=\"async\" width=\"1024\" height=\"768\" src=\"https:\/\/home-by-ideesdeco.fr\/wp-content\/uploads\/2024\/09\/facade2.jpg\" alt=\"\" class=\"wp-image-2130\" srcset=\"https:\/\/home-by-ideesdeco.fr\/wp-content\/uploads\/2024\/09\/facade2.jpg 1024w, https:\/\/home-by-ideesdeco.fr\/wp-content\/uploads\/2024\/09\/facade2-300x225.jpg 300w, https:\/\/home-by-ideesdeco.fr\/wp-content\/uploads\/2024\/09\/facade2-768x576.jpg 768w, https:\/\/home-by-ideesdeco.fr\/wp-content\/uploads\/2024\/09\/facade2-400x300.jpg 400w, https:\/\/home-by-ideesdeco.fr\/wp-content\/uploads\/2024\/09\/facade2-800x600.jpg 800w\" sizes=\"auto, (max-width: 1024px) 100vw, 1024px\" \/><\/figure>\n\n\n\n<figure class=\"wp-block-image size-full\"><img loading=\"lazy\" decoding=\"async\" width=\"1024\" height=\"768\" src=\"https:\/\/home-by-ideesdeco.fr\/wp-content\/uploads\/2024\/09\/salon1.jpg\" alt=\"\" class=\"wp-image-2131\" srcset=\"https:\/\/home-by-ideesdeco.fr\/wp-content\/uploads\/2024\/09\/salon1.jpg 1024w, https:\/\/home-by-ideesdeco.fr\/wp-content\/uploads\/2024\/09\/salon1-300x225.jpg 300w, https:\/\/home-by-ideesdeco.fr\/wp-content\/uploads\/2024\/09\/salon1-768x576.jpg 768w, https:\/\/home-by-ideesdeco.fr\/wp-content\/uploads\/2024\/09\/salon1-400x300.jpg 400w, https:\/\/home-by-ideesdeco.fr\/wp-content\/uploads\/2024\/09\/salon1-800x600.jpg 800w\" sizes=\"auto, (max-width: 1024px) 100vw, 1024px\" \/><\/figure>\n\n\n\n<figure class=\"wp-block-image size-full\"><img loading=\"lazy\" decoding=\"async\" width=\"1024\" height=\"768\" src=\"https:\/\/home-by-ideesdeco.fr\/wp-content\/uploads\/2024\/09\/salon.jpg\" alt=\"\" class=\"wp-image-2132\" srcset=\"https:\/\/home-by-ideesdeco.fr\/wp-content\/uploads\/2024\/09\/salon.jpg 1024w, https:\/\/home-by-ideesdeco.fr\/wp-content\/uploads\/2024\/09\/salon-300x225.jpg 300w, https:\/\/home-by-ideesdeco.fr\/wp-content\/uploads\/2024\/09\/salon-768x576.jpg 768w, https:\/\/home-by-ideesdeco.fr\/wp-content\/uploads\/2024\/09\/salon-400x300.jpg 400w, https:\/\/home-by-ideesdeco.fr\/wp-content\/uploads\/2024\/09\/salon-800x600.jpg 800w\" sizes=\"auto, (max-width: 1024px) 100vw, 1024px\" \/><\/figure>\n\n\n\n<figure class=\"wp-block-image size-full\"><img loading=\"lazy\" decoding=\"async\" width=\"1024\" height=\"768\" src=\"https:\/\/home-by-ideesdeco.fr\/wp-content\/uploads\/2024\/09\/entree.jpg\" alt=\"\" class=\"wp-image-2133\" srcset=\"https:\/\/home-by-ideesdeco.fr\/wp-content\/uploads\/2024\/09\/entree.jpg 1024w, https:\/\/home-by-ideesdeco.fr\/wp-content\/uploads\/2024\/09\/entree-300x225.jpg 300w, https:\/\/home-by-ideesdeco.fr\/wp-content\/uploads\/2024\/09\/entree-768x576.jpg 768w, https:\/\/home-by-ideesdeco.fr\/wp-content\/uploads\/2024\/09\/entree-400x300.jpg 400w, https:\/\/home-by-ideesdeco.fr\/wp-content\/uploads\/2024\/09\/entree-800x600.jpg 800w\" sizes=\"auto, (max-width: 1024px) 100vw, 1024px\" \/><\/figure>\n\n\n\n<figure class=\"wp-block-image size-full\"><img loading=\"lazy\" decoding=\"async\" width=\"1024\" height=\"768\" src=\"https:\/\/home-by-ideesdeco.fr\/wp-content\/uploads\/2024\/09\/cuisine1.jpg\" alt=\"\" class=\"wp-image-2134\" srcset=\"https:\/\/home-by-ideesdeco.fr\/wp-content\/uploads\/2024\/09\/cuisine1.jpg 1024w, https:\/\/home-by-ideesdeco.fr\/wp-content\/uploads\/2024\/09\/cuisine1-300x225.jpg 300w, https:\/\/home-by-ideesdeco.fr\/wp-content\/uploads\/2024\/09\/cuisine1-768x576.jpg 768w, https:\/\/home-by-ideesdeco.fr\/wp-content\/uploads\/2024\/09\/cuisine1-400x300.jpg 400w, https:\/\/home-by-ideesdeco.fr\/wp-content\/uploads\/2024\/09\/cuisine1-800x600.jpg 800w\" sizes=\"auto, (max-width: 1024px) 100vw, 1024px\" \/><\/figure>\n\n\n\n<figure class=\"wp-block-image size-full\"><img loading=\"lazy\" decoding=\"async\" width=\"1024\" height=\"768\" src=\"https:\/\/home-by-ideesdeco.fr\/wp-content\/uploads\/2024\/09\/cuisine-1.jpg\" alt=\"\" class=\"wp-image-2135\" srcset=\"https:\/\/home-by-ideesdeco.fr\/wp-content\/uploads\/2024\/09\/cuisine-1.jpg 1024w, https:\/\/home-by-ideesdeco.fr\/wp-content\/uploads\/2024\/09\/cuisine-1-300x225.jpg 300w, https:\/\/home-by-ideesdeco.fr\/wp-content\/uploads\/2024\/09\/cuisine-1-768x576.jpg 768w, https:\/\/home-by-ideesdeco.fr\/wp-content\/uploads\/2024\/09\/cuisine-1-400x300.jpg 400w, https:\/\/home-by-ideesdeco.fr\/wp-content\/uploads\/2024\/09\/cuisine-1-800x600.jpg 800w\" sizes=\"auto, (max-width: 1024px) 100vw, 1024px\" \/><\/figure>\n\n\n\n<figure class=\"wp-block-image size-full\"><img loading=\"lazy\" decoding=\"async\" width=\"1024\" height=\"768\" src=\"https:\/\/home-by-ideesdeco.fr\/wp-content\/uploads\/2024\/09\/mezzanine.jpg\" alt=\"\" class=\"wp-image-2136\" srcset=\"https:\/\/home-by-ideesdeco.fr\/wp-content\/uploads\/2024\/09\/mezzanine.jpg 1024w, https:\/\/home-by-ideesdeco.fr\/wp-content\/uploads\/2024\/09\/mezzanine-300x225.jpg 300w, https:\/\/home-by-ideesdeco.fr\/wp-content\/uploads\/2024\/09\/mezzanine-768x576.jpg 768w, https:\/\/home-by-ideesdeco.fr\/wp-content\/uploads\/2024\/09\/mezzanine-400x300.jpg 400w, https:\/\/home-by-ideesdeco.fr\/wp-content\/uploads\/2024\/09\/mezzanine-800x600.jpg 800w\" sizes=\"auto, (max-width: 1024px) 100vw, 1024px\" \/><\/figure>\n\n\n\n<figure class=\"wp-block-image size-full\"><img loading=\"lazy\" decoding=\"async\" width=\"1024\" height=\"768\" src=\"https:\/\/home-by-ideesdeco.fr\/wp-content\/uploads\/2024\/09\/ch1.jpg\" alt=\"\" class=\"wp-image-2137\" srcset=\"https:\/\/home-by-ideesdeco.fr\/wp-content\/uploads\/2024\/09\/ch1.jpg 1024w, https:\/\/home-by-ideesdeco.fr\/wp-content\/uploads\/2024\/09\/ch1-300x225.jpg 300w, https:\/\/home-by-ideesdeco.fr\/wp-content\/uploads\/2024\/09\/ch1-768x576.jpg 768w, https:\/\/home-by-ideesdeco.fr\/wp-content\/uploads\/2024\/09\/ch1-400x300.jpg 400w, https:\/\/home-by-ideesdeco.fr\/wp-content\/uploads\/2024\/09\/ch1-800x600.jpg 800w\" sizes=\"auto, (max-width: 1024px) 100vw, 1024px\" \/><\/figure>\n\n\n\n<figure class=\"wp-block-image size-full\"><img loading=\"lazy\" decoding=\"async\" width=\"1024\" height=\"768\" src=\"https:\/\/home-by-ideesdeco.fr\/wp-content\/uploads\/2024\/09\/ch2.jpg\" alt=\"\" class=\"wp-image-2138\" srcset=\"https:\/\/home-by-ideesdeco.fr\/wp-content\/uploads\/2024\/09\/ch2.jpg 1024w, https:\/\/home-by-ideesdeco.fr\/wp-content\/uploads\/2024\/09\/ch2-300x225.jpg 300w, https:\/\/home-by-ideesdeco.fr\/wp-content\/uploads\/2024\/09\/ch2-768x576.jpg 768w, https:\/\/home-by-ideesdeco.fr\/wp-content\/uploads\/2024\/09\/ch2-400x300.jpg 400w, https:\/\/home-by-ideesdeco.fr\/wp-content\/uploads\/2024\/09\/ch2-800x600.jpg 800w\" sizes=\"auto, (max-width: 1024px) 100vw, 1024px\" \/><\/figure>\n\n\n\n<figure class=\"wp-block-image size-full\"><img loading=\"lazy\" decoding=\"async\" width=\"1024\" height=\"768\" src=\"https:\/\/home-by-ideesdeco.fr\/wp-content\/uploads\/2024\/09\/ch3.jpg\" alt=\"\" class=\"wp-image-2139\" srcset=\"https:\/\/home-by-ideesdeco.fr\/wp-content\/uploads\/2024\/09\/ch3.jpg 1024w, https:\/\/home-by-ideesdeco.fr\/wp-content\/uploads\/2024\/09\/ch3-300x225.jpg 300w, https:\/\/home-by-ideesdeco.fr\/wp-content\/uploads\/2024\/09\/ch3-768x576.jpg 768w, https:\/\/home-by-ideesdeco.fr\/wp-content\/uploads\/2024\/09\/ch3-400x300.jpg 400w, https:\/\/home-by-ideesdeco.fr\/wp-content\/uploads\/2024\/09\/ch3-800x600.jpg 800w\" sizes=\"auto, (max-width: 1024px) 100vw, 1024px\" \/><\/figure>\n\n\n\n<figure class=\"wp-block-image size-full\"><img loading=\"lazy\" decoding=\"async\" width=\"1024\" height=\"768\" src=\"https:\/\/home-by-ideesdeco.fr\/wp-content\/uploads\/2024\/09\/ch4.jpg\" alt=\"\" class=\"wp-image-2140\" srcset=\"https:\/\/home-by-ideesdeco.fr\/wp-content\/uploads\/2024\/09\/ch4.jpg 1024w, https:\/\/home-by-ideesdeco.fr\/wp-content\/uploads\/2024\/09\/ch4-300x225.jpg 300w, https:\/\/home-by-ideesdeco.fr\/wp-content\/uploads\/2024\/09\/ch4-768x576.jpg 768w, https:\/\/home-by-ideesdeco.fr\/wp-content\/uploads\/2024\/09\/ch4-400x300.jpg 400w, https:\/\/home-by-ideesdeco.fr\/wp-content\/uploads\/2024\/09\/ch4-800x600.jpg 800w\" sizes=\"auto, (max-width: 1024px) 100vw, 1024px\" \/><\/figure>\n\n\n\n<figure class=\"wp-block-image size-full\"><img loading=\"lazy\" decoding=\"async\" width=\"1024\" height=\"768\" src=\"https:\/\/home-by-ideesdeco.fr\/wp-content\/uploads\/2024\/09\/jardin.jpg\" alt=\"\" class=\"wp-image-2141\" srcset=\"https:\/\/home-by-ideesdeco.fr\/wp-content\/uploads\/2024\/09\/jardin.jpg 1024w, https:\/\/home-by-ideesdeco.fr\/wp-content\/uploads\/2024\/09\/jardin-300x225.jpg 300w, https:\/\/home-by-ideesdeco.fr\/wp-content\/uploads\/2024\/09\/jardin-768x576.jpg 768w, https:\/\/home-by-ideesdeco.fr\/wp-content\/uploads\/2024\/09\/jardin-400x300.jpg 400w, https:\/\/home-by-ideesdeco.fr\/wp-content\/uploads\/2024\/09\/jardin-800x600.jpg 800w\" sizes=\"auto, (max-width: 1024px) 100vw, 1024px\" \/><\/figure>\n\n\n\n<p>Dans un environnement tr\u00e8s verdoyant et avec un grand jardin tr\u00e8s entretenu, Maison familiale de 170 m2 environ sur une parcelle de 2000 m2, 6 pi\u00e8ces, 4 chambres dont une au rdc. En plus, un studio ind\u00e9pendant tout \u00e9quip\u00e9 de 18m2.<br>Agrandie et tr\u00e8s bien entretenue au fil des ann\u00e9es vous trouverez au :<br>RDC : Entr\u00e9e de 11 m2, donnant sur un salon de 28 m2 \u00e9quip\u00e9 d&#8217;un po\u00eale \u00e0 bois.<br>Cuisine de 18 m2 ouverte sur le salon et donnant l&#8217;acc\u00e8s \u00e0 une grande salle \u00e0 manger de 25m2.<br>1 chambre, une salle de bain et des toilettes.<br>Au premier \u00e9tage une mezzanine de 15m2, pouvant \u00eatre modifi\u00e9e en chambre, elle surplombe le salon.<br>En rez de jardin, un couloir distribue 3 chambres, une salle de bain, des toilettes et un espace rangement.<br>Un garage, un carport permettant de garer deux voitures au moins, et surtout un studio de 18m2 tout \u00e9quip\u00e9 (Lit, cuisine, salle d&#8217;eau, wc), compl\u00e8tent ce descriptif.<br>A noter que la maison est chauff\u00e9e et refroidie par une pompe \u00e0 chaleur Air\/Air. 364 k\u20ac.<\/p>\n","protected":false},"excerpt":{"rendered":"<p>Dans un environnement tr\u00e8s verdoyant et avec un grand jardin tr\u00e8s entretenu, Maison familiale de 170 m2 environ sur une parcelle de 2000 m2, 6 pi\u00e8ces, 4 chambres dont une [&hellip;]<\/p>\n","protected":false},"author":1,"featured_media":0,"parent":0,"menu_order":0,"comment_status":"closed","ping_status":"closed","template":"","meta":{"footnotes":""},"class_list":["post-2129","page","type-page","status-publish","hentry"],"_links":{"self":[{"href":"https:\/\/home-by-ideesdeco.fr\/index.php\/wp-json\/wp\/v2\/pages\/2129","targetHints":{"allow":["GET"]}}],"collection":[{"href":"https:\/\/home-by-ideesdeco.fr\/index.php\/wp-json\/wp\/v2\/pages"}],"about":[{"href":"https:\/\/home-by-ideesdeco.fr\/index.php\/wp-json\/wp\/v2\/types\/page"}],"author":[{"embeddable":true,"href":"https:\/\/home-by-ideesdeco.fr\/index.php\/wp-json\/wp\/v2\/users\/1"}],"replies":[{"embeddable":true,"href":"https:\/\/home-by-ideesdeco.fr\/index.php\/wp-json\/wp\/v2\/comments?post=2129"}],"version-history":[{"count":1,"href":"https:\/\/home-by-ideesdeco.fr\/index.php\/wp-json\/wp\/v2\/pages\/2129\/revisions"}],"predecessor-version":[{"id":2143,"href":"https:\/\/home-by-ideesdeco.fr\/index.php\/wp-json\/wp\/v2\/pages\/2129\/revisions\/2143"}],"wp:attachment":[{"href":"https:\/\/home-by-ideesdeco.fr\/index.php\/wp-json\/wp\/v2\/media?parent=2129"}],"curies":[{"name":"wp","href":"https:\/\/api.w.org\/{rel}","templated":true}]}}