{"id":2014,"date":"2024-06-01T18:37:53","date_gmt":"2024-06-01T16:37:53","guid":{"rendered":"https:\/\/home-by-ideesdeco.fr\/?page_id=2014"},"modified":"2025-01-09T16:27:33","modified_gmt":"2025-01-09T15:27:33","slug":"nouveaute-vernouillet-194-m2-renovee","status":"publish","type":"page","link":"https:\/\/home-by-ideesdeco.fr\/index.php\/nouveaute-vernouillet-194-m2-renovee\/","title":{"rendered":"Nouveaut\u00e9 Vernouillet &#8211; 194 m2 &#8211; r\u00e9nov\u00e9e"},"content":{"rendered":"\n<figure class=\"wp-block-image size-large\"><img loading=\"lazy\" decoding=\"async\" width=\"1024\" height=\"725\" src=\"https:\/\/home-by-ideesdeco.fr\/wp-content\/uploads\/2024\/06\/1-montage-3-photos-salon-2-1024x725.jpg\" alt=\"\" class=\"wp-image-2015\" srcset=\"https:\/\/home-by-ideesdeco.fr\/wp-content\/uploads\/2024\/06\/1-montage-3-photos-salon-2-1024x725.jpg 1024w, https:\/\/home-by-ideesdeco.fr\/wp-content\/uploads\/2024\/06\/1-montage-3-photos-salon-2-300x212.jpg 300w, https:\/\/home-by-ideesdeco.fr\/wp-content\/uploads\/2024\/06\/1-montage-3-photos-salon-2-768x544.jpg 768w, https:\/\/home-by-ideesdeco.fr\/wp-content\/uploads\/2024\/06\/1-montage-3-photos-salon-2.jpg 1093w\" sizes=\"auto, (max-width: 1024px) 100vw, 1024px\" \/><\/figure>\n\n\n\n<figure class=\"wp-block-image size-full\"><img loading=\"lazy\" decoding=\"async\" width=\"1024\" height=\"768\" src=\"https:\/\/home-by-ideesdeco.fr\/wp-content\/uploads\/2024\/06\/2-salon.jpg\" alt=\"\" class=\"wp-image-2016\" srcset=\"https:\/\/home-by-ideesdeco.fr\/wp-content\/uploads\/2024\/06\/2-salon.jpg 1024w, https:\/\/home-by-ideesdeco.fr\/wp-content\/uploads\/2024\/06\/2-salon-300x225.jpg 300w, https:\/\/home-by-ideesdeco.fr\/wp-content\/uploads\/2024\/06\/2-salon-768x576.jpg 768w, https:\/\/home-by-ideesdeco.fr\/wp-content\/uploads\/2024\/06\/2-salon-400x300.jpg 400w, https:\/\/home-by-ideesdeco.fr\/wp-content\/uploads\/2024\/06\/2-salon-800x600.jpg 800w\" sizes=\"auto, (max-width: 1024px) 100vw, 1024px\" \/><\/figure>\n\n\n\n<figure class=\"wp-block-image size-full\"><img loading=\"lazy\" decoding=\"async\" width=\"1024\" height=\"768\" src=\"https:\/\/home-by-ideesdeco.fr\/wp-content\/uploads\/2024\/06\/3-salon1.jpg\" alt=\"\" class=\"wp-image-2017\" srcset=\"https:\/\/home-by-ideesdeco.fr\/wp-content\/uploads\/2024\/06\/3-salon1.jpg 1024w, https:\/\/home-by-ideesdeco.fr\/wp-content\/uploads\/2024\/06\/3-salon1-300x225.jpg 300w, https:\/\/home-by-ideesdeco.fr\/wp-content\/uploads\/2024\/06\/3-salon1-768x576.jpg 768w, https:\/\/home-by-ideesdeco.fr\/wp-content\/uploads\/2024\/06\/3-salon1-400x300.jpg 400w, https:\/\/home-by-ideesdeco.fr\/wp-content\/uploads\/2024\/06\/3-salon1-800x600.jpg 800w\" sizes=\"auto, (max-width: 1024px) 100vw, 1024px\" \/><\/figure>\n\n\n\n<figure class=\"wp-block-image size-full\"><img loading=\"lazy\" decoding=\"async\" width=\"1024\" height=\"768\" src=\"https:\/\/home-by-ideesdeco.fr\/wp-content\/uploads\/2024\/06\/4-salon2.jpg\" alt=\"\" class=\"wp-image-2018\" srcset=\"https:\/\/home-by-ideesdeco.fr\/wp-content\/uploads\/2024\/06\/4-salon2.jpg 1024w, https:\/\/home-by-ideesdeco.fr\/wp-content\/uploads\/2024\/06\/4-salon2-300x225.jpg 300w, https:\/\/home-by-ideesdeco.fr\/wp-content\/uploads\/2024\/06\/4-salon2-768x576.jpg 768w, https:\/\/home-by-ideesdeco.fr\/wp-content\/uploads\/2024\/06\/4-salon2-400x300.jpg 400w, https:\/\/home-by-ideesdeco.fr\/wp-content\/uploads\/2024\/06\/4-salon2-800x600.jpg 800w\" sizes=\"auto, (max-width: 1024px) 100vw, 1024px\" \/><\/figure>\n\n\n\n<figure class=\"wp-block-image size-full\"><img loading=\"lazy\" decoding=\"async\" width=\"1024\" height=\"768\" src=\"https:\/\/home-by-ideesdeco.fr\/wp-content\/uploads\/2024\/06\/6-cuisine1.jpg\" alt=\"\" class=\"wp-image-2019\" srcset=\"https:\/\/home-by-ideesdeco.fr\/wp-content\/uploads\/2024\/06\/6-cuisine1.jpg 1024w, https:\/\/home-by-ideesdeco.fr\/wp-content\/uploads\/2024\/06\/6-cuisine1-300x225.jpg 300w, https:\/\/home-by-ideesdeco.fr\/wp-content\/uploads\/2024\/06\/6-cuisine1-768x576.jpg 768w, https:\/\/home-by-ideesdeco.fr\/wp-content\/uploads\/2024\/06\/6-cuisine1-400x300.jpg 400w, https:\/\/home-by-ideesdeco.fr\/wp-content\/uploads\/2024\/06\/6-cuisine1-800x600.jpg 800w\" sizes=\"auto, (max-width: 1024px) 100vw, 1024px\" \/><\/figure>\n\n\n\n<figure class=\"wp-block-image size-full\"><img loading=\"lazy\" decoding=\"async\" width=\"1024\" height=\"768\" src=\"https:\/\/home-by-ideesdeco.fr\/wp-content\/uploads\/2024\/06\/7-cuisine.jpg\" alt=\"\" class=\"wp-image-2020\" srcset=\"https:\/\/home-by-ideesdeco.fr\/wp-content\/uploads\/2024\/06\/7-cuisine.jpg 1024w, https:\/\/home-by-ideesdeco.fr\/wp-content\/uploads\/2024\/06\/7-cuisine-300x225.jpg 300w, https:\/\/home-by-ideesdeco.fr\/wp-content\/uploads\/2024\/06\/7-cuisine-768x576.jpg 768w, https:\/\/home-by-ideesdeco.fr\/wp-content\/uploads\/2024\/06\/7-cuisine-400x300.jpg 400w, https:\/\/home-by-ideesdeco.fr\/wp-content\/uploads\/2024\/06\/7-cuisine-800x600.jpg 800w\" sizes=\"auto, (max-width: 1024px) 100vw, 1024px\" \/><\/figure>\n\n\n\n<figure class=\"wp-block-image size-large\"><img loading=\"lazy\" decoding=\"async\" width=\"1024\" height=\"725\" src=\"https:\/\/home-by-ideesdeco.fr\/wp-content\/uploads\/2024\/06\/9-montage-3-photos-chambres-1024x725.jpg\" alt=\"\" class=\"wp-image-2021\" srcset=\"https:\/\/home-by-ideesdeco.fr\/wp-content\/uploads\/2024\/06\/9-montage-3-photos-chambres-1024x725.jpg 1024w, https:\/\/home-by-ideesdeco.fr\/wp-content\/uploads\/2024\/06\/9-montage-3-photos-chambres-300x212.jpg 300w, https:\/\/home-by-ideesdeco.fr\/wp-content\/uploads\/2024\/06\/9-montage-3-photos-chambres-768x544.jpg 768w, https:\/\/home-by-ideesdeco.fr\/wp-content\/uploads\/2024\/06\/9-montage-3-photos-chambres.jpg 1093w\" sizes=\"auto, (max-width: 1024px) 100vw, 1024px\" \/><\/figure>\n\n\n\n<figure class=\"wp-block-image size-full\"><img loading=\"lazy\" decoding=\"async\" width=\"1024\" height=\"768\" src=\"https:\/\/home-by-ideesdeco.fr\/wp-content\/uploads\/2024\/06\/10-chambre3.jpg\" alt=\"\" class=\"wp-image-2022\" srcset=\"https:\/\/home-by-ideesdeco.fr\/wp-content\/uploads\/2024\/06\/10-chambre3.jpg 1024w, https:\/\/home-by-ideesdeco.fr\/wp-content\/uploads\/2024\/06\/10-chambre3-300x225.jpg 300w, https:\/\/home-by-ideesdeco.fr\/wp-content\/uploads\/2024\/06\/10-chambre3-768x576.jpg 768w, https:\/\/home-by-ideesdeco.fr\/wp-content\/uploads\/2024\/06\/10-chambre3-400x300.jpg 400w, https:\/\/home-by-ideesdeco.fr\/wp-content\/uploads\/2024\/06\/10-chambre3-800x600.jpg 800w\" sizes=\"auto, (max-width: 1024px) 100vw, 1024px\" \/><\/figure>\n\n\n\n<figure class=\"wp-block-image size-full\"><img loading=\"lazy\" decoding=\"async\" width=\"1024\" height=\"768\" src=\"https:\/\/home-by-ideesdeco.fr\/wp-content\/uploads\/2024\/06\/11-sdb-enfants.jpg\" alt=\"\" class=\"wp-image-2023\" srcset=\"https:\/\/home-by-ideesdeco.fr\/wp-content\/uploads\/2024\/06\/11-sdb-enfants.jpg 1024w, https:\/\/home-by-ideesdeco.fr\/wp-content\/uploads\/2024\/06\/11-sdb-enfants-300x225.jpg 300w, https:\/\/home-by-ideesdeco.fr\/wp-content\/uploads\/2024\/06\/11-sdb-enfants-768x576.jpg 768w, https:\/\/home-by-ideesdeco.fr\/wp-content\/uploads\/2024\/06\/11-sdb-enfants-400x300.jpg 400w, https:\/\/home-by-ideesdeco.fr\/wp-content\/uploads\/2024\/06\/11-sdb-enfants-800x600.jpg 800w\" sizes=\"auto, (max-width: 1024px) 100vw, 1024px\" \/><\/figure>\n\n\n\n<figure class=\"wp-block-image size-full\"><img loading=\"lazy\" decoding=\"async\" width=\"1024\" height=\"768\" src=\"https:\/\/home-by-ideesdeco.fr\/wp-content\/uploads\/2024\/06\/12-suite-1.jpg\" alt=\"\" class=\"wp-image-2024\" srcset=\"https:\/\/home-by-ideesdeco.fr\/wp-content\/uploads\/2024\/06\/12-suite-1.jpg 1024w, https:\/\/home-by-ideesdeco.fr\/wp-content\/uploads\/2024\/06\/12-suite-1-300x225.jpg 300w, https:\/\/home-by-ideesdeco.fr\/wp-content\/uploads\/2024\/06\/12-suite-1-768x576.jpg 768w, https:\/\/home-by-ideesdeco.fr\/wp-content\/uploads\/2024\/06\/12-suite-1-400x300.jpg 400w, https:\/\/home-by-ideesdeco.fr\/wp-content\/uploads\/2024\/06\/12-suite-1-800x600.jpg 800w\" sizes=\"auto, (max-width: 1024px) 100vw, 1024px\" \/><\/figure>\n\n\n\n<figure class=\"wp-block-image size-full\"><img loading=\"lazy\" decoding=\"async\" width=\"1024\" height=\"768\" src=\"https:\/\/home-by-ideesdeco.fr\/wp-content\/uploads\/2024\/06\/13-suite1.jpg\" alt=\"\" class=\"wp-image-2025\" srcset=\"https:\/\/home-by-ideesdeco.fr\/wp-content\/uploads\/2024\/06\/13-suite1.jpg 1024w, https:\/\/home-by-ideesdeco.fr\/wp-content\/uploads\/2024\/06\/13-suite1-300x225.jpg 300w, https:\/\/home-by-ideesdeco.fr\/wp-content\/uploads\/2024\/06\/13-suite1-768x576.jpg 768w, https:\/\/home-by-ideesdeco.fr\/wp-content\/uploads\/2024\/06\/13-suite1-400x300.jpg 400w, https:\/\/home-by-ideesdeco.fr\/wp-content\/uploads\/2024\/06\/13-suite1-800x600.jpg 800w\" sizes=\"auto, (max-width: 1024px) 100vw, 1024px\" \/><\/figure>\n\n\n\n<figure class=\"wp-block-image size-full\"><img loading=\"lazy\" decoding=\"async\" width=\"768\" height=\"1024\" src=\"https:\/\/home-by-ideesdeco.fr\/wp-content\/uploads\/2024\/06\/14-dressing.jpg\" alt=\"\" class=\"wp-image-2026\" srcset=\"https:\/\/home-by-ideesdeco.fr\/wp-content\/uploads\/2024\/06\/14-dressing.jpg 768w, https:\/\/home-by-ideesdeco.fr\/wp-content\/uploads\/2024\/06\/14-dressing-225x300.jpg 225w\" sizes=\"auto, (max-width: 768px) 100vw, 768px\" \/><\/figure>\n\n\n\n<figure class=\"wp-block-image size-full\"><img loading=\"lazy\" decoding=\"async\" width=\"1024\" height=\"768\" src=\"https:\/\/home-by-ideesdeco.fr\/wp-content\/uploads\/2024\/06\/141-suite2.jpg\" alt=\"\" class=\"wp-image-2027\" srcset=\"https:\/\/home-by-ideesdeco.fr\/wp-content\/uploads\/2024\/06\/141-suite2.jpg 1024w, https:\/\/home-by-ideesdeco.fr\/wp-content\/uploads\/2024\/06\/141-suite2-300x225.jpg 300w, https:\/\/home-by-ideesdeco.fr\/wp-content\/uploads\/2024\/06\/141-suite2-768x576.jpg 768w, https:\/\/home-by-ideesdeco.fr\/wp-content\/uploads\/2024\/06\/141-suite2-400x300.jpg 400w, https:\/\/home-by-ideesdeco.fr\/wp-content\/uploads\/2024\/06\/141-suite2-800x600.jpg 800w\" sizes=\"auto, (max-width: 1024px) 100vw, 1024px\" \/><\/figure>\n\n\n\n<figure class=\"wp-block-image size-full\"><img loading=\"lazy\" decoding=\"async\" width=\"1024\" height=\"768\" src=\"https:\/\/home-by-ideesdeco.fr\/wp-content\/uploads\/2024\/06\/151-sdb-suite.jpg\" alt=\"\" class=\"wp-image-2028\" srcset=\"https:\/\/home-by-ideesdeco.fr\/wp-content\/uploads\/2024\/06\/151-sdb-suite.jpg 1024w, https:\/\/home-by-ideesdeco.fr\/wp-content\/uploads\/2024\/06\/151-sdb-suite-300x225.jpg 300w, https:\/\/home-by-ideesdeco.fr\/wp-content\/uploads\/2024\/06\/151-sdb-suite-768x576.jpg 768w, https:\/\/home-by-ideesdeco.fr\/wp-content\/uploads\/2024\/06\/151-sdb-suite-400x300.jpg 400w, https:\/\/home-by-ideesdeco.fr\/wp-content\/uploads\/2024\/06\/151-sdb-suite-800x600.jpg 800w\" sizes=\"auto, (max-width: 1024px) 100vw, 1024px\" \/><\/figure>\n\n\n\n<figure class=\"wp-block-image size-large\"><img loading=\"lazy\" decoding=\"async\" width=\"1024\" height=\"725\" src=\"https:\/\/home-by-ideesdeco.fr\/wp-content\/uploads\/2024\/06\/152-montage-3-photos-Jardin-1024x725.jpg\" alt=\"\" class=\"wp-image-2029\" srcset=\"https:\/\/home-by-ideesdeco.fr\/wp-content\/uploads\/2024\/06\/152-montage-3-photos-Jardin-1024x725.jpg 1024w, https:\/\/home-by-ideesdeco.fr\/wp-content\/uploads\/2024\/06\/152-montage-3-photos-Jardin-300x212.jpg 300w, https:\/\/home-by-ideesdeco.fr\/wp-content\/uploads\/2024\/06\/152-montage-3-photos-Jardin-768x544.jpg 768w, https:\/\/home-by-ideesdeco.fr\/wp-content\/uploads\/2024\/06\/152-montage-3-photos-Jardin.jpg 1093w\" sizes=\"auto, (max-width: 1024px) 100vw, 1024px\" \/><\/figure>\n\n\n\n<figure class=\"wp-block-image size-large\"><img loading=\"lazy\" decoding=\"async\" width=\"1024\" height=\"725\" src=\"https:\/\/home-by-ideesdeco.fr\/wp-content\/uploads\/2024\/06\/montage-3-photos-facade-1024x725.jpg\" alt=\"\" class=\"wp-image-2030\" srcset=\"https:\/\/home-by-ideesdeco.fr\/wp-content\/uploads\/2024\/06\/montage-3-photos-facade-1024x725.jpg 1024w, https:\/\/home-by-ideesdeco.fr\/wp-content\/uploads\/2024\/06\/montage-3-photos-facade-300x212.jpg 300w, https:\/\/home-by-ideesdeco.fr\/wp-content\/uploads\/2024\/06\/montage-3-photos-facade-768x544.jpg 768w, https:\/\/home-by-ideesdeco.fr\/wp-content\/uploads\/2024\/06\/montage-3-photos-facade.jpg 1093w\" sizes=\"auto, (max-width: 1024px) 100vw, 1024px\" \/><\/figure>\n\n\n\n<p>Dans le tr\u00e8s pris\u00e9 domaine de Marsinval \u00e0 Vernouillet, tr\u00e8s belle villa de 194 m2, enti\u00e8rement r\u00e9nov\u00e9e et expos\u00e9e plein sud. Au total 5 chambres dont une au rdc avec sa propre salle d&#8217;eau.<br>Sur une parcelle de 835 m2, au calme dans une impasse, et sur un terrain totalement clos, elle dispose de 7 pi\u00e8ces distribu\u00e9es comme suit :<br>Au RDC, salon &#8211; salle \u00e0 manger de 54m2 avec chemin\u00e9e, donnant sur une cuisine ouverte, une chambre, salle d&#8217;eau et wc s\u00e9par\u00e9s.<br>Au 1er \u00e9tage, 1 suite parentale de 28m2 avec sa salle de bains et wc, 3 autres chambres, une salle de bain et 1 wc. Combles am\u00e9nageables.<br>Garage de 26 m2 et lingerie accessibles de l&#8217;int\u00e9rieur de la maison.<br>Ecoles maternelle et primaire \u00e0 l&#8217;int\u00e9rieur du domaine. Vous pourrez \u00e9galement profiter de 2 terrains de tennis et d&#8217;une piscine r\u00e9serv\u00e9s aux habitants du domaine.<\/p>\n\n\n\n<p>Le domaine arbor\u00e9 et vallonn\u00e9, est proche des villes de Verneuil, Villennes, Orgeval et de l&#8217;A13\/A14. Les transports en commun desservent la gare de Verneuil\/Vernouillet (25mn de Paris St Lazare) o\u00f9 sera le futur arr\u00eat du RER Eole, ainsi que les \u00e9coles et lyc\u00e9es de Vernouillet, Verneuil, Poissy, Saint Germain en Laye.<\/p>\n\n\n\n<p>Id\u00e9al pour une famille avec enfants qui pourra profiter du bien vivre au sein d&#8217;un environnement tr\u00e8s qualitatif. 695 k\u20ac.<\/p>\n","protected":false},"excerpt":{"rendered":"<p>Dans le tr\u00e8s pris\u00e9 domaine de Marsinval \u00e0 Vernouillet, tr\u00e8s belle villa de 194 m2, enti\u00e8rement r\u00e9nov\u00e9e et expos\u00e9e plein sud. Au total 5 chambres dont une au rdc avec [&hellip;]<\/p>\n","protected":false},"author":1,"featured_media":0,"parent":0,"menu_order":0,"comment_status":"closed","ping_status":"closed","template":"","meta":{"footnotes":""},"class_list":["post-2014","page","type-page","status-publish","hentry"],"_links":{"self":[{"href":"https:\/\/home-by-ideesdeco.fr\/index.php\/wp-json\/wp\/v2\/pages\/2014","targetHints":{"allow":["GET"]}}],"collection":[{"href":"https:\/\/home-by-ideesdeco.fr\/index.php\/wp-json\/wp\/v2\/pages"}],"about":[{"href":"https:\/\/home-by-ideesdeco.fr\/index.php\/wp-json\/wp\/v2\/types\/page"}],"author":[{"embeddable":true,"href":"https:\/\/home-by-ideesdeco.fr\/index.php\/wp-json\/wp\/v2\/users\/1"}],"replies":[{"embeddable":true,"href":"https:\/\/home-by-ideesdeco.fr\/index.php\/wp-json\/wp\/v2\/comments?post=2014"}],"version-history":[{"count":2,"href":"https:\/\/home-by-ideesdeco.fr\/index.php\/wp-json\/wp\/v2\/pages\/2014\/revisions"}],"predecessor-version":[{"id":2352,"href":"https:\/\/home-by-ideesdeco.fr\/index.php\/wp-json\/wp\/v2\/pages\/2014\/revisions\/2352"}],"wp:attachment":[{"href":"https:\/\/home-by-ideesdeco.fr\/index.php\/wp-json\/wp\/v2\/media?parent=2014"}],"curies":[{"name":"wp","href":"https:\/\/api.w.org\/{rel}","templated":true}]}}