{"id":1965,"date":"2024-05-23T16:23:42","date_gmt":"2024-05-23T14:23:42","guid":{"rendered":"https:\/\/home-by-ideesdeco.fr\/?page_id=1965"},"modified":"2026-04-17T19:32:35","modified_gmt":"2026-04-17T17:32:35","slug":"nouveau-vernouillet-194-m2-5ch-terrain-2000-m2","status":"publish","type":"page","link":"https:\/\/home-by-ideesdeco.fr\/index.php\/nouveau-vernouillet-194-m2-5ch-terrain-2000-m2\/","title":{"rendered":"Nouveau &#8211; Vernouillet &#8211; 194 m2 &#8211; 5ch &#8211; terrain 2000 m2"},"content":{"rendered":"\n<figure class=\"wp-block-image size-full\"><img loading=\"lazy\" decoding=\"async\" width=\"1024\" height=\"768\" src=\"https:\/\/home-by-ideesdeco.fr\/wp-content\/uploads\/2024\/05\/exclusivite-1024x768-5.jpg\" alt=\"\" class=\"wp-image-1966\" srcset=\"https:\/\/home-by-ideesdeco.fr\/wp-content\/uploads\/2024\/05\/exclusivite-1024x768-5.jpg 1024w, https:\/\/home-by-ideesdeco.fr\/wp-content\/uploads\/2024\/05\/exclusivite-1024x768-5-300x225.jpg 300w, https:\/\/home-by-ideesdeco.fr\/wp-content\/uploads\/2024\/05\/exclusivite-1024x768-5-768x576.jpg 768w, https:\/\/home-by-ideesdeco.fr\/wp-content\/uploads\/2024\/05\/exclusivite-1024x768-5-400x300.jpg 400w, https:\/\/home-by-ideesdeco.fr\/wp-content\/uploads\/2024\/05\/exclusivite-1024x768-5-800x600.jpg 800w\" sizes=\"auto, (max-width: 1024px) 100vw, 1024px\" \/><\/figure>\n\n\n\n<figure class=\"wp-block-image size-large\"><img loading=\"lazy\" decoding=\"async\" width=\"1024\" height=\"725\" src=\"https:\/\/home-by-ideesdeco.fr\/wp-content\/uploads\/2024\/05\/montage-1024x725.jpg\" alt=\"\" class=\"wp-image-1967\" srcset=\"https:\/\/home-by-ideesdeco.fr\/wp-content\/uploads\/2024\/05\/montage-1024x725.jpg 1024w, https:\/\/home-by-ideesdeco.fr\/wp-content\/uploads\/2024\/05\/montage-300x212.jpg 300w, https:\/\/home-by-ideesdeco.fr\/wp-content\/uploads\/2024\/05\/montage-768x544.jpg 768w, https:\/\/home-by-ideesdeco.fr\/wp-content\/uploads\/2024\/05\/montage.jpg 1093w\" sizes=\"auto, (max-width: 1024px) 100vw, 1024px\" \/><\/figure>\n\n\n\n<figure class=\"wp-block-image size-full\"><img loading=\"lazy\" decoding=\"async\" width=\"1024\" height=\"768\" src=\"https:\/\/home-by-ideesdeco.fr\/wp-content\/uploads\/2024\/05\/jardin2.jpg\" alt=\"\" class=\"wp-image-1969\" srcset=\"https:\/\/home-by-ideesdeco.fr\/wp-content\/uploads\/2024\/05\/jardin2.jpg 1024w, https:\/\/home-by-ideesdeco.fr\/wp-content\/uploads\/2024\/05\/jardin2-300x225.jpg 300w, https:\/\/home-by-ideesdeco.fr\/wp-content\/uploads\/2024\/05\/jardin2-768x576.jpg 768w, https:\/\/home-by-ideesdeco.fr\/wp-content\/uploads\/2024\/05\/jardin2-400x300.jpg 400w, https:\/\/home-by-ideesdeco.fr\/wp-content\/uploads\/2024\/05\/jardin2-800x600.jpg 800w\" sizes=\"auto, (max-width: 1024px) 100vw, 1024px\" \/><\/figure>\n\n\n\n<figure class=\"wp-block-image size-full\"><img loading=\"lazy\" decoding=\"async\" width=\"1024\" height=\"768\" src=\"https:\/\/home-by-ideesdeco.fr\/wp-content\/uploads\/2024\/05\/salon3-1.jpg\" alt=\"\" class=\"wp-image-1970\" srcset=\"https:\/\/home-by-ideesdeco.fr\/wp-content\/uploads\/2024\/05\/salon3-1.jpg 1024w, https:\/\/home-by-ideesdeco.fr\/wp-content\/uploads\/2024\/05\/salon3-1-300x225.jpg 300w, https:\/\/home-by-ideesdeco.fr\/wp-content\/uploads\/2024\/05\/salon3-1-768x576.jpg 768w, https:\/\/home-by-ideesdeco.fr\/wp-content\/uploads\/2024\/05\/salon3-1-400x300.jpg 400w, https:\/\/home-by-ideesdeco.fr\/wp-content\/uploads\/2024\/05\/salon3-1-800x600.jpg 800w\" sizes=\"auto, (max-width: 1024px) 100vw, 1024px\" \/><\/figure>\n\n\n\n<figure class=\"wp-block-image size-full\"><img loading=\"lazy\" decoding=\"async\" width=\"1024\" height=\"768\" src=\"https:\/\/home-by-ideesdeco.fr\/wp-content\/uploads\/2024\/05\/salon2-3.jpg\" alt=\"\" class=\"wp-image-1971\" srcset=\"https:\/\/home-by-ideesdeco.fr\/wp-content\/uploads\/2024\/05\/salon2-3.jpg 1024w, https:\/\/home-by-ideesdeco.fr\/wp-content\/uploads\/2024\/05\/salon2-3-300x225.jpg 300w, https:\/\/home-by-ideesdeco.fr\/wp-content\/uploads\/2024\/05\/salon2-3-768x576.jpg 768w, https:\/\/home-by-ideesdeco.fr\/wp-content\/uploads\/2024\/05\/salon2-3-400x300.jpg 400w, https:\/\/home-by-ideesdeco.fr\/wp-content\/uploads\/2024\/05\/salon2-3-800x600.jpg 800w\" sizes=\"auto, (max-width: 1024px) 100vw, 1024px\" \/><\/figure>\n\n\n\n<figure class=\"wp-block-image size-full\"><img loading=\"lazy\" decoding=\"async\" width=\"1024\" height=\"768\" src=\"https:\/\/home-by-ideesdeco.fr\/wp-content\/uploads\/2024\/05\/salon1-1.jpg\" alt=\"\" class=\"wp-image-1972\" srcset=\"https:\/\/home-by-ideesdeco.fr\/wp-content\/uploads\/2024\/05\/salon1-1.jpg 1024w, https:\/\/home-by-ideesdeco.fr\/wp-content\/uploads\/2024\/05\/salon1-1-300x225.jpg 300w, https:\/\/home-by-ideesdeco.fr\/wp-content\/uploads\/2024\/05\/salon1-1-768x576.jpg 768w, https:\/\/home-by-ideesdeco.fr\/wp-content\/uploads\/2024\/05\/salon1-1-400x300.jpg 400w, https:\/\/home-by-ideesdeco.fr\/wp-content\/uploads\/2024\/05\/salon1-1-800x600.jpg 800w\" sizes=\"auto, (max-width: 1024px) 100vw, 1024px\" \/><\/figure>\n\n\n\n<figure class=\"wp-block-image size-full\"><img loading=\"lazy\" decoding=\"async\" width=\"1024\" height=\"768\" src=\"https:\/\/home-by-ideesdeco.fr\/wp-content\/uploads\/2024\/05\/cuisine-2.jpg\" alt=\"\" class=\"wp-image-1973\" srcset=\"https:\/\/home-by-ideesdeco.fr\/wp-content\/uploads\/2024\/05\/cuisine-2.jpg 1024w, https:\/\/home-by-ideesdeco.fr\/wp-content\/uploads\/2024\/05\/cuisine-2-300x225.jpg 300w, https:\/\/home-by-ideesdeco.fr\/wp-content\/uploads\/2024\/05\/cuisine-2-768x576.jpg 768w, https:\/\/home-by-ideesdeco.fr\/wp-content\/uploads\/2024\/05\/cuisine-2-400x300.jpg 400w, https:\/\/home-by-ideesdeco.fr\/wp-content\/uploads\/2024\/05\/cuisine-2-800x600.jpg 800w\" sizes=\"auto, (max-width: 1024px) 100vw, 1024px\" \/><\/figure>\n\n\n\n<figure class=\"wp-block-image size-full\"><img loading=\"lazy\" decoding=\"async\" width=\"1024\" height=\"768\" src=\"https:\/\/home-by-ideesdeco.fr\/wp-content\/uploads\/2024\/05\/bureau.jpg\" alt=\"\" class=\"wp-image-1974\" srcset=\"https:\/\/home-by-ideesdeco.fr\/wp-content\/uploads\/2024\/05\/bureau.jpg 1024w, https:\/\/home-by-ideesdeco.fr\/wp-content\/uploads\/2024\/05\/bureau-300x225.jpg 300w, https:\/\/home-by-ideesdeco.fr\/wp-content\/uploads\/2024\/05\/bureau-768x576.jpg 768w, https:\/\/home-by-ideesdeco.fr\/wp-content\/uploads\/2024\/05\/bureau-400x300.jpg 400w, https:\/\/home-by-ideesdeco.fr\/wp-content\/uploads\/2024\/05\/bureau-800x600.jpg 800w\" sizes=\"auto, (max-width: 1024px) 100vw, 1024px\" \/><\/figure>\n\n\n\n<figure class=\"wp-block-image size-full\"><img loading=\"lazy\" decoding=\"async\" width=\"1024\" height=\"768\" src=\"https:\/\/home-by-ideesdeco.fr\/wp-content\/uploads\/2024\/05\/suite1.jpg\" alt=\"\" class=\"wp-image-1975\" srcset=\"https:\/\/home-by-ideesdeco.fr\/wp-content\/uploads\/2024\/05\/suite1.jpg 1024w, https:\/\/home-by-ideesdeco.fr\/wp-content\/uploads\/2024\/05\/suite1-300x225.jpg 300w, https:\/\/home-by-ideesdeco.fr\/wp-content\/uploads\/2024\/05\/suite1-768x576.jpg 768w, https:\/\/home-by-ideesdeco.fr\/wp-content\/uploads\/2024\/05\/suite1-400x300.jpg 400w, https:\/\/home-by-ideesdeco.fr\/wp-content\/uploads\/2024\/05\/suite1-800x600.jpg 800w\" sizes=\"auto, (max-width: 1024px) 100vw, 1024px\" \/><\/figure>\n\n\n\n<figure class=\"wp-block-image size-full\"><img loading=\"lazy\" decoding=\"async\" width=\"1024\" height=\"768\" src=\"https:\/\/home-by-ideesdeco.fr\/wp-content\/uploads\/2024\/05\/chambre1-2.jpg\" alt=\"\" class=\"wp-image-1976\" srcset=\"https:\/\/home-by-ideesdeco.fr\/wp-content\/uploads\/2024\/05\/chambre1-2.jpg 1024w, https:\/\/home-by-ideesdeco.fr\/wp-content\/uploads\/2024\/05\/chambre1-2-300x225.jpg 300w, https:\/\/home-by-ideesdeco.fr\/wp-content\/uploads\/2024\/05\/chambre1-2-768x576.jpg 768w, https:\/\/home-by-ideesdeco.fr\/wp-content\/uploads\/2024\/05\/chambre1-2-400x300.jpg 400w, https:\/\/home-by-ideesdeco.fr\/wp-content\/uploads\/2024\/05\/chambre1-2-800x600.jpg 800w\" sizes=\"auto, (max-width: 1024px) 100vw, 1024px\" \/><\/figure>\n\n\n\n<p>7 pi\u00e8ces \/ 5 chambres \/ garage double \/ terrain de 2000 m2 \/ Vernouillet \/ proche de toutes les commodit\u00e9s<br>Dans le Domaine de Marsinval, sur un des plus beaux emplacement du domaine, belle villa familiale de 194 m2, 7 pi\u00e8ces + v\u00e9randa, 5 chambres. Tr\u00e8s bien entretenue.<br>Au calme, dans une impasse sur un tr\u00e9s beau terrain verdoyant de 2000 m2, la maison tr\u00e8s fonctionnelle dispose de :<br>2 niveaux, 5 chambres, (suite parentale de 28m2) dont une au RDC avec sa salle d&#8217;eau. 2 salles de bains.<br>Un Garage double juxtapose une salle de chaudi\u00e8re\/lingerie.<\/p>\n\n\n\n<p>Situ\u00e9e \u00e0 proximit\u00e9 des \u00e9coles maternelle et primaire du domaine, vous pourrez aussi profiter de 2 terrains de tennis et d&#8217;une piscine r\u00e9serv\u00e9s aux habitants du domaine.<\/p>\n\n\n\n<p>Le domaine arbor\u00e9 et vallonn\u00e9 est proche des villes de Verneuil, Villennes, Orgeval et de l&#8217;A13\/A14. Les transports en commun desservent la gare de Verneuil\/vernouillet (25mn de Paris St Lazare) o\u00f9 sera le futur arr\u00eat du RER Eole en 2024, ainsi que les \u00e9coles et lyc\u00e9es de Verneuil, Poissy, Saint Germain en Laye.<\/p>\n\n\n\n<p>Id\u00e9al pour une famille avec enfants qui pourra profiter du bien vivre au sein d&#8217;un environnement tr\u00e8s qualitatif. 739 k\u20ac<\/p>\n\n\n\n<p><\/p>\n","protected":false},"excerpt":{"rendered":"<p>7 pi\u00e8ces \/ 5 chambres \/ garage double \/ terrain de 2000 m2 \/ Vernouillet \/ proche de toutes les commodit\u00e9sDans le Domaine de Marsinval, sur un des plus beaux [&hellip;]<\/p>\n","protected":false},"author":1,"featured_media":0,"parent":0,"menu_order":0,"comment_status":"closed","ping_status":"closed","template":"","meta":{"footnotes":""},"class_list":["post-1965","page","type-page","status-publish","hentry"],"_links":{"self":[{"href":"https:\/\/home-by-ideesdeco.fr\/index.php\/wp-json\/wp\/v2\/pages\/1965","targetHints":{"allow":["GET"]}}],"collection":[{"href":"https:\/\/home-by-ideesdeco.fr\/index.php\/wp-json\/wp\/v2\/pages"}],"about":[{"href":"https:\/\/home-by-ideesdeco.fr\/index.php\/wp-json\/wp\/v2\/types\/page"}],"author":[{"embeddable":true,"href":"https:\/\/home-by-ideesdeco.fr\/index.php\/wp-json\/wp\/v2\/users\/1"}],"replies":[{"embeddable":true,"href":"https:\/\/home-by-ideesdeco.fr\/index.php\/wp-json\/wp\/v2\/comments?post=1965"}],"version-history":[{"count":4,"href":"https:\/\/home-by-ideesdeco.fr\/index.php\/wp-json\/wp\/v2\/pages\/1965\/revisions"}],"predecessor-version":[{"id":3576,"href":"https:\/\/home-by-ideesdeco.fr\/index.php\/wp-json\/wp\/v2\/pages\/1965\/revisions\/3576"}],"wp:attachment":[{"href":"https:\/\/home-by-ideesdeco.fr\/index.php\/wp-json\/wp\/v2\/media?parent=1965"}],"curies":[{"name":"wp","href":"https:\/\/api.w.org\/{rel}","templated":true}]}}