{"id":1943,"date":"2024-05-23T16:12:37","date_gmt":"2024-05-23T14:12:37","guid":{"rendered":"https:\/\/home-by-ideesdeco.fr\/?page_id=1943"},"modified":"2026-04-17T19:33:55","modified_gmt":"2026-04-17T17:33:55","slug":"nouveaute-vernouillet-194-m2-5ch-combles-amenages","status":"publish","type":"page","link":"https:\/\/home-by-ideesdeco.fr\/index.php\/nouveaute-vernouillet-194-m2-5ch-combles-amenages\/","title":{"rendered":"Nouveaut\u00e9 &#8211; Vernouillet &#8211; 194 m2 &#8211; 5ch &#8211; combles am\u00e9nag\u00e9s"},"content":{"rendered":"\n<figure class=\"wp-block-image size-full\"><img loading=\"lazy\" decoding=\"async\" width=\"1024\" height=\"768\" src=\"https:\/\/home-by-ideesdeco.fr\/wp-content\/uploads\/2024\/05\/exclusivite-1024x768-3.jpg\" alt=\"\" class=\"wp-image-1944\" srcset=\"https:\/\/home-by-ideesdeco.fr\/wp-content\/uploads\/2024\/05\/exclusivite-1024x768-3.jpg 1024w, https:\/\/home-by-ideesdeco.fr\/wp-content\/uploads\/2024\/05\/exclusivite-1024x768-3-300x225.jpg 300w, https:\/\/home-by-ideesdeco.fr\/wp-content\/uploads\/2024\/05\/exclusivite-1024x768-3-768x576.jpg 768w, https:\/\/home-by-ideesdeco.fr\/wp-content\/uploads\/2024\/05\/exclusivite-1024x768-3-400x300.jpg 400w, https:\/\/home-by-ideesdeco.fr\/wp-content\/uploads\/2024\/05\/exclusivite-1024x768-3-800x600.jpg 800w\" sizes=\"auto, (max-width: 1024px) 100vw, 1024px\" \/><\/figure>\n\n\n\n<figure class=\"wp-block-image size-full\"><img loading=\"lazy\" decoding=\"async\" width=\"1024\" height=\"768\" src=\"https:\/\/home-by-ideesdeco.fr\/wp-content\/uploads\/2024\/05\/salon-2.jpg\" alt=\"\" class=\"wp-image-1945\" srcset=\"https:\/\/home-by-ideesdeco.fr\/wp-content\/uploads\/2024\/05\/salon-2.jpg 1024w, https:\/\/home-by-ideesdeco.fr\/wp-content\/uploads\/2024\/05\/salon-2-300x225.jpg 300w, https:\/\/home-by-ideesdeco.fr\/wp-content\/uploads\/2024\/05\/salon-2-768x576.jpg 768w, https:\/\/home-by-ideesdeco.fr\/wp-content\/uploads\/2024\/05\/salon-2-400x300.jpg 400w, https:\/\/home-by-ideesdeco.fr\/wp-content\/uploads\/2024\/05\/salon-2-800x600.jpg 800w\" sizes=\"auto, (max-width: 1024px) 100vw, 1024px\" \/><\/figure>\n\n\n\n<figure class=\"wp-block-image size-full\"><img loading=\"lazy\" decoding=\"async\" width=\"1024\" height=\"768\" src=\"https:\/\/home-by-ideesdeco.fr\/wp-content\/uploads\/2024\/05\/salon2-1.jpg\" alt=\"\" class=\"wp-image-1946\" srcset=\"https:\/\/home-by-ideesdeco.fr\/wp-content\/uploads\/2024\/05\/salon2-1.jpg 1024w, https:\/\/home-by-ideesdeco.fr\/wp-content\/uploads\/2024\/05\/salon2-1-300x225.jpg 300w, https:\/\/home-by-ideesdeco.fr\/wp-content\/uploads\/2024\/05\/salon2-1-768x576.jpg 768w, https:\/\/home-by-ideesdeco.fr\/wp-content\/uploads\/2024\/05\/salon2-1-400x300.jpg 400w, https:\/\/home-by-ideesdeco.fr\/wp-content\/uploads\/2024\/05\/salon2-1-800x600.jpg 800w\" sizes=\"auto, (max-width: 1024px) 100vw, 1024px\" \/><\/figure>\n\n\n\n<figure class=\"wp-block-image size-full\"><img loading=\"lazy\" decoding=\"async\" width=\"1024\" height=\"768\" src=\"https:\/\/home-by-ideesdeco.fr\/wp-content\/uploads\/2024\/05\/salon2-2.jpg\" alt=\"\" class=\"wp-image-1948\" srcset=\"https:\/\/home-by-ideesdeco.fr\/wp-content\/uploads\/2024\/05\/salon2-2.jpg 1024w, https:\/\/home-by-ideesdeco.fr\/wp-content\/uploads\/2024\/05\/salon2-2-300x225.jpg 300w, https:\/\/home-by-ideesdeco.fr\/wp-content\/uploads\/2024\/05\/salon2-2-768x576.jpg 768w, https:\/\/home-by-ideesdeco.fr\/wp-content\/uploads\/2024\/05\/salon2-2-400x300.jpg 400w, https:\/\/home-by-ideesdeco.fr\/wp-content\/uploads\/2024\/05\/salon2-2-800x600.jpg 800w\" sizes=\"auto, (max-width: 1024px) 100vw, 1024px\" \/><\/figure>\n\n\n\n<figure class=\"wp-block-image size-full\"><img loading=\"lazy\" decoding=\"async\" width=\"1024\" height=\"768\" src=\"https:\/\/home-by-ideesdeco.fr\/wp-content\/uploads\/2024\/05\/cuisine-1.jpg\" alt=\"\" class=\"wp-image-1949\" srcset=\"https:\/\/home-by-ideesdeco.fr\/wp-content\/uploads\/2024\/05\/cuisine-1.jpg 1024w, https:\/\/home-by-ideesdeco.fr\/wp-content\/uploads\/2024\/05\/cuisine-1-300x225.jpg 300w, https:\/\/home-by-ideesdeco.fr\/wp-content\/uploads\/2024\/05\/cuisine-1-768x576.jpg 768w, https:\/\/home-by-ideesdeco.fr\/wp-content\/uploads\/2024\/05\/cuisine-1-400x300.jpg 400w, https:\/\/home-by-ideesdeco.fr\/wp-content\/uploads\/2024\/05\/cuisine-1-800x600.jpg 800w\" sizes=\"auto, (max-width: 1024px) 100vw, 1024px\" \/><\/figure>\n\n\n\n<figure class=\"wp-block-image size-full\"><img loading=\"lazy\" decoding=\"async\" width=\"1024\" height=\"768\" src=\"https:\/\/home-by-ideesdeco.fr\/wp-content\/uploads\/2024\/05\/chambre-bas.jpg\" alt=\"\" class=\"wp-image-1950\" srcset=\"https:\/\/home-by-ideesdeco.fr\/wp-content\/uploads\/2024\/05\/chambre-bas.jpg 1024w, https:\/\/home-by-ideesdeco.fr\/wp-content\/uploads\/2024\/05\/chambre-bas-300x225.jpg 300w, https:\/\/home-by-ideesdeco.fr\/wp-content\/uploads\/2024\/05\/chambre-bas-768x576.jpg 768w, https:\/\/home-by-ideesdeco.fr\/wp-content\/uploads\/2024\/05\/chambre-bas-400x300.jpg 400w, https:\/\/home-by-ideesdeco.fr\/wp-content\/uploads\/2024\/05\/chambre-bas-800x600.jpg 800w\" sizes=\"auto, (max-width: 1024px) 100vw, 1024px\" \/><\/figure>\n\n\n\n<figure class=\"wp-block-image size-full\"><img loading=\"lazy\" decoding=\"async\" width=\"1024\" height=\"768\" src=\"https:\/\/home-by-ideesdeco.fr\/wp-content\/uploads\/2024\/05\/chambre1-1.jpg\" alt=\"\" class=\"wp-image-1951\" srcset=\"https:\/\/home-by-ideesdeco.fr\/wp-content\/uploads\/2024\/05\/chambre1-1.jpg 1024w, https:\/\/home-by-ideesdeco.fr\/wp-content\/uploads\/2024\/05\/chambre1-1-300x225.jpg 300w, https:\/\/home-by-ideesdeco.fr\/wp-content\/uploads\/2024\/05\/chambre1-1-768x576.jpg 768w, https:\/\/home-by-ideesdeco.fr\/wp-content\/uploads\/2024\/05\/chambre1-1-400x300.jpg 400w, https:\/\/home-by-ideesdeco.fr\/wp-content\/uploads\/2024\/05\/chambre1-1-800x600.jpg 800w\" sizes=\"auto, (max-width: 1024px) 100vw, 1024px\" \/><\/figure>\n\n\n\n<figure class=\"wp-block-image size-full\"><img loading=\"lazy\" decoding=\"async\" width=\"1024\" height=\"768\" src=\"https:\/\/home-by-ideesdeco.fr\/wp-content\/uploads\/2024\/05\/chambre2.jpg\" alt=\"\" class=\"wp-image-1952\" srcset=\"https:\/\/home-by-ideesdeco.fr\/wp-content\/uploads\/2024\/05\/chambre2.jpg 1024w, https:\/\/home-by-ideesdeco.fr\/wp-content\/uploads\/2024\/05\/chambre2-300x225.jpg 300w, https:\/\/home-by-ideesdeco.fr\/wp-content\/uploads\/2024\/05\/chambre2-768x576.jpg 768w, https:\/\/home-by-ideesdeco.fr\/wp-content\/uploads\/2024\/05\/chambre2-400x300.jpg 400w, https:\/\/home-by-ideesdeco.fr\/wp-content\/uploads\/2024\/05\/chambre2-800x600.jpg 800w\" sizes=\"auto, (max-width: 1024px) 100vw, 1024px\" \/><\/figure>\n\n\n\n<figure class=\"wp-block-image size-full\"><img loading=\"lazy\" decoding=\"async\" width=\"1024\" height=\"768\" src=\"https:\/\/home-by-ideesdeco.fr\/wp-content\/uploads\/2024\/05\/chambre3-1.jpg\" alt=\"\" class=\"wp-image-1953\" srcset=\"https:\/\/home-by-ideesdeco.fr\/wp-content\/uploads\/2024\/05\/chambre3-1.jpg 1024w, https:\/\/home-by-ideesdeco.fr\/wp-content\/uploads\/2024\/05\/chambre3-1-300x225.jpg 300w, https:\/\/home-by-ideesdeco.fr\/wp-content\/uploads\/2024\/05\/chambre3-1-768x576.jpg 768w, https:\/\/home-by-ideesdeco.fr\/wp-content\/uploads\/2024\/05\/chambre3-1-400x300.jpg 400w, https:\/\/home-by-ideesdeco.fr\/wp-content\/uploads\/2024\/05\/chambre3-1-800x600.jpg 800w\" sizes=\"auto, (max-width: 1024px) 100vw, 1024px\" \/><\/figure>\n\n\n\n<figure class=\"wp-block-image size-full\"><img loading=\"lazy\" decoding=\"async\" width=\"1024\" height=\"768\" src=\"https:\/\/home-by-ideesdeco.fr\/wp-content\/uploads\/2024\/05\/suite.jpg\" alt=\"\" class=\"wp-image-1954\" srcset=\"https:\/\/home-by-ideesdeco.fr\/wp-content\/uploads\/2024\/05\/suite.jpg 1024w, https:\/\/home-by-ideesdeco.fr\/wp-content\/uploads\/2024\/05\/suite-300x225.jpg 300w, https:\/\/home-by-ideesdeco.fr\/wp-content\/uploads\/2024\/05\/suite-768x576.jpg 768w, https:\/\/home-by-ideesdeco.fr\/wp-content\/uploads\/2024\/05\/suite-400x300.jpg 400w, https:\/\/home-by-ideesdeco.fr\/wp-content\/uploads\/2024\/05\/suite-800x600.jpg 800w\" sizes=\"auto, (max-width: 1024px) 100vw, 1024px\" \/><\/figure>\n\n\n\n<figure class=\"wp-block-image size-full\"><img loading=\"lazy\" decoding=\"async\" width=\"768\" height=\"1024\" src=\"https:\/\/home-by-ideesdeco.fr\/wp-content\/uploads\/2024\/05\/escalier.jpg\" alt=\"\" class=\"wp-image-1955\" srcset=\"https:\/\/home-by-ideesdeco.fr\/wp-content\/uploads\/2024\/05\/escalier.jpg 768w, https:\/\/home-by-ideesdeco.fr\/wp-content\/uploads\/2024\/05\/escalier-225x300.jpg 225w\" sizes=\"auto, (max-width: 768px) 100vw, 768px\" \/><\/figure>\n\n\n\n<figure class=\"wp-block-image size-full\"><img loading=\"lazy\" decoding=\"async\" width=\"1024\" height=\"768\" src=\"https:\/\/home-by-ideesdeco.fr\/wp-content\/uploads\/2024\/05\/combles.jpg\" alt=\"\" class=\"wp-image-1956\" srcset=\"https:\/\/home-by-ideesdeco.fr\/wp-content\/uploads\/2024\/05\/combles.jpg 1024w, https:\/\/home-by-ideesdeco.fr\/wp-content\/uploads\/2024\/05\/combles-300x225.jpg 300w, https:\/\/home-by-ideesdeco.fr\/wp-content\/uploads\/2024\/05\/combles-768x576.jpg 768w, https:\/\/home-by-ideesdeco.fr\/wp-content\/uploads\/2024\/05\/combles-400x300.jpg 400w, https:\/\/home-by-ideesdeco.fr\/wp-content\/uploads\/2024\/05\/combles-800x600.jpg 800w\" sizes=\"auto, (max-width: 1024px) 100vw, 1024px\" \/><\/figure>\n\n\n\n<figure class=\"wp-block-image size-full\"><img loading=\"lazy\" decoding=\"async\" width=\"1024\" height=\"768\" src=\"https:\/\/home-by-ideesdeco.fr\/wp-content\/uploads\/2024\/05\/combles1.jpg\" alt=\"\" class=\"wp-image-1957\" srcset=\"https:\/\/home-by-ideesdeco.fr\/wp-content\/uploads\/2024\/05\/combles1.jpg 1024w, https:\/\/home-by-ideesdeco.fr\/wp-content\/uploads\/2024\/05\/combles1-300x225.jpg 300w, https:\/\/home-by-ideesdeco.fr\/wp-content\/uploads\/2024\/05\/combles1-768x576.jpg 768w, https:\/\/home-by-ideesdeco.fr\/wp-content\/uploads\/2024\/05\/combles1-400x300.jpg 400w, https:\/\/home-by-ideesdeco.fr\/wp-content\/uploads\/2024\/05\/combles1-800x600.jpg 800w\" sizes=\"auto, (max-width: 1024px) 100vw, 1024px\" \/><\/figure>\n\n\n\n<p>8 pi\u00e8ces \/ 5 chambres \/ garage double \/ combles am\u00e9nag\u00e9s \/ terrain de 1100 m2 \/ Vernouillet \/ proche de toutes les commodit\u00e9s<br>Dans le Domaine de Marsinval, belle villa familiale de 194 m2, 8 pi\u00e8ces, 5 chambres.<br>Au calme, dans une impasse sur un tr\u00e9s beau terrain verdoyant de 1100 m2, la maison tr\u00e8s fonctionnelle dispose de :<br>3 niveaux, 5 chambres, (suite parentale de 28m2) dont une au RDC avec sa salle d&#8217;eau. 2 salles de bains. Combles am\u00e9nag\u00e9s pouvant servir de salle de jeu, bureau ou chambre.<br>Un Garage double (accessible depuis l&#8217;int\u00e9rieur de la maison) juxtapose une salle de chaudi\u00e8re\/lingerie. Cave \u00e0 vin.<\/p>\n\n\n\n<p>Situ\u00e9e \u00e0 proximit\u00e9 des \u00e9coles maternelle et primaire du domaine, vous pourrez aussi profiter de 2 terrains de tennis et d&#8217;une piscine r\u00e9serv\u00e9s aux habitants du domaine.<\/p>\n\n\n\n<p>Le domaine arbor\u00e9 et vallonn\u00e9 est proche des villes de Verneuil, Villennes, Orgeval et de l&#8217;A13\/A14. Les transports en commun desservent la gare de Verneuil\/vernouillet (25mn de Paris St Lazare) o\u00f9 sera le futur arr\u00eat du RER Eole en 2024, ainsi que les \u00e9coles et lyc\u00e9es de Verneuil, Poissy, Saint Germain en Laye.<\/p>\n\n\n\n<p>Id\u00e9al pour une famille avec enfants qui pourra profiter du bien vivre au sein d&#8217;un environnement tr\u00e8s qualitatif. 600 k\u20ac<\/p>\n\n\n\n<p><\/p>\n","protected":false},"excerpt":{"rendered":"<p>8 pi\u00e8ces \/ 5 chambres \/ garage double \/ combles am\u00e9nag\u00e9s \/ terrain de 1100 m2 \/ Vernouillet \/ proche de toutes les commodit\u00e9sDans le Domaine de Marsinval, belle villa [&hellip;]<\/p>\n","protected":false},"author":1,"featured_media":0,"parent":0,"menu_order":0,"comment_status":"closed","ping_status":"closed","template":"","meta":{"footnotes":""},"class_list":["post-1943","page","type-page","status-publish","hentry"],"_links":{"self":[{"href":"https:\/\/home-by-ideesdeco.fr\/index.php\/wp-json\/wp\/v2\/pages\/1943","targetHints":{"allow":["GET"]}}],"collection":[{"href":"https:\/\/home-by-ideesdeco.fr\/index.php\/wp-json\/wp\/v2\/pages"}],"about":[{"href":"https:\/\/home-by-ideesdeco.fr\/index.php\/wp-json\/wp\/v2\/types\/page"}],"author":[{"embeddable":true,"href":"https:\/\/home-by-ideesdeco.fr\/index.php\/wp-json\/wp\/v2\/users\/1"}],"replies":[{"embeddable":true,"href":"https:\/\/home-by-ideesdeco.fr\/index.php\/wp-json\/wp\/v2\/comments?post=1943"}],"version-history":[{"count":4,"href":"https:\/\/home-by-ideesdeco.fr\/index.php\/wp-json\/wp\/v2\/pages\/1943\/revisions"}],"predecessor-version":[{"id":3577,"href":"https:\/\/home-by-ideesdeco.fr\/index.php\/wp-json\/wp\/v2\/pages\/1943\/revisions\/3577"}],"wp:attachment":[{"href":"https:\/\/home-by-ideesdeco.fr\/index.php\/wp-json\/wp\/v2\/media?parent=1943"}],"curies":[{"name":"wp","href":"https:\/\/api.w.org\/{rel}","templated":true}]}}